{"id":118902,"date":"2019-12-24T13:40:42","date_gmt":"2019-12-24T12:40:42","guid":{"rendered":"https:\/\/trimakasi.eu\/?post_type=product&#038;p=118902"},"modified":"2025-07-10T22:12:19","modified_gmt":"2025-07-10T20:12:19","slug":"crisopraza","status":"publish","type":"product","link":"https:\/\/trimakasi.eu\/ro\/product\/chrysoprase\/","title":{"rendered":"Br\u0103\u021bara Crisopraz"},"content":{"rendered":"<h3>Crisopraza \u2013 propriet\u0103\u021bi<\/h3>\n<p>Crisoprazul este o piatr\u0103 vindec\u0103toare de un verde str\u0103lucitor, cunoscut\u0103 pentru energia sa \u00een\u0103l\u021b\u0103toare \u0219i efectul s\u0103u calmant. Se spune c\u0103 aduce bucurie, reduce anxietatea \u0219i ajut\u0103 \u00een cazuri de depresie, isterie \u0219i paranoia. Pe l\u00e2ng\u0103 beneficiile sale emo\u021bionale, crisoprazul are \u0219i propriet\u0103\u021bi puternice de detoxifiere \u0219i este considerat un talisman norocos, mai ales \u00een afaceri. Mul\u021bi oameni \u00eel folosesc \u0219i pentru a alunga co\u0219marurile \u0219i a promova un somn ad\u00e2nc \u0219i odihnitor.<\/p>\n<p>Numele de crisopraz\u0103 provine din cuvintele grece\u0219ti chrysos (\u201eaur\u201d) \u0219i prasinon (\u201everde\u201d). Datorit\u0103 con\u021binutului ridicat de nichel, culoarea sa variaz\u0103 de la verde ment\u0103 moale la verde m\u0103r intens \u0219i intens. Aceast\u0103 piatr\u0103 pre\u021bioas\u0103 rar\u0103 a fost pre\u021buit\u0103 \u00eenc\u0103 din Grecia antic\u0103 \u0219i Roma, unde a fost folosit\u0103 pe scar\u0103 larg\u0103 \u00een bijuterii \u0219i decora\u021biuni pentru templu.<\/p>\n<p>Crisoprazul se g\u0103se\u0219te \u00een principal \u00een Australia, Brazilia, Mun\u021bii Ural \u0219i SUA. Istoric, cea mai bogat\u0103 surs\u0103 a fost mina Frankenstein (Z\u0105bkowice) din Silezia Superioar\u0103, Polonia, dar \u00een prezent, Australia produce aproape 85% din cantitatea mondial\u0103. Crisoprazul extras \u00een Queensland este considerat printre cele mai bune din lume.<\/p>\n<p>Tara de origine: <strong>Australia<\/strong><\/p>\n<p>Element: <strong>P\u0103m\u00e2nt<\/strong><\/p>\n<p>Semne zodiacale: <strong>Fecioar\u0103, Scorpion, Rac, Pe\u0219ti, Capricorn, S\u0103get\u0103tor, Gemeni<\/p>\n<p><img loading=\"lazy\" decoding=\"async\" class=\"alignnone wp-image-72746\" src=\"https:\/\/trimakasi.cz\/wp-content\/uploads\/2018\/07\/\u010dakra4.jpg\" alt=\"Srde\u010dn\u00ed \u010dakra\" width=\"74\" height=\"87\" \/><u><\/u><\/strong><\/p>\n<p><a href=\"https:\/\/trimakasi.eu\/ro\/vlog\/\"><u>Vizita\u021bi blogul nostru video pentru a descoperi conexiunile dintre pietre pre\u021bioase, semne zodiacale, chakre \u0219i multe altele.<\/u><\/a><\/p>","protected":false},"excerpt":{"rendered":"<p>Crisopraza este o piatr\u0103 pre\u021bioas\u0103 verde rar\u0103 \u0219i vibrant\u0103, apreciat\u0103 pentru energia sa calmant\u0103 \u0219i efectele \u00een\u0103l\u021b\u0103toare. Fiind cea mai rar\u0103 varietate de calcedonie, este pre\u021buit pentru \u00eembun\u0103t\u0103\u021birea clarit\u0103\u021bii mentale, a compasiunii \u0219i a echilibrului emo\u021bional. Aceast\u0103 piatr\u0103 vindec\u0103toare unic\u0103 nu numai c\u0103 lini\u0219te\u0219te mintea, dar inspir\u0103 \u0219i cre\u0219terea personal\u0103 \u0219i armonia interioar\u0103. Afla\u021bi mai multe despre propriet\u0103\u021bile acestei pietre mai jos.<\/p>\n<p>Alege\u021bi br\u0103\u021bara dup\u0103 m\u0103rime \u0219i dup\u0103 culoarea ultimei m\u0103rgele.\u00a0<a href=\"https:\/\/trimakasi.eu\/ro\/cum-se-alege-marimea-bratarii\/\">Instruc\u021biunile despre cum s\u0103 alege\u021bi corect dimensiunea pot fi g\u0103site aici.<\/a><\/p>","protected":false},"featured_media":163236,"comment_status":"open","ping_status":"closed","template":"","meta":{"_acf_changed":false,"_themeisle_gutenberg_block_has_review":false},"product_brand":[],"product_cat":[1687,1064,554,1068,553],"product_tag":[],"class_list":{"0":"post-118902","1":"product","2":"type-product","3":"status-publish","4":"has-post-thumbnail","6":"product_cat-elastic-bracelets","7":"product_cat-mens-jewellery","8":"product_cat-natural-gemstone-bracelets","9":"product_cat-natural-gemstone-bracelets-for-men","10":"product_cat-womens-jewellery","12":"first","13":"instock","14":"taxable","15":"shipping-taxable","16":"purchasable","17":"product-type-variable","18":"has-default-attributes"},"acf":[],"_links":{"self":[{"href":"https:\/\/trimakasi.eu\/ro\/wp-json\/wp\/v2\/product\/118902","targetHints":{"allow":["GET"]}}],"collection":[{"href":"https:\/\/trimakasi.eu\/ro\/wp-json\/wp\/v2\/product"}],"about":[{"href":"https:\/\/trimakasi.eu\/ro\/wp-json\/wp\/v2\/types\/product"}],"replies":[{"embeddable":true,"href":"https:\/\/trimakasi.eu\/ro\/wp-json\/wp\/v2\/comments?post=118902"}],"wp:featuredmedia":[{"embeddable":true,"href":"https:\/\/trimakasi.eu\/ro\/wp-json\/wp\/v2\/media\/163236"}],"wp:attachment":[{"href":"https:\/\/trimakasi.eu\/ro\/wp-json\/wp\/v2\/media?parent=118902"}],"wp:term":[{"taxonomy":"product_brand","embeddable":true,"href":"https:\/\/trimakasi.eu\/ro\/wp-json\/wp\/v2\/product_brand?post=118902"},{"taxonomy":"product_cat","embeddable":true,"href":"https:\/\/trimakasi.eu\/ro\/wp-json\/wp\/v2\/product_cat?post=118902"},{"taxonomy":"product_tag","embeddable":true,"href":"https:\/\/trimakasi.eu\/ro\/wp-json\/wp\/v2\/product_tag?post=118902"}],"curies":[{"name":"wp","href":"https:\/\/api.w.org\/{rel}","templated":true}]}}