{"id":118212,"date":"2020-12-20T23:14:00","date_gmt":"2020-12-20T22:14:00","guid":{"rendered":"https:\/\/trimakasi.eu\/?post_type=product&#038;p=118212"},"modified":"2026-02-20T07:04:18","modified_gmt":"2026-02-20T06:04:18","slug":"albastru-fluorit","status":"publish","type":"product","link":"https:\/\/trimakasi.eu\/ro\/product\/blue-fluorite\/","title":{"rendered":"Br\u0103\u021bara Fluorit albastru"},"content":{"rendered":"<h3>Fluorit \u2013 propriet\u0103\u021bi<\/h3>\n<p>Numele acestei pietre vine de la cuv\u00e2ntul latin \u201efluere\u201d care \u00eenseamn\u0103 \u201ea curge\u201d. Propriet\u0103\u021bile fizice ale acestui mineral au dat numele \u0219i termenului de fluorescen\u021b\u0103 (reac\u021bie la razele UV).<\/p>\n<p>Fluoritul este una dintre cele mai populare pietre pre\u021bioase cristaline din lume care iube\u0219te at\u00e2t geologii pentru colorarea sa \u0219i structura cristalin\u0103 cubic\u0103 remarcabil\u0103, c\u00e2t \u0219i vindec\u0103torii alternativi pentru vibra\u021biile sale interne, care au o rezonan\u021b\u0103 puternic\u0103 cu mintea uman\u0103.<\/p>\n<p>Energia acestei pietre ne poate aduce pace \u0219i stabilitate, ajut\u00e2nd la formarea energiei haotice \u0219i \u00eempr\u0103\u0219tiate \u00eentr-o form\u0103 superioar\u0103 de coeren\u021b\u0103 \u0219i armonie. Fluoritul este o piatr\u0103 de sus\u021binere a g\u00e2ndirii, spiritualit\u0103\u021bii, concentr\u0103rii \u0219i echilibrului \u00een toate aspectele vie\u021bii. Se presupune c\u0103, de asemenea, stimuleaz\u0103 ambele emisfere cerebrale s\u0103 lucreze armonios \u00een echilibru, ceea ce se poate reflecta \u00een \u00eencurajarea creativit\u0103\u021bii \u0219i facilitarea rezolv\u0103rii logice a problemelor complexe.<\/p>\n<h3>Fluorit albastru \u2013 propriet\u0103\u021bi<\/h3>\n<p>Aduce ordine \u00een mintea haotic\u0103 \u0219i permite verbalizarea clar\u0103 a g\u00e2ndurilor. \u00cen plus, aceast\u0103 form\u0103 de fluorit cur\u0103\u021b\u0103, stabilizeaz\u0103 \u0219i protejeaz\u0103 aura \u0219i, de asemenea, stimuleaz\u0103 sinceritatea oamenilor \u0219i inspir\u0103 un sentiment de dreptate.<\/p>\n<p>Element: <strong>Ap\u0103<\/strong><\/p>\n<p>Semne zodiacale: <strong>Capricorn, Pe\u0219ti, V\u0103rs\u0103tor, Scorpion \u0219i Gemeni<\/strong><\/p>\n<p>Br\u0103\u021bara armonizeaz\u0103 chakra g\u00e2tului \u0219i chakra coroanei<br \/>\n<a href=\"https:\/\/trimakasi.eu\/wp-content\/uploads\/\u010dakra5.jpg\"><img loading=\"lazy\" decoding=\"async\" class=\"alignnone size-full wp-image-138515\" src=\"https:\/\/trimakasi.eu\/wp-content\/uploads\/\u010dakra5.jpg\" alt=\"Chakra g\u00e2tului\" width=\"81\" height=\"87\" srcset=\"https:\/\/trimakasi.eu\/wp-content\/uploads\/\u010dakra5.jpg 81w, https:\/\/trimakasi.eu\/wp-content\/uploads\/\u010dakra5-11x12.jpg 11w\" sizes=\"auto, (max-width: 81px) 100vw, 81px\" \/><\/a><img loading=\"lazy\" decoding=\"async\" class=\"alignnone wp-image-72749\" src=\"https:\/\/trimakasi.cz\/wp-content\/uploads\/2018\/07\/\u010dakra7.jpg\" alt=\"Korunn\u00ed \u010dakra\" width=\"73\" height=\"81\" \/><\/p>\n<p><a href=\"https:\/\/trimakasi.eu\/ro\/vlog\/\"><u>Vizita\u021bi blogul nostru video pentru a descoperi conexiunile dintre pietre pre\u021bioase, semne zodiacale, chakre \u0219i multe altele.<\/u><\/a><\/p>","protected":false},"excerpt":{"rendered":"<p>Fluoritul nostru albastru v\u0103 va c\u00e2\u0219tiga inima cu o culoare albastr\u0103 intens\u0103 \u0219i o transparen\u021b\u0103 relativ ridicat\u0103! Datorit\u0103 structurii sale, culorilor \u0219i propriet\u0103\u021bilor metafizice, aceast\u0103 piatr\u0103 semipre\u021bioas\u0103 este renumit\u0103 ca \u201epiatra geniilor\u201d \u0219i se claseaz\u0103 printre cele mai populare minerale ale lumii.<\/p>\n<p>Alege\u021bi o br\u0103\u021bar\u0103 dup\u0103 culoarea fluoritei, dup\u0103 dimensiunea br\u0103\u021b\u0103rii \u0219i dup\u0103 culoarea ultimei m\u0103rgele.\u00a0<a href=\"https:\/\/trimakasi.eu\/ro\/cum-se-alege-marimea-bratarii\/\">Instruc\u021biunile despre cum s\u0103 alege\u021bi corect dimensiunea pot fi g\u0103site aici.<\/a><\/p>","protected":false},"featured_media":118227,"comment_status":"open","ping_status":"closed","template":"","meta":{"_acf_changed":false,"_themeisle_gutenberg_block_has_review":false},"product_brand":[],"product_cat":[1687,1064,1068,554,553],"product_tag":[],"class_list":{"0":"post-118212","1":"product","2":"type-product","3":"status-publish","4":"has-post-thumbnail","6":"product_cat-elastic-bracelets","7":"product_cat-mens-jewellery","8":"product_cat-natural-gemstone-bracelets-for-men","9":"product_cat-natural-gemstone-bracelets","10":"product_cat-womens-jewellery","12":"first","13":"instock","14":"featured","15":"taxable","16":"shipping-taxable","17":"purchasable","18":"product-type-variable","19":"has-default-attributes"},"acf":[],"_links":{"self":[{"href":"https:\/\/trimakasi.eu\/ro\/wp-json\/wp\/v2\/product\/118212","targetHints":{"allow":["GET"]}}],"collection":[{"href":"https:\/\/trimakasi.eu\/ro\/wp-json\/wp\/v2\/product"}],"about":[{"href":"https:\/\/trimakasi.eu\/ro\/wp-json\/wp\/v2\/types\/product"}],"replies":[{"embeddable":true,"href":"https:\/\/trimakasi.eu\/ro\/wp-json\/wp\/v2\/comments?post=118212"}],"wp:featuredmedia":[{"embeddable":true,"href":"https:\/\/trimakasi.eu\/ro\/wp-json\/wp\/v2\/media\/118227"}],"wp:attachment":[{"href":"https:\/\/trimakasi.eu\/ro\/wp-json\/wp\/v2\/media?parent=118212"}],"wp:term":[{"taxonomy":"product_brand","embeddable":true,"href":"https:\/\/trimakasi.eu\/ro\/wp-json\/wp\/v2\/product_brand?post=118212"},{"taxonomy":"product_cat","embeddable":true,"href":"https:\/\/trimakasi.eu\/ro\/wp-json\/wp\/v2\/product_cat?post=118212"},{"taxonomy":"product_tag","embeddable":true,"href":"https:\/\/trimakasi.eu\/ro\/wp-json\/wp\/v2\/product_tag?post=118212"}],"curies":[{"name":"wp","href":"https:\/\/api.w.org\/{rel}","templated":true}]}}