{"id":83123,"date":"2021-07-08T22:45:39","date_gmt":"2021-07-08T20:45:39","guid":{"rendered":"https:\/\/trimakasi.eu\/product\/sungit-naramek\/"},"modified":"2026-01-21T23:12:35","modified_gmt":"2026-01-21T22:12:35","slug":"shungite","status":"publish","type":"product","link":"https:\/\/trimakasi.eu\/it\/product\/shungite\/","title":{"rendered":"Braccialetto di shungite"},"content":{"rendered":"<h3>Shungite \u2013 propriet\u00e0<\/h3>\n<p>La shungite \u00e8 una roccia misteriosa, nera, simile al carbone che viene tradizionalmente utilizzata per purificare l&#039;acqua, ma \u00e8 anche ampiamente utilizzata per scopi medici. Dissipa tutto ci\u00f2 che \u00e8 dannoso per l&#039;uomo, assorbe efficacemente le radiazioni elettromagnetiche e neutralizza le zone geopatogene. Fino ad oggi, gli scienziati speculano sull&#039;origine della Shungite: pu\u00f2 essere trovata solo in un punto del mondo, nella Carelia russa.<\/p>\n<p>Gli scienziati suppongono che a causa del suo contenuto di fullerene, la shungite abbia origine extraterrestre. I fullereni sono una delle pi\u00f9 grandi scoperte del ventesimo secolo, che \u00e8 stata addirittura insignita del premio Nobel. \u00c8 una quarta forma di carbonio recentemente scoperta (oltre al diamante, alla grafite e al grafene), che difficilmente si trova in natura nella sua forma naturale.<\/p>\n<p>Le possibilit\u00e0 di utilizzo curativo della shungite sono davvero ampie, ma \u00e8 apprezzata soprattutto per le sue capacit\u00e0 depurative. Recenti ricerche scientifiche hanno dimostrato che questa pietra nell&#039;acqua uccide tutta una serie di batteri e virus. Inoltre, la sua superficie probabilmente assorbe o decompone una serie di sostanze tossiche per il corpo umano. Secondo la leggenda, questo efetto della pietra fu scoperto nel 1709 durante la battaglia di Poltava tra russi e svedesi. Durante la calda estate di quell&#039;anno, tutte le risorse idriche disponibili furono contaminate e l&#039;intero esercito svedese, incluso il loro re, fu indebolito a causa di problemi digestivi. I russi, che a quel tempo stavano gi\u00e0 sperimentando le propriet\u00e0 purificanti della shungite, non hanno mostrato alcun problema di salute, e questo avrebbe contribuito alle loro vittorie finali.<\/p>\n<p>Elemento:\u00a0<strong>Terra<\/strong><\/p>\n<p>Paese d&#039;origine: <strong>Repubblica di Carelia, Federazione Russa<\/strong><\/p>\n<p class=\"tw-data-text tw-text-large XcVN5d tw-ta\" dir=\"ltr\" data-placeholder=\"P\u0159eklad\"><span lang=\"en\">Segni zodiacali:<strong> Gli effetti purificanti della shungite sono adatti ad ogni segno.<\/strong><\/span><\/p>\n<p>Questo braccialetto armonizza il chakra della radice<\/p>\n<p><img loading=\"lazy\" decoding=\"async\" class=\"alignnone size-full wp-image-72742\" src=\"https:\/\/trimakasi.cz\/wp-content\/uploads\/2018\/08\/\u010dakra1.jpg\" alt=\"Z\u00e1kladn\u00ed \u010dakra\" width=\"81\" height=\"88\" \/><u><\/u><\/p>\n<p><a href=\"https:\/\/trimakasi.eu\/it\/video-blog\/\"><u>Visita il nostro video blog per scoprire le connessioni tra pietre preziose, segni zodiacali, chakra e molto altro.<\/u><\/a><\/p>","protected":false},"excerpt":{"rendered":"<p>La shungite \u00e8 una pietra curativa con forti effetti purificanti. Grazie alla sua composizione unica, ha una serie di usi, come la purificazione dell&#039;acqua o la neutralizzazione di zone geopatogene. Scopri di pi\u00f9 sulle propriet\u00e0 di questa pietra di seguito.<\/p>\n<p>Scegli un braccialetto in base alle sue dimensioni e al colore dell&#039;ultima perla.\u00a0<a href=\"https:\/\/trimakasi.eu\/it\/come-scegliere-la-misura-del-braccialetto\/\">Le istruzioni su come determinare correttamente la taglia sono disponibili qui.<\/a><\/p>","protected":false},"featured_media":81090,"comment_status":"open","ping_status":"closed","template":"","meta":{"_acf_changed":false,"_themeisle_gutenberg_block_has_review":false},"product_brand":[],"product_cat":[1687,1064,1068,554,553],"product_tag":[],"class_list":{"0":"post-83123","1":"product","2":"type-product","3":"status-publish","4":"has-post-thumbnail","6":"product_cat-elastic-bracelets","7":"product_cat-mens-jewellery","8":"product_cat-natural-gemstone-bracelets-for-men","9":"product_cat-natural-gemstone-bracelets","10":"product_cat-womens-jewellery","12":"first","13":"instock","14":"taxable","15":"shipping-taxable","16":"purchasable","17":"product-type-variable","18":"has-default-attributes"},"acf":[],"_links":{"self":[{"href":"https:\/\/trimakasi.eu\/it\/wp-json\/wp\/v2\/product\/83123","targetHints":{"allow":["GET"]}}],"collection":[{"href":"https:\/\/trimakasi.eu\/it\/wp-json\/wp\/v2\/product"}],"about":[{"href":"https:\/\/trimakasi.eu\/it\/wp-json\/wp\/v2\/types\/product"}],"replies":[{"embeddable":true,"href":"https:\/\/trimakasi.eu\/it\/wp-json\/wp\/v2\/comments?post=83123"}],"wp:featuredmedia":[{"embeddable":true,"href":"https:\/\/trimakasi.eu\/it\/wp-json\/wp\/v2\/media\/81090"}],"wp:attachment":[{"href":"https:\/\/trimakasi.eu\/it\/wp-json\/wp\/v2\/media?parent=83123"}],"wp:term":[{"taxonomy":"product_brand","embeddable":true,"href":"https:\/\/trimakasi.eu\/it\/wp-json\/wp\/v2\/product_brand?post=83123"},{"taxonomy":"product_cat","embeddable":true,"href":"https:\/\/trimakasi.eu\/it\/wp-json\/wp\/v2\/product_cat?post=83123"},{"taxonomy":"product_tag","embeddable":true,"href":"https:\/\/trimakasi.eu\/it\/wp-json\/wp\/v2\/product_tag?post=83123"}],"curies":[{"name":"wp","href":"https:\/\/api.w.org\/{rel}","templated":true}]}}