{"id":83117,"date":"2022-11-08T22:45:39","date_gmt":"2022-11-08T21:45:39","guid":{"rendered":"https:\/\/trimakasi.eu\/product\/peridot-naramek\/"},"modified":"2025-09-04T13:07:33","modified_gmt":"2025-09-04T11:07:33","slug":"peridoto","status":"publish","type":"product","link":"https:\/\/trimakasi.eu\/it\/product\/peridot\/","title":{"rendered":"Bracciale peridoto"},"content":{"rendered":"<h3>Peridoto \u2013 propriet\u00e0<\/h3>\n<p>Peridot, una bellissima e rara gemma in tonalit\u00e0 verde oliva. Il peridoto, come il diamante, si forma nel nucleo fuso della terra ad alte temperature e pressioni. Alcuni peridoti hanno origine extraterrestre, possono essere trovati in meteoriti o comete, e persino tracce di Peridot sono state trovate sulla luna.<\/p>\n<p>Il peridoto era considerato da molte civilt\u00e0 un simbolo della primavera e del sole, ed era indossato per attirare fortuna e successo. Questa pietra era particolarmente apprezzata dai faraoni egizi, come \u201ccristallo del sole\u201d, per il suo colore verde-oro. Gli antichi romani lo chiamavano &quot;smeraldo della sera&quot; perch\u00e9, secondo loro, il colore di Peridot non si scuriva di notte, ma era ancora magnificamente visibile nel bagliore del fuoco ardente.<\/p>\n<p>Come pietra curativa viene spesso utilizzata dai guaritori Reiki per la sua capacit\u00e0 di trasferire o immagazzinare energia curativa. A livello mentale, Peridot affina la mente e la apre a nuovi livelli di coscienza. Questo minerale \u00e8 stato tradizionalmente utilizzato anche come pietra protettiva contro gli incubi e contro gli \u201corrori invisibili della notte\u201d.<\/p>\n<p>Elemento: <strong>Terra<\/strong><\/p>\n<p>Segni zodiacali: <strong>Pesci, Leone, Vergine, Bilancia<\/strong><\/p>\n<p>Questo braccialetto armonizza il chakra del cuore e il chakra del plesso solare<\/p>\n<p><img loading=\"lazy\" decoding=\"async\" class=\"alignnone wp-image-72745\" src=\"https:\/\/trimakasi.cz\/wp-content\/uploads\/2018\/07\/\u010dakra3.jpg\" alt=\"Plesso solare \u010dakra\" width=\"75\" height=\"83\" \/><img loading=\"lazy\" decoding=\"async\" class=\"alignnone wp-image-72746\" src=\"https:\/\/trimakasi.cz\/wp-content\/uploads\/2018\/07\/\u010dakra4.jpg\" alt=\"Srde\u010dn\u00ed \u010dakra\" width=\"74\" height=\"87\" \/><u><\/u><\/p>\n<p><a href=\"https:\/\/trimakasi.eu\/it\/video-blog\/\"><u>Visita il nostro video blog per scoprire le connessioni tra pietre preziose, segni zodiacali, chakra e molto altro.<\/u><\/a><\/p>","protected":false},"excerpt":{"rendered":"<p>Peridot \u00e8 un cristallo curativo = mentalmente stimolante e fisicamente rigenerante. Con la dimensione delle perline, il prezzo del braccialetto di peridoto aumenta in modo esponenziale: il nostro \u00e8 composto da perline con un diametro di ca. 5 millimetri! Scopri di pi\u00f9 sulle propriet\u00e0 di questa pietra di seguito.<\/p>\n<p>Scegli un braccialetto in base alle sue dimensioni e al colore dell&#039;ultima perla.\u00a0<a href=\"https:\/\/trimakasi.eu\/it\/come-scegliere-la-misura-del-braccialetto\/\">Le istruzioni su come determinare correttamente la taglia sono disponibili qui.<\/a><\/p>","protected":false},"featured_media":76184,"comment_status":"open","ping_status":"closed","template":"","meta":{"_acf_changed":false,"_themeisle_gutenberg_block_has_review":false},"product_brand":[],"product_cat":[1687,1064,554,1068,1316,553],"product_tag":[],"class_list":{"0":"post-83117","1":"product","2":"type-product","3":"status-publish","4":"has-post-thumbnail","6":"product_cat-elastic-bracelets","7":"product_cat-mens-jewellery","8":"product_cat-natural-gemstone-bracelets","9":"product_cat-natural-gemstone-bracelets-for-men","10":"product_cat-rare-gemstone-bracelets","11":"product_cat-womens-jewellery","13":"first","14":"instock","15":"taxable","16":"shipping-taxable","17":"purchasable","18":"product-type-variable","19":"has-default-attributes"},"acf":[],"_links":{"self":[{"href":"https:\/\/trimakasi.eu\/it\/wp-json\/wp\/v2\/product\/83117","targetHints":{"allow":["GET"]}}],"collection":[{"href":"https:\/\/trimakasi.eu\/it\/wp-json\/wp\/v2\/product"}],"about":[{"href":"https:\/\/trimakasi.eu\/it\/wp-json\/wp\/v2\/types\/product"}],"replies":[{"embeddable":true,"href":"https:\/\/trimakasi.eu\/it\/wp-json\/wp\/v2\/comments?post=83117"}],"wp:featuredmedia":[{"embeddable":true,"href":"https:\/\/trimakasi.eu\/it\/wp-json\/wp\/v2\/media\/76184"}],"wp:attachment":[{"href":"https:\/\/trimakasi.eu\/it\/wp-json\/wp\/v2\/media?parent=83117"}],"wp:term":[{"taxonomy":"product_brand","embeddable":true,"href":"https:\/\/trimakasi.eu\/it\/wp-json\/wp\/v2\/product_brand?post=83117"},{"taxonomy":"product_cat","embeddable":true,"href":"https:\/\/trimakasi.eu\/it\/wp-json\/wp\/v2\/product_cat?post=83117"},{"taxonomy":"product_tag","embeddable":true,"href":"https:\/\/trimakasi.eu\/it\/wp-json\/wp\/v2\/product_tag?post=83117"}],"curies":[{"name":"wp","href":"https:\/\/api.w.org\/{rel}","templated":true}]}}