{"id":83052,"date":"2020-07-08T22:45:39","date_gmt":"2020-07-08T20:45:39","guid":{"rendered":"https:\/\/trimakasi.eu\/product\/chryzantenum-naramek\/"},"modified":"2025-02-22T23:22:40","modified_gmt":"2025-02-22T22:22:40","slug":"crisantemo","status":"publish","type":"product","link":"https:\/\/trimakasi.eu\/it\/product\/chrysanthemum\/","title":{"rendered":"Bracciale crisantemo"},"content":{"rendered":"<h3>Gemma di crisantemo \u2013 propriet\u00e0<\/h3>\n<p>Questa gemma ha preso il nome dai suoi motivi che ricordano i fiori. Questi modelli sono realizzati infatti da coralli fossili e conchiglie. Il nome corretto di questa pietra \u00e8 \u201ccorallo agata\u201d o \u201ccorallo fossile agata\u201d. Il minerale si \u00e8 formato per un processo naturale durante il quale gusci di corallo morto preistorici si sono depositati sul fondo del mare in acque ricche di silicio e sono stati gradualmente sostituiti da agata, calcedonio o quarzo microcristallino per oltre 20 milioni di anni. Per questo motivo, i coralli fossili non devono essere confusi con i coralli di oggi provenienti da barriere coralline in via di estinzione. I coralli fossili sono anche molto pi\u00f9 pesanti e duri dei gusci di corallo delle attuali barriere coralline.<\/p>\n<p id=\"tw-target-text\" class=\"tw-data-text tw-ta tw-text-small\" dir=\"ltr\" data-placeholder=\"P\u0159eklad\">Queste perle possono presentarsi in vari modelli di colore, ma pi\u00f9 spesso in bianco, rosa, marrone, grigio o beige. Molti di questi fossili possono apparire esattamente come erano quando erano vivi, solo ora in forma fossilizzata.<\/p>\n<p class=\"tw-data-text tw-ta tw-text-small\" dir=\"ltr\" data-placeholder=\"P\u0159eklad\">Questa gemma \u00e8 considerata una pietra di armonia che pu\u00f2 incoraggiarti a rallentare e goderti i momenti presenti piuttosto che vivere in uno stress nevrotico. Simboleggia la libert\u00e0, la purezza e aiuta a trovare soddisfazione in un lavoro significativo.<\/p>\n<p>Paese d&#039;origine: <strong>Malaysia<\/strong><\/p>\n<p>Elemento: <strong>acqua<\/strong><\/p>\n<p>Segno zodiacale:<strong>Toro, Acquario, Gemelli, Scorpione<\/strong><\/p>\n<p>Il braccialetto armonizza il chakra del plesso solare, il chakra sacrale e il chakra del cuore<\/p>\n<p><img loading=\"lazy\" decoding=\"async\" class=\"alignnone wp-image-72745\" src=\"https:\/\/trimakasi.cz\/wp-content\/uploads\/2018\/07\/\u010dakra3.jpg\" alt=\"Plesso solare \u010dakra\" width=\"62\" height=\"68\" \/><img loading=\"lazy\" decoding=\"async\" class=\"alignnone wp-image-72744\" src=\"https:\/\/trimakasi.cz\/wp-content\/uploads\/2018\/07\/\u010dakra2.jpg\" alt=\"Sakr\u00e1ln\u00ed \u010dakra\" width=\"60\" height=\"77\" \/><img loading=\"lazy\" decoding=\"async\" class=\"alignnone wp-image-72746\" src=\"https:\/\/trimakasi.cz\/wp-content\/uploads\/2018\/07\/\u010dakra4.jpg\" alt=\"Srde\u010dn\u00ed \u010dakra\" width=\"66\" height=\"78\" \/><\/p>\n<p><a href=\"https:\/\/trimakasi.eu\/it\/video-blog\/\"><u>Visita il nostro video blog per scoprire le connessioni tra pietre preziose, segni zodiacali, chakra e molto altro.<\/u><\/a><\/p>","protected":false},"excerpt":{"rendered":"<p>Questo braccialetto \u00e8 realizzato in Crisantemo, una gemma con interessanti motivi che ricordano i fiori, che sono stati creati dalla pietrificazione di coralli e conchiglie durante un processo durato milioni di anni. Scopri di pi\u00f9 sulle propriet\u00e0 di questa pietra di seguito.<\/p>\n<p>Scegli un braccialetto in base alle sue dimensioni e al colore dell&#039;ultima perla.\u00a0<a href=\"https:\/\/trimakasi.eu\/it\/come-scegliere-la-misura-del-braccialetto\/\">Le istruzioni su come determinare correttamente la taglia sono disponibili qui.<\/a><\/p>","protected":false},"featured_media":80996,"comment_status":"open","ping_status":"closed","template":"","meta":{"_acf_changed":false,"_themeisle_gutenberg_block_has_review":false},"product_brand":[],"product_cat":[1687,1064,554,1068,553],"product_tag":[],"class_list":{"0":"post-83052","1":"product","2":"type-product","3":"status-publish","4":"has-post-thumbnail","6":"product_cat-elastic-bracelets","7":"product_cat-mens-jewellery","8":"product_cat-natural-gemstone-bracelets","9":"product_cat-natural-gemstone-bracelets-for-men","10":"product_cat-womens-jewellery","12":"first","13":"instock","14":"taxable","15":"shipping-taxable","16":"purchasable","17":"product-type-variable","18":"has-default-attributes"},"acf":[],"_links":{"self":[{"href":"https:\/\/trimakasi.eu\/it\/wp-json\/wp\/v2\/product\/83052","targetHints":{"allow":["GET"]}}],"collection":[{"href":"https:\/\/trimakasi.eu\/it\/wp-json\/wp\/v2\/product"}],"about":[{"href":"https:\/\/trimakasi.eu\/it\/wp-json\/wp\/v2\/types\/product"}],"replies":[{"embeddable":true,"href":"https:\/\/trimakasi.eu\/it\/wp-json\/wp\/v2\/comments?post=83052"}],"wp:featuredmedia":[{"embeddable":true,"href":"https:\/\/trimakasi.eu\/it\/wp-json\/wp\/v2\/media\/80996"}],"wp:attachment":[{"href":"https:\/\/trimakasi.eu\/it\/wp-json\/wp\/v2\/media?parent=83052"}],"wp:term":[{"taxonomy":"product_brand","embeddable":true,"href":"https:\/\/trimakasi.eu\/it\/wp-json\/wp\/v2\/product_brand?post=83052"},{"taxonomy":"product_cat","embeddable":true,"href":"https:\/\/trimakasi.eu\/it\/wp-json\/wp\/v2\/product_cat?post=83052"},{"taxonomy":"product_tag","embeddable":true,"href":"https:\/\/trimakasi.eu\/it\/wp-json\/wp\/v2\/product_tag?post=83052"}],"curies":[{"name":"wp","href":"https:\/\/api.w.org\/{rel}","templated":true}]}}