{"id":75870,"date":"2020-01-09T17:05:42","date_gmt":"2020-01-09T16:05:42","guid":{"rendered":"https:\/\/trimakasi.eu\/?post_type=product&#038;p=75870"},"modified":"2024-09-22T11:20:17","modified_gmt":"2024-09-22T09:20:17","slug":"collana-mezzaluna-argento","status":"publish","type":"product","link":"https:\/\/trimakasi.eu\/it\/product\/crescent-necklace-silver\/","title":{"rendered":"Collana mezzaluna - argento"},"content":{"rendered":"<h3>Collana mezzaluna<\/h3>\n<p>La collana a mezzaluna era nell&#039;antico Egitto un simbolo della dea Iside, la madre degli dei. Iside \u00e8 stata ritratta come la regina d&#039;Egitto, che controlla la magia ed \u00e8 la protettrice della maternit\u00e0, delle donne e dei guaritori. La mezzaluna rivolta verso il basso \u00e8 apparsa per la prima volta come un segno egiziano che letteralmente significa luna.<\/p>\n<p>Nella mitologia egizia, in generale, la luna porta l&#039;importanza della fertilit\u00e0, si credeva che il grano seminato durante la luna piena crescesse pi\u00f9 velocemente, o che le erbe raccolte durante la luna piena avessero effetti terapeutici pi\u00f9 forti. Gli egiziani credevano anche che a causa del potere fertile della luna, nuove pietre preziose e gemme apparissero nel deserto.<\/p>","protected":false},"excerpt":{"rendered":"<p>Elegante collana a mezzaluna, realizzata in acciaio inossidabile.<\/p>\n<p>Dimensione della luna: 2 cm. La larghezza della catena \u00e8 di 1 mm e la lunghezza della catena \u00e8 regolabile da 46 cm a 52 cm.<\/p>","protected":false},"featured_media":85311,"comment_status":"open","ping_status":"closed","template":"","meta":{"_acf_changed":false,"_themeisle_gutenberg_block_has_review":false},"product_brand":[],"product_cat":[569,1690,1149,553],"product_tag":[],"class_list":{"0":"post-75870","1":"product","2":"type-product","3":"status-publish","4":"has-post-thumbnail","6":"product_cat-minimalist-jewellery-for-women","7":"product_cat-necklaces","8":"product_cat-necklaces-for-women","9":"product_cat-womens-jewellery","11":"first","12":"instock","13":"taxable","14":"shipping-taxable","15":"purchasable","16":"product-type-simple"},"acf":[],"_links":{"self":[{"href":"https:\/\/trimakasi.eu\/it\/wp-json\/wp\/v2\/product\/75870","targetHints":{"allow":["GET"]}}],"collection":[{"href":"https:\/\/trimakasi.eu\/it\/wp-json\/wp\/v2\/product"}],"about":[{"href":"https:\/\/trimakasi.eu\/it\/wp-json\/wp\/v2\/types\/product"}],"replies":[{"embeddable":true,"href":"https:\/\/trimakasi.eu\/it\/wp-json\/wp\/v2\/comments?post=75870"}],"wp:featuredmedia":[{"embeddable":true,"href":"https:\/\/trimakasi.eu\/it\/wp-json\/wp\/v2\/media\/85311"}],"wp:attachment":[{"href":"https:\/\/trimakasi.eu\/it\/wp-json\/wp\/v2\/media?parent=75870"}],"wp:term":[{"taxonomy":"product_brand","embeddable":true,"href":"https:\/\/trimakasi.eu\/it\/wp-json\/wp\/v2\/product_brand?post=75870"},{"taxonomy":"product_cat","embeddable":true,"href":"https:\/\/trimakasi.eu\/it\/wp-json\/wp\/v2\/product_cat?post=75870"},{"taxonomy":"product_tag","embeddable":true,"href":"https:\/\/trimakasi.eu\/it\/wp-json\/wp\/v2\/product_tag?post=75870"}],"curies":[{"name":"wp","href":"https:\/\/api.w.org\/{rel}","templated":true}]}}