{"id":75844,"date":"2020-01-04T22:25:31","date_gmt":"2020-01-04T21:25:31","guid":{"rendered":"https:\/\/trimakasi.eu\/?post_type=product&#038;p=75844"},"modified":"2024-03-25T19:01:18","modified_gmt":"2024-03-25T18:01:18","slug":"bracciali-per-coppie-nero-bianco","status":"publish","type":"product","link":"https:\/\/trimakasi.eu\/it\/product\/bracelets-for-couples-black-white\/","title":{"rendered":"Bracciali per le coppie - Black &amp; White"},"content":{"rendered":"<h3 dir=\"ltr\" data-placeholder=\"P\u0159eklad\">Quarzo bianco<\/h3>\n<p dir=\"ltr\" data-placeholder=\"P\u0159eklad\">Il quarzo \u00e8 un minerale molto abbondante, che il pi\u00f9 delle volte si presenta di colore grigio chiaro o bianco e insieme ai feldspati \u00e8 il minerale pi\u00f9 diffuso nella crosta terrestre. Segnaliamo onestamente che il quarzo che utilizziamo ha un colore bianco brillante a causa della colorazione aggiuntiva che crea un bellissimo contrasto con altre perle.<\/p>\n<div>Elemento: <strong>Aria<\/strong><\/div>\n<div><\/div>\n<div>Segno zodiacale: <strong>Leone e Ariete<\/strong><\/div>\n<h3>Ossidiana nera<\/h3>\n<p><span lang=\"en\" tabindex=\"0\">L&#039;ossidiana \u00e8 una forma speciale di vetro naturale, che viene creato dal rapido raffreddamento della lava calda sulla superficie terrestre. \u00c8 stato utilizzato dall&#039;umanit\u00e0 sin dall&#039;et\u00e0 della pietra, quando i cacciatori costruivano le punte delle loro armi con le sue schegge affilate. Questa pietra era anche\u00a0<\/span><span lang=\"en\" tabindex=\"0\">apprezzato tra gli antichi Aztechi, che lo chiamavano &quot;Pietra di Dio&quot;. Il loro pugnale sacro, progettato per il loro famigerato rituale di eseguire sacrifici umani agli dei, era fatto di questa pietra.<\/span><\/p>\n<p>Elemento: <strong>Fuoco<\/strong><\/p>\n<p>Segno zodiacale:\u00a0<strong>Sagittario, Scorpione<\/strong><\/p>\n<div>\n<p><img loading=\"lazy\" decoding=\"async\" class=\"alignnone wp-image-72742 lazyloaded\" src=\"https:\/\/trimakasi.cz\/wp-content\/uploads\/2018\/08\/%C4%8Dakra1.jpg\" alt=\"Z\u00e1kladn\u00ed \u010dakra\" width=\"64\" height=\"70\" data-lazy-src=\"https:\/\/trimakasi.cz\/wp-content\/uploads\/2018\/08\/\u010dakra1.jpg\" data-was-processed=\"true\" \/><img loading=\"lazy\" decoding=\"async\" class=\"alignnone wp-image-72749 lazyloaded\" src=\"https:\/\/trimakasi.cz\/wp-content\/uploads\/2018\/07\/%C4%8Dakra7.jpg\" alt=\"Korunn\u00ed \u010dakra\" width=\"64\" height=\"71\" data-lazy-src=\"https:\/\/trimakasi.cz\/wp-content\/uploads\/2018\/07\/%C4%8Dakra7.jpg\" data-was-processed=\"true\" \/><img loading=\"lazy\" decoding=\"async\" class=\"alignnone wp-image-72746 lazyloaded\" src=\"https:\/\/trimakasi.cz\/wp-content\/uploads\/2018\/07\/%C4%8Dakra4.jpg\" alt=\"Srde\u010dn\u00ed \u010dakra\" width=\"63\" height=\"75\" data-lazy-src=\"https:\/\/trimakasi.cz\/wp-content\/uploads\/2018\/07\/%C4%8Dakra4.jpg\" data-was-processed=\"true\" \/><\/p>\n<p><a href=\"https:\/\/trimakasi.eu\/it\/video-blog\/\"><u>Visita il nostro video blog per scoprire le connessioni tra pietre preziose, segni zodiacali, chakra e molto altro.<\/u><\/a><\/p>\n<\/div>","protected":false},"excerpt":{"rendered":"<p>Due braccialetti per coppie: ossidiana nera e quarzo bianco. Simboleggia il tuo legame con i nostri braccialetti per coppie in bianco e nero. Perfetti per i partner, incarnano unit\u00e0 e contrasto, riflettendo la tua connessione unica.<\/p>\n<p>Scopri di pi\u00f9 sulle propriet\u00e0 di queste pietre di seguito.<\/p>\n<p>Scegli un braccialetto in base alle dimensioni dei tuoi polsi.\u00a0<a href=\"https:\/\/trimakasi.eu\/it\/come-scegliere-la-misura-del-braccialetto\/\">Le istruzioni su come determinare correttamente la taglia sono disponibili qui.<\/a><\/p>","protected":false},"featured_media":75851,"comment_status":"open","ping_status":"closed","template":"","meta":{"_acf_changed":false,"_themeisle_gutenberg_block_has_review":false},"product_brand":[],"product_cat":[1152,1064,553],"product_tag":[],"class_list":{"0":"post-75844","1":"product","2":"type-product","3":"status-publish","4":"has-post-thumbnail","6":"product_cat-couples-bracelets","7":"product_cat-mens-jewellery","8":"product_cat-womens-jewellery","10":"first","11":"instock","12":"taxable","13":"shipping-taxable","14":"purchasable","15":"product-type-variable","16":"has-default-attributes"},"acf":[],"_links":{"self":[{"href":"https:\/\/trimakasi.eu\/it\/wp-json\/wp\/v2\/product\/75844","targetHints":{"allow":["GET"]}}],"collection":[{"href":"https:\/\/trimakasi.eu\/it\/wp-json\/wp\/v2\/product"}],"about":[{"href":"https:\/\/trimakasi.eu\/it\/wp-json\/wp\/v2\/types\/product"}],"replies":[{"embeddable":true,"href":"https:\/\/trimakasi.eu\/it\/wp-json\/wp\/v2\/comments?post=75844"}],"wp:featuredmedia":[{"embeddable":true,"href":"https:\/\/trimakasi.eu\/it\/wp-json\/wp\/v2\/media\/75851"}],"wp:attachment":[{"href":"https:\/\/trimakasi.eu\/it\/wp-json\/wp\/v2\/media?parent=75844"}],"wp:term":[{"taxonomy":"product_brand","embeddable":true,"href":"https:\/\/trimakasi.eu\/it\/wp-json\/wp\/v2\/product_brand?post=75844"},{"taxonomy":"product_cat","embeddable":true,"href":"https:\/\/trimakasi.eu\/it\/wp-json\/wp\/v2\/product_cat?post=75844"},{"taxonomy":"product_tag","embeddable":true,"href":"https:\/\/trimakasi.eu\/it\/wp-json\/wp\/v2\/product_tag?post=75844"}],"curies":[{"name":"wp","href":"https:\/\/api.w.org\/{rel}","templated":true}]}}