{"id":75828,"date":"2022-07-04T17:30:01","date_gmt":"2022-07-04T15:30:01","guid":{"rendered":"https:\/\/trimakasi.eu\/?post_type=product&#038;p=75828"},"modified":"2024-03-25T18:18:44","modified_gmt":"2024-03-25T17:18:44","slug":"bracciali-per-coppie-sole-pietra","status":"publish","type":"product","link":"https:\/\/trimakasi.eu\/it\/product\/bracelets-for-couples-sun-stone\/","title":{"rendered":"Bracciali per coppie - Pietra del sole"},"content":{"rendered":"<h3>Pietra del sole<\/h3>\n<p>Le vibrazioni di questa gemma semipreziosa trasportano l&#039;energia forte e creativa del dio del sole egiziano chiamato Ra. Questa forte energia nelle persone rinnova la gioia di vivere, il buon umore e la positivit\u00e0.<\/p>\n<p>La pietra del sole \u00e8 un simbolo di leadership, carisma, libert\u00e0 e coscienza espansa. Pu\u00f2 portare luce nelle aree della nostra vita che richiedono attenzione. Questa pietra pu\u00f2 anche aiutare a dissipare la paura, lo stress e tutte le vibrazioni negative.<\/p>\n<p>Elemento:\u00a0<strong>Fuoco<\/strong><\/p>\n<p>Segno zodiacale:\u00a0<strong>Leone, Ariete, Bilancia, Capricorno<\/strong><\/p>\n<h3 dir=\"ltr\" data-placeholder=\"P\u0159eklad\">Quarzo bianco<\/h3>\n<p dir=\"ltr\" data-placeholder=\"P\u0159eklad\">Il quarzo \u00e8 un minerale molto abbondante, che il pi\u00f9 delle volte si presenta di colore grigio chiaro o bianco e insieme ai feldspati \u00e8 il minerale pi\u00f9 diffuso nella crosta terrestre. Segnaliamo onestamente che il quarzo che utilizziamo ha un colore bianco brillante a causa della colorazione aggiuntiva che crea un bellissimo contrasto con altre perle.<\/p>\n<div>Elemento: <strong>Aria<\/strong><\/div>\n<div><\/div>\n<div>Segno zodiacale:<strong> Leone e Ariete<\/strong><\/div>\n<h3><a href=\"https:\/\/trimakasi.eu\/it\/product\/black-matte-agate\/\">onice nero opaco<\/a><\/h3>\n<p>L&#039;onice nero ha la capacit\u00e0 di aumentare la forza di volont\u00e0 del suo proprietario e lo aiuta ad affrontare i problemi con coraggio. Ci aiuta a trovare soluzioni invece di trovare problemi e allontanare l&#039;idea di arrendersi.<\/p>\n<div>\n<div>\n<div>Elemento:<strong> Fuoco<\/strong><\/div>\n<div><\/div>\n<div>Segno zodiacale: <strong>Sagittario, Vergine, Gemelli, Scorpione, Pesci, Acquario, Capricorno, Cancro, Toro, Ariete<\/strong><\/div>\n<\/div>\n<p><img loading=\"lazy\" decoding=\"async\" class=\"alignnone wp-image-72742 lazyloaded\" src=\"https:\/\/trimakasi.cz\/wp-content\/uploads\/2018\/08\/%C4%8Dakra1.jpg\" alt=\"Z\u00e1kladn\u00ed \u010dakra\" width=\"64\" height=\"70\" data-lazy-src=\"https:\/\/trimakasi.cz\/wp-content\/uploads\/2018\/08\/\u010dakra1.jpg\" data-was-processed=\"true\" \/><img loading=\"lazy\" decoding=\"async\" class=\"alignnone wp-image-72745 lazyloaded\" src=\"https:\/\/trimakasi.cz\/wp-content\/uploads\/2018\/07\/%C4%8Dakra3.jpg\" alt=\"Plesso solare \u010dakra\" width=\"62\" height=\"68\" data-lazy-src=\"https:\/\/trimakasi.cz\/wp-content\/uploads\/2018\/07\/%C4%8Dakra3.jpg\" data-was-processed=\"true\" \/><img loading=\"lazy\" decoding=\"async\" class=\"alignnone wp-image-72744 lazyloaded\" src=\"https:\/\/trimakasi.cz\/wp-content\/uploads\/2018\/07\/%C4%8Dakra2.jpg\" alt=\"Sakr\u00e1ln\u00ed \u010dakra\" width=\"62\" height=\"79\" data-lazy-src=\"https:\/\/trimakasi.cz\/wp-content\/uploads\/2018\/07\/%C4%8Dakra2.jpg\" data-was-processed=\"true\" \/><img loading=\"lazy\" decoding=\"async\" class=\"alignnone wp-image-72749 lazyloaded\" src=\"https:\/\/trimakasi.cz\/wp-content\/uploads\/2018\/07\/%C4%8Dakra7.jpg\" alt=\"Korunn\u00ed \u010dakra\" width=\"64\" height=\"71\" data-lazy-src=\"https:\/\/trimakasi.cz\/wp-content\/uploads\/2018\/07\/%C4%8Dakra7.jpg\" data-was-processed=\"true\" \/><img loading=\"lazy\" decoding=\"async\" class=\"alignnone wp-image-72746 lazyloaded\" src=\"https:\/\/trimakasi.cz\/wp-content\/uploads\/2018\/07\/%C4%8Dakra4.jpg\" alt=\"Srde\u010dn\u00ed \u010dakra\" width=\"63\" height=\"75\" data-lazy-src=\"https:\/\/trimakasi.cz\/wp-content\/uploads\/2018\/07\/%C4%8Dakra4.jpg\" data-was-processed=\"true\" \/><\/p>\n<p><a href=\"https:\/\/trimakasi.eu\/it\/video-blog\/\"><u>Visita il nostro video blog per scoprire le connessioni tra pietre preziose, segni zodiacali, chakra e molto altro.<\/u><\/a><\/p>\n<\/div>","protected":false},"excerpt":{"rendered":"<p>Due bracciali da coppia \u2013 entrambi realizzati in pietra di sole \u2013 per uomo pietra di sole scuro e per donna pietra di sole classica. Il bracciale da donna include anche quarzo bianco e il bracciale da uomo include agata nera opaca. Scopri di pi\u00f9 sulle propriet\u00e0 di questa pietra di seguito.<\/p>\n<p>Scegli un braccialetto in base alle dimensioni dei tuoi polsi.\u00a0<a href=\"https:\/\/trimakasi.eu\/it\/come-scegliere-la-misura-del-braccialetto\/\">Le istruzioni su come determinare correttamente la taglia sono disponibili qui.<\/a><\/p>","protected":false},"featured_media":75835,"comment_status":"open","ping_status":"closed","template":"","meta":{"_acf_changed":false,"_themeisle_gutenberg_block_has_review":false},"product_brand":[],"product_cat":[1152,1064,553],"product_tag":[],"class_list":{"0":"post-75828","1":"product","2":"type-product","3":"status-publish","4":"has-post-thumbnail","6":"product_cat-couples-bracelets","7":"product_cat-mens-jewellery","8":"product_cat-womens-jewellery","10":"first","11":"instock","12":"taxable","13":"shipping-taxable","14":"purchasable","15":"product-type-variable","16":"has-default-attributes"},"acf":[],"_links":{"self":[{"href":"https:\/\/trimakasi.eu\/it\/wp-json\/wp\/v2\/product\/75828","targetHints":{"allow":["GET"]}}],"collection":[{"href":"https:\/\/trimakasi.eu\/it\/wp-json\/wp\/v2\/product"}],"about":[{"href":"https:\/\/trimakasi.eu\/it\/wp-json\/wp\/v2\/types\/product"}],"replies":[{"embeddable":true,"href":"https:\/\/trimakasi.eu\/it\/wp-json\/wp\/v2\/comments?post=75828"}],"wp:featuredmedia":[{"embeddable":true,"href":"https:\/\/trimakasi.eu\/it\/wp-json\/wp\/v2\/media\/75835"}],"wp:attachment":[{"href":"https:\/\/trimakasi.eu\/it\/wp-json\/wp\/v2\/media?parent=75828"}],"wp:term":[{"taxonomy":"product_brand","embeddable":true,"href":"https:\/\/trimakasi.eu\/it\/wp-json\/wp\/v2\/product_brand?post=75828"},{"taxonomy":"product_cat","embeddable":true,"href":"https:\/\/trimakasi.eu\/it\/wp-json\/wp\/v2\/product_cat?post=75828"},{"taxonomy":"product_tag","embeddable":true,"href":"https:\/\/trimakasi.eu\/it\/wp-json\/wp\/v2\/product_tag?post=75828"}],"curies":[{"name":"wp","href":"https:\/\/api.w.org\/{rel}","templated":true}]}}