{"id":75711,"date":"2019-12-15T15:35:02","date_gmt":"2019-12-15T14:35:02","guid":{"rendered":"https:\/\/trimakasi.eu\/?post_type=product&#038;p=75711"},"modified":"2025-03-04T10:49:32","modified_gmt":"2025-03-04T09:49:32","slug":"tormalina","status":"publish","type":"product","link":"https:\/\/trimakasi.eu\/it\/product\/tourmaline\/","title":{"rendered":"Bracciale tormalina arcobaleno"},"content":{"rendered":"<h3>Tormalina arcobaleno \u2013 propriet\u00e0<\/h3>\n<p>La tormalina \u00e8 un minerale tipico che proviene da alte temperature e pressioni nel nucleo terrestre e arriva in superficie per attivit\u00e0 vulcanica. Un&#039;antica leggenda egizia menziona quanto tempo la tormalina ha dovuto viaggiare dal centro della terra per raggiungere la sua superficie. \u00c8 anche scritto in questa leggenda che la tormalina ha attraversato l&#039;arcobaleno e quindi appare in molti colori. Questo non \u00e8 affatto lontano dalla verit\u00e0, perch\u00e9 questa gemma pu\u00f2 presentarsi in molti colori e sfumature.<\/p>\n<p>Una tormalina rosa chiamata Rubelit \u00e8 un cristallo eccezionale per purificare vecchie cicatrici sull&#039;anima che si sono accumulate nel tempo. Rilassa il senso di colpa, la depressione e l&#039;ansia.<\/p>\n<p>Le vibrazioni positive della tormalina nei toni del verde, Vendelit, danno vita alla gioia. Accende compassione, pazienza e sopprime la paura del cambiamento.<\/p>\n<p>La tormalina nera \u00e8 una pietra protettiva tradizionale che protegge dalla negativit\u00e0 e dalla paura in generale.<\/p>\n<p>Elemento: <strong>Acqua, Terra<\/strong><\/p>\n<p>Segni zodiacali: <strong>Capricorno, Gemelli, Scorpione e Bilancia<\/strong><\/p>\n<p>Questo braccialetto armonizza chakra della radice, chakra del cuore, chakra del terzo occhio, chakra della corona<\/p>\n<p><a href=\"https:\/\/trimakasi.eu\/wp-content\/uploads\/\u010dakra1.jpg\"><img loading=\"lazy\" decoding=\"async\" class=\"alignnone size-full wp-image-138513\" src=\"https:\/\/trimakasi.eu\/wp-content\/uploads\/\u010dakra1.jpg\" alt=\"Chakra della radice\" width=\"81\" height=\"88\" srcset=\"https:\/\/trimakasi.eu\/wp-content\/uploads\/\u010dakra1.jpg 81w, https:\/\/trimakasi.eu\/wp-content\/uploads\/\u010dakra1-11x12.jpg 11w\" sizes=\"auto, (max-width: 81px) 100vw, 81px\" \/><\/a><a href=\"https:\/\/trimakasi.eu\/wp-content\/uploads\/2020\/07\/\u010dakra4.jpg\"><img loading=\"lazy\" decoding=\"async\" class=\"alignnone size-full wp-image-83566\" src=\"https:\/\/trimakasi.eu\/wp-content\/uploads\/2020\/07\/\u010dakra4.jpg\" alt=\"Chakra del cuore\" width=\"79\" height=\"93\" srcset=\"https:\/\/trimakasi.eu\/wp-content\/uploads\/2020\/07\/\u010dakra4.jpg 79w, https:\/\/trimakasi.eu\/wp-content\/uploads\/2020\/07\/\u010dakra4-10x12.jpg 10w\" sizes=\"auto, (max-width: 79px) 100vw, 79px\" \/><\/a><a href=\"https:\/\/trimakasi.eu\/wp-content\/uploads\/\u010dakra6.jpg\"><img loading=\"lazy\" decoding=\"async\" class=\"alignnone size-full wp-image-138516\" src=\"https:\/\/trimakasi.eu\/wp-content\/uploads\/\u010dakra6.jpg\" alt=\"Chakra del terzo occhio\" width=\"103\" height=\"98\" srcset=\"https:\/\/trimakasi.eu\/wp-content\/uploads\/\u010dakra6.jpg 103w, https:\/\/trimakasi.eu\/wp-content\/uploads\/\u010dakra6-13x12.jpg 13w\" sizes=\"auto, (max-width: 103px) 100vw, 103px\" \/><\/a><a href=\"https:\/\/trimakasi.eu\/wp-content\/uploads\/crown-chakra.jpg\"><img loading=\"lazy\" decoding=\"async\" class=\"alignnone size-full wp-image-132743\" src=\"https:\/\/trimakasi.eu\/wp-content\/uploads\/crown-chakra.jpg\" alt=\"\" width=\"92\" height=\"102\" srcset=\"https:\/\/trimakasi.eu\/wp-content\/uploads\/crown-chakra.jpg 92w, https:\/\/trimakasi.eu\/wp-content\/uploads\/crown-chakra-11x12.jpg 11w\" sizes=\"auto, (max-width: 92px) 100vw, 92px\" \/><\/a><\/p>\n<p><a href=\"https:\/\/trimakasi.eu\/it\/video-blog\/\"><u>Visita il nostro video blog per scoprire le connessioni tra pietre preziose, segni zodiacali, chakra e molto altro.<\/u><\/a><\/p>","protected":false},"excerpt":{"rendered":"<p>La tormalina \u00e8 una gemma affascinante che si presenta in una straordinaria variet\u00e0 di colori e sfumature, ognuna con la propria energia unica. Che sia vivace o delicata, la sua bellezza incantevole sapr\u00e0 ispirarti e regalarti un sorriso! Scopri di pi\u00f9 sulle propriet\u00e0 di questa pietra qui sotto.<\/p>\n<p>Scegli un braccialetto in base alle sue dimensioni e al colore dell&#039;ultima perla.\u00a0<a href=\"https:\/\/trimakasi.eu\/it\/come-scegliere-la-misura-del-braccialetto\/\">Le istruzioni su come determinare correttamente la taglia sono disponibili qui.<\/a><\/p>","protected":false},"featured_media":75789,"comment_status":"open","ping_status":"closed","template":"","meta":{"_acf_changed":false,"_themeisle_gutenberg_block_has_review":false},"product_brand":[],"product_cat":[1687,554,553],"product_tag":[],"class_list":{"0":"post-75711","1":"product","2":"type-product","3":"status-publish","4":"has-post-thumbnail","6":"product_cat-elastic-bracelets","7":"product_cat-natural-gemstone-bracelets","8":"product_cat-womens-jewellery","10":"first","11":"instock","12":"taxable","13":"shipping-taxable","14":"purchasable","15":"product-type-variable","16":"has-default-attributes"},"acf":[],"_links":{"self":[{"href":"https:\/\/trimakasi.eu\/it\/wp-json\/wp\/v2\/product\/75711","targetHints":{"allow":["GET"]}}],"collection":[{"href":"https:\/\/trimakasi.eu\/it\/wp-json\/wp\/v2\/product"}],"about":[{"href":"https:\/\/trimakasi.eu\/it\/wp-json\/wp\/v2\/types\/product"}],"replies":[{"embeddable":true,"href":"https:\/\/trimakasi.eu\/it\/wp-json\/wp\/v2\/comments?post=75711"}],"wp:featuredmedia":[{"embeddable":true,"href":"https:\/\/trimakasi.eu\/it\/wp-json\/wp\/v2\/media\/75789"}],"wp:attachment":[{"href":"https:\/\/trimakasi.eu\/it\/wp-json\/wp\/v2\/media?parent=75711"}],"wp:term":[{"taxonomy":"product_brand","embeddable":true,"href":"https:\/\/trimakasi.eu\/it\/wp-json\/wp\/v2\/product_brand?post=75711"},{"taxonomy":"product_cat","embeddable":true,"href":"https:\/\/trimakasi.eu\/it\/wp-json\/wp\/v2\/product_cat?post=75711"},{"taxonomy":"product_tag","embeddable":true,"href":"https:\/\/trimakasi.eu\/it\/wp-json\/wp\/v2\/product_tag?post=75711"}],"curies":[{"name":"wp","href":"https:\/\/api.w.org\/{rel}","templated":true}]}}