{"id":75523,"date":"2021-05-17T13:41:16","date_gmt":"2021-05-17T11:41:16","guid":{"rendered":"https:\/\/trimakasi.eu\/?post_type=product&#038;p=75523"},"modified":"2025-11-21T13:03:08","modified_gmt":"2025-11-21T12:03:08","slug":"braccialetto-da-donna-lusst","status":"publish","type":"product","link":"https:\/\/trimakasi.eu\/it\/product\/lust-womens-bracelet\/","title":{"rendered":"Bracciale da donna Lust"},"content":{"rendered":"<h3>Acciaio inossidabile con rivestimento PVD in vero oro rosa<\/h3>\n<p>Grazie alla sua durezza e resistenza, l&#039;acciaio inossidabile \u00e8 un ottimo metallo per i gioielli.<\/p>\n<p>Il rivestimento PVD \u00e8 un&#039;ottima soluzione per i braccialetti grazie alla sua elevata resistenza all&#039;abrasione, alle anomalie di temperatura e alla corrosione.<\/p>\n<h3><a href=\"https:\/\/trimakasi.eu\/it\/product\/morganite\/\">Morganite<\/a><\/h3>\n<p>Morganite \u00e8 un membro della famiglia del berillo cos\u00ec come l&#039;acquamarina o lo smeraldo. \u00c8 molto apprezzato sul mercato per la sua durezza, brillantezza e, soprattutto, per la variet\u00e0 di sfumature rosa in cui si trova. Questo minerale ti dar\u00e0 un senso di pace e tranquillit\u00e0 nei giorni pi\u00f9 folli o frenetici. Purifica il corpo da stress, ansia, traumi nascosti o vecchie ferite dell&#039;anima e pu\u00f2 anche darti fiducia per raggiungere i tuoi sogni e obiettivi.<\/p>\n<h3><a href=\"https:\/\/trimakasi.eu\/it\/product\/agata-rosa-botswana\/\">Agata del Botswana<\/a><\/h3>\n<p>L&#039;agata del Botswana \u00e8 apprezzata oggi per la sua capacit\u00e0 di aiutarci a fare cambiamenti fondamentali nelle nostre vite e vedere soluzioni piuttosto che trovare problemi. Le agate generalmente promuovono la stabilit\u00e0 interna, la calma e la maturit\u00e0. Le loro piacevoli vibrazioni hanno propriet\u00e0 protettive che promuovono la fiducia in se stessi e un senso di sicurezza.<\/p>\n<h3><a href=\"https:\/\/trimakasi.eu\/it\/product\/pietra-solare\/\">Pietra del sole<\/a><\/h3>\n<p>Le vibrazioni di questa gemma semipreziosa trasportano l&#039;energia forte e creativa del dio del sole egiziano chiamato Ra. Questa forte energia nelle persone rinnova la gioia di vivere, il buon umore e la positivit\u00e0.<\/p>\n<p>La pietra del sole \u00e8 un simbolo di leadership, carisma, libert\u00e0 e coscienza espansa. Pu\u00f2 portare luce nelle aree della nostra vita che richiedono attenzione. Questa pietra pu\u00f2 anche aiutare a dissipare la paura, lo stress e tutte le vibrazioni negative.<\/p>\n<p>Elemento: <strong>Acqua, Fuoco<\/strong><\/p>\n<p>Segno zodiacale: <strong>Bilancia, Pesci, Toro, Cancro, Capricorno, Leone, Ariete, Gemelli, Scorpione, Acquario<\/strong><\/p>\n<p>Il braccialetto armonizza il chakra della radice, sacrale, del plesso solare e del cuore.<\/p>\n<p><img loading=\"lazy\" decoding=\"async\" class=\"lazyloaded\" src=\"https:\/\/trimakasi.cz\/wp-content\/uploads\/2018\/08\/%C4%8Dakra1.jpg\" alt=\"Z\u00e1kladn\u00ed \u010dakra\" width=\"74\" height=\"80\" data-lazy-src=\"https:\/\/trimakasi.cz\/wp-content\/uploads\/2018\/08\/%C4%8Dakra1.jpg\" data-was-processed=\"true\" \/><img loading=\"lazy\" decoding=\"async\" class=\"alignnone wp-image-72744 lazyloaded\" src=\"https:\/\/trimakasi.cz\/wp-content\/uploads\/2018\/07\/%C4%8Dakra2.jpg\" alt=\"Sakr\u00e1ln\u00ed \u010dakra\" width=\"67\" height=\"85\" data-lazy-src=\"https:\/\/trimakasi.cz\/wp-content\/uploads\/2018\/07\/\u010dakra2.jpg\" data-was-processed=\"true\" \/><img loading=\"lazy\" decoding=\"async\" class=\"lazyloaded\" src=\"https:\/\/trimakasi.cz\/wp-content\/uploads\/2018\/07\/%C4%8Dakra3.jpg\" alt=\"Plesso solare \u010dakra\" width=\"71\" height=\"79\" data-lazy-src=\"https:\/\/trimakasi.cz\/wp-content\/uploads\/2018\/07\/%C4%8Dakra3.jpg\" data-was-processed=\"true\" \/><img loading=\"lazy\" decoding=\"async\" class=\"alignnone wp-image-72746 lazyloaded\" src=\"https:\/\/trimakasi.cz\/wp-content\/uploads\/2018\/07\/%C4%8Dakra4.jpg\" alt=\"Srde\u010dn\u00ed \u010dakra\" width=\"74\" height=\"87\" data-lazy-src=\"https:\/\/trimakasi.cz\/wp-content\/uploads\/2018\/07\/\u010dakra4.jpg\" data-was-processed=\"true\" \/><\/p>\n<p><a href=\"https:\/\/trimakasi.eu\/it\/video-blog\/\"><u>Visita il nostro video blog per scoprire le connessioni tra pietre preziose, segni zodiacali, chakra e molto altro.<\/u><\/a><\/p>","protected":false},"excerpt":{"rendered":"<p>Una variet\u00e0 di sfumature tenui che vanno dal beige al rosa create da un&#039;insolita combinazione di morganite, pietra solare e agata rosa botswana. Acciaio inossidabile di alta qualit\u00e0 con rivestimento PVD oro molto resistente.<\/p>\n<p>Scegli un braccialetto in base alle dimensioni.\u00a0<a href=\"https:\/\/trimakasi.eu\/it\/come-scegliere-la-misura-del-braccialetto\/\">Le istruzioni su come determinare correttamente la taglia sono disponibili qui.<\/a>\u00a0Confezione regalo nera di lusso in omaggio!<\/p>","protected":false},"featured_media":75562,"comment_status":"open","ping_status":"closed","template":"","meta":{"_acf_changed":false,"_themeisle_gutenberg_block_has_review":false},"product_brand":[],"product_cat":[1687,568,553],"product_tag":[],"class_list":{"0":"post-75523","1":"product","2":"type-product","3":"status-publish","4":"has-post-thumbnail","6":"product_cat-elastic-bracelets","7":"product_cat-premium-bracelets-for-women","8":"product_cat-womens-jewellery","10":"first","11":"outofstock","12":"taxable","13":"shipping-taxable","14":"purchasable","15":"product-type-variable","16":"has-default-attributes"},"acf":[],"_links":{"self":[{"href":"https:\/\/trimakasi.eu\/it\/wp-json\/wp\/v2\/product\/75523","targetHints":{"allow":["GET"]}}],"collection":[{"href":"https:\/\/trimakasi.eu\/it\/wp-json\/wp\/v2\/product"}],"about":[{"href":"https:\/\/trimakasi.eu\/it\/wp-json\/wp\/v2\/types\/product"}],"replies":[{"embeddable":true,"href":"https:\/\/trimakasi.eu\/it\/wp-json\/wp\/v2\/comments?post=75523"}],"wp:featuredmedia":[{"embeddable":true,"href":"https:\/\/trimakasi.eu\/it\/wp-json\/wp\/v2\/media\/75562"}],"wp:attachment":[{"href":"https:\/\/trimakasi.eu\/it\/wp-json\/wp\/v2\/media?parent=75523"}],"wp:term":[{"taxonomy":"product_brand","embeddable":true,"href":"https:\/\/trimakasi.eu\/it\/wp-json\/wp\/v2\/product_brand?post=75523"},{"taxonomy":"product_cat","embeddable":true,"href":"https:\/\/trimakasi.eu\/it\/wp-json\/wp\/v2\/product_cat?post=75523"},{"taxonomy":"product_tag","embeddable":true,"href":"https:\/\/trimakasi.eu\/it\/wp-json\/wp\/v2\/product_tag?post=75523"}],"curies":[{"name":"wp","href":"https:\/\/api.w.org\/{rel}","templated":true}]}}