{"id":75436,"date":"2021-10-10T23:19:11","date_gmt":"2021-10-10T21:19:11","guid":{"rendered":"https:\/\/trimakasi.eu\/?post_type=product&#038;p=75436"},"modified":"2024-09-22T11:13:09","modified_gmt":"2024-09-22T09:13:09","slug":"collana-da-uomo-occhio-di-tigre-2","status":"publish","type":"product","link":"https:\/\/trimakasi.eu\/it\/product\/necklace-for-men-tigers-eye\/","title":{"rendered":"Collana da uomo in cristallo \u2013 Occhio di tigre"},"content":{"rendered":"<div class=\"video video-fit mb\" style=\"padding-top:56.25%;\"><p><iframe loading=\"lazy\" title=\"Collane di cristallo per uomo Trimakasi \/ N\u00e1hrdeln\u00edky pro mu\u017ee Trimakasi\" width=\"1020\" height=\"574\" src=\"https:\/\/www.youtube.com\/embed\/z70WqxmBk1E?feature=oembed\" frameborder=\"0\" allow=\"accelerometer; autoplay; clipboard-write; encrypted-media; gyroscope; picture-in-picture\" allowfullscreen><\/iframe><\/p>\n<\/div>\n<h3 class=\"LC20lb\">Occhio di tigre<\/h3>\n<p>Questo minerale, come un talismano, accompagna l&#039;umanit\u00e0 fin dai tempi antichi. Durante il boom dell&#039;impero egizio, fu usata agli occhi delle statue degli dei egizi, da cui questa pietra si guadagn\u00f2 il soprannome di &quot;l&#039;occhio onnisciente e onnisciente&quot;. L&#039;occhio di tigre nell&#039;antico Egitto esprimeva divinit\u00e0 e protezione attraverso la combinazione del potere della terra e del sole (Ra, il dio del sole e Geb, il dio della terra e il padre di tutti gli dei).<\/p>\n<p>I soldati romani indossavano un occhio di tigre nelle battaglie nella convinzione che avrebbe dato loro coraggio. Ci\u00f2 \u00e8 anche associato al fatto che questa pietra \u00e8 ancora considerata un gioiello da uomo che restituisce agli uomini l&#039;essenza di coraggiosi guerrieri. \u00c8 anche interessante che questa pietra fosse apprezzata pi\u00f9 dell&#039;oro nel XVI secolo tra le trib\u00f9 africane.<\/p>\n<p>La pietra ha la capacit\u00e0 di dissipare la negativit\u00e0 e il suo colore dorato attrae prosperit\u00e0, ricchezza e uno status sociale significativo. Rappresenta il sole e la tendenza associata a &quot;essere al centro dell&#039;attenzione&quot;. Le vibrazioni forti, radicate e positive di questa pietra sono buone per indurre il profondo stato di meditazione!<\/p>\n<p>Elemento: <strong>Terra, Fuoco<\/strong><\/p>\n<p>Segno zodiacale: <strong>Capricorno, Bilancia, Vergine, Leone, Gemelli, Ariete<\/strong><\/p>\n<p>Il braccialetto armonizza il chakra del plesso solare e il chakra della radice<\/p>\n<p><img loading=\"lazy\" decoding=\"async\" class=\"alignnone size-full wp-image-72745\" src=\"https:\/\/trimakasi.cz\/wp-content\/uploads\/2018\/07\/%C4%8Dakra3.jpg\" alt=\"\" width=\"77\" height=\"86\" \/><img loading=\"lazy\" decoding=\"async\" class=\"alignnone size-full wp-image-72742\" src=\"https:\/\/trimakasi.cz\/wp-content\/uploads\/2018\/08\/%C4%8Dakra1.jpg\" alt=\"Z\u00e1kladn\u00ed \u010dakra\" width=\"81\" height=\"88\" \/><\/p>\n<p><a href=\"https:\/\/trimakasi.eu\/it\/video-blog\/\"><u>Visita il nostro video blog per scoprire le connessioni tra pietre preziose, segni zodiacali, chakra e molto altro.<\/u><\/a><\/p>","protected":false},"excerpt":{"rendered":"<p>Sperimenta uno stile senza tempo con la nostra collana da uomo in cristallo occhio di tigre. Realizzata con un ciondolo esagonale di occhio di tigre naturale, questa collana non \u00e8 solo un accessorio; \u00e8 il tuo personale amuleto di prosperit\u00e0. Tiger&#039;s Eye \u00e8 noto per la sua accattivante danza di sfumature dal dorato al marrone miele che sembrano cambiare e luccicare sotto la luce - un fenomeno noto come chatoyancy. La sua lucentezza unica, che ricorda l&#039;occhio di un gatto, d\u00e0 il nome all&#039;occhio di tigre.<\/p>\n<p>Lunghezza della catena: 69 cm o 80 cm<\/p>\n<p>Colore e materiale della catena: Acciaio inossidabile con rivestimento PVD nero\u00a0<\/p>\n<p>Dimensioni pietra: ca. 3,5 cm x 1 cm<\/p>","protected":false},"featured_media":163069,"comment_status":"open","ping_status":"closed","template":"","meta":{"_acf_changed":false,"_themeisle_gutenberg_block_has_review":false},"product_brand":[],"product_cat":[1064,1150,1690],"product_tag":[],"class_list":{"0":"post-75436","1":"product","2":"type-product","3":"status-publish","4":"has-post-thumbnail","6":"product_cat-mens-jewellery","7":"product_cat-necklaces-for-men","8":"product_cat-necklaces","10":"first","11":"instock","12":"taxable","13":"shipping-taxable","14":"purchasable","15":"product-type-variable","16":"has-default-attributes"},"acf":[],"_links":{"self":[{"href":"https:\/\/trimakasi.eu\/it\/wp-json\/wp\/v2\/product\/75436","targetHints":{"allow":["GET"]}}],"collection":[{"href":"https:\/\/trimakasi.eu\/it\/wp-json\/wp\/v2\/product"}],"about":[{"href":"https:\/\/trimakasi.eu\/it\/wp-json\/wp\/v2\/types\/product"}],"replies":[{"embeddable":true,"href":"https:\/\/trimakasi.eu\/it\/wp-json\/wp\/v2\/comments?post=75436"}],"wp:featuredmedia":[{"embeddable":true,"href":"https:\/\/trimakasi.eu\/it\/wp-json\/wp\/v2\/media\/163069"}],"wp:attachment":[{"href":"https:\/\/trimakasi.eu\/it\/wp-json\/wp\/v2\/media?parent=75436"}],"wp:term":[{"taxonomy":"product_brand","embeddable":true,"href":"https:\/\/trimakasi.eu\/it\/wp-json\/wp\/v2\/product_brand?post=75436"},{"taxonomy":"product_cat","embeddable":true,"href":"https:\/\/trimakasi.eu\/it\/wp-json\/wp\/v2\/product_cat?post=75436"},{"taxonomy":"product_tag","embeddable":true,"href":"https:\/\/trimakasi.eu\/it\/wp-json\/wp\/v2\/product_tag?post=75436"}],"curies":[{"name":"wp","href":"https:\/\/api.w.org\/{rel}","templated":true}]}}