{"id":75186,"date":"2022-11-09T10:59:34","date_gmt":"2022-11-09T09:59:34","guid":{"rendered":"https:\/\/trimakasi.eu\/?post_type=product&#038;p=75186"},"modified":"2025-06-28T21:42:54","modified_gmt":"2025-06-28T19:42:54","slug":"bracciale-da-uomo-tempest","status":"publish","type":"product","link":"https:\/\/trimakasi.eu\/it\/product\/tempest-mens-bracelet\/","title":{"rendered":"Bracciale da uomo Tempest"},"content":{"rendered":"<h3>Acciaio inossidabile rivestito PVD nero<\/h3>\n<h3>Lapislazzuli<\/h3>\n<p>Questa misteriosa pietra blu profondo nella versione opaca \u00e8 a volte indicata come la &quot;Pietra dei maghi&quot;. \u00c8 un simbolo di verit\u00e0 e saggezza che aiuta ad armonizzare l&#039;ambiente circostante.<\/p>\n<h3>Pietra lavica<\/h3>\n<p>La pietra lavica \u00e8 anche soprannominata &quot;The Rebirth Stone&quot; perch\u00e9 ha la capacit\u00e0 di aiutare chi la indossa a liberarsi di emozioni inutili e malsane. La pietra lavica ci mantiene mentalmente stabili e ci aiuta ad abbassare la rabbia.<\/p>\n<p>Elemento: <strong>Acqua, Fuoco, Terra<\/strong><\/p>\n<p>Segni zodiacali: <strong>Ogni segno pu\u00f2 beneficiare dell&#039;effetto terra della pietra lavica<\/strong><\/p>\n<p>Il braccialetto armonizza il chakra della radice, il chakra della gola e il chakra del terzo occhio<\/p>\n<p><a href=\"https:\/\/trimakasi.eu\/wp-content\/uploads\/\u010dakra1.jpg\"><img loading=\"lazy\" decoding=\"async\" class=\"alignnone size-full wp-image-138513\" src=\"https:\/\/trimakasi.eu\/wp-content\/uploads\/\u010dakra1.jpg\" alt=\"Chakra della radice\" width=\"81\" height=\"88\" srcset=\"https:\/\/trimakasi.eu\/wp-content\/uploads\/\u010dakra1.jpg 81w, https:\/\/trimakasi.eu\/wp-content\/uploads\/\u010dakra1-11x12.jpg 11w\" sizes=\"auto, (max-width: 81px) 100vw, 81px\" \/><\/a><a href=\"https:\/\/trimakasi.eu\/wp-content\/uploads\/\u010dakra5.jpg\"><img loading=\"lazy\" decoding=\"async\" class=\"alignnone size-full wp-image-138515\" src=\"https:\/\/trimakasi.eu\/wp-content\/uploads\/\u010dakra5.jpg\" alt=\"Chakra della gola\" width=\"81\" height=\"87\" srcset=\"https:\/\/trimakasi.eu\/wp-content\/uploads\/\u010dakra5.jpg 81w, https:\/\/trimakasi.eu\/wp-content\/uploads\/\u010dakra5-11x12.jpg 11w\" sizes=\"auto, (max-width: 81px) 100vw, 81px\" \/><\/a><a href=\"https:\/\/trimakasi.eu\/wp-content\/uploads\/\u010dakra6.jpg\"><img loading=\"lazy\" decoding=\"async\" class=\"alignnone size-full wp-image-138516\" src=\"https:\/\/trimakasi.eu\/wp-content\/uploads\/\u010dakra6.jpg\" alt=\"Chakra del terzo occhio\" width=\"103\" height=\"98\" srcset=\"https:\/\/trimakasi.eu\/wp-content\/uploads\/\u010dakra6.jpg 103w, https:\/\/trimakasi.eu\/wp-content\/uploads\/\u010dakra6-13x12.jpg 13w\" sizes=\"auto, (max-width: 103px) 100vw, 103px\" \/><\/a><\/p>\n<p><a href=\"https:\/\/trimakasi.eu\/it\/video-blog\/\"><u>Visita il nostro video blog per scoprire le connessioni tra pietre preziose, segni zodiacali, chakra e molto altro.<\/u><\/a><\/p>","protected":false},"excerpt":{"rendered":"<p>Il bracciale Tempest unisce tre pietre preziose opache \u2013 onice nero, pietra lavica e lapislazzuli \u2013 ciascuna nota per le sue propriet\u00e0 radicanti ed energizzanti. Realizzato in acciaio inossidabile di alta qualit\u00e0 e rifinito con un resistente rivestimento in PVD nero, questo bracciale \u00e8 pensato per gli uomini che amano la forza discreta e uno stile senza tempo.<\/p>\n<p>Scegli un braccialetto in base alle dimensioni.\u00a0<a href=\"https:\/\/trimakasi.eu\/it\/come-scegliere-la-misura-del-braccialetto\/\">Le istruzioni su come determinare correttamente la taglia sono disponibili qui.<\/a>\u00a0Confezione regalo nera di lusso in omaggio!<\/p>","protected":false},"featured_media":75266,"comment_status":"open","ping_status":"closed","template":"","meta":{"_acf_changed":false,"_themeisle_gutenberg_block_has_review":false},"product_brand":[],"product_cat":[1687,1064,1067],"product_tag":[],"class_list":{"0":"post-75186","1":"product","2":"type-product","3":"status-publish","4":"has-post-thumbnail","6":"product_cat-elastic-bracelets","7":"product_cat-mens-jewellery","8":"product_cat-premium-bracelets-for-men","10":"first","11":"instock","12":"taxable","13":"shipping-taxable","14":"purchasable","15":"product-type-variable","16":"has-default-attributes"},"acf":[],"_links":{"self":[{"href":"https:\/\/trimakasi.eu\/it\/wp-json\/wp\/v2\/product\/75186","targetHints":{"allow":["GET"]}}],"collection":[{"href":"https:\/\/trimakasi.eu\/it\/wp-json\/wp\/v2\/product"}],"about":[{"href":"https:\/\/trimakasi.eu\/it\/wp-json\/wp\/v2\/types\/product"}],"replies":[{"embeddable":true,"href":"https:\/\/trimakasi.eu\/it\/wp-json\/wp\/v2\/comments?post=75186"}],"wp:featuredmedia":[{"embeddable":true,"href":"https:\/\/trimakasi.eu\/it\/wp-json\/wp\/v2\/media\/75266"}],"wp:attachment":[{"href":"https:\/\/trimakasi.eu\/it\/wp-json\/wp\/v2\/media?parent=75186"}],"wp:term":[{"taxonomy":"product_brand","embeddable":true,"href":"https:\/\/trimakasi.eu\/it\/wp-json\/wp\/v2\/product_brand?post=75186"},{"taxonomy":"product_cat","embeddable":true,"href":"https:\/\/trimakasi.eu\/it\/wp-json\/wp\/v2\/product_cat?post=75186"},{"taxonomy":"product_tag","embeddable":true,"href":"https:\/\/trimakasi.eu\/it\/wp-json\/wp\/v2\/product_tag?post=75186"}],"curies":[{"name":"wp","href":"https:\/\/api.w.org\/{rel}","templated":true}]}}