{"id":75170,"date":"2023-02-08T23:31:45","date_gmt":"2023-02-08T22:31:45","guid":{"rendered":"https:\/\/trimakasi.eu\/?post_type=product&#038;p=75170"},"modified":"2025-06-28T21:41:24","modified_gmt":"2025-06-28T19:41:24","slug":"bracciale-uomo-poltergeist","status":"publish","type":"product","link":"https:\/\/trimakasi.eu\/it\/product\/poltergeist-mens-bracelet\/","title":{"rendered":"Bracciale da uomo Poltergeist"},"content":{"rendered":"<h3>Acciaio inossidabile rivestito PVD nero<\/h3>\n<div>Grazie alla sua durezza e resistenza, l&#039;acciaio inossidabile \u00e8 un ottimo metallo per i gioielli.<\/div>\n<div>Il rivestimento PVD \u00e8 un&#039;ottima soluzione per i braccialetti grazie alla sua elevata resistenza all&#039;abrasione, alle anomalie di temperatura e alla corrosione.<\/div>\n<div>\n<h3><a href=\"https:\/\/trimakasi.eu\/it\/product\/pietra-lavica\/\">Pietra lavica<\/a><\/h3>\n<p>La pietra lavica \u00e8 anche soprannominata &quot;The Rebirth Stone&quot; perch\u00e9 ha la capacit\u00e0 di aiutare chi la indossa a liberarsi di emozioni inutili e malsane. La pietra lavica ci mantiene mentalmente stabili e ci aiuta ad abbassare la rabbia.<\/p>\n<h3><a href=\"https:\/\/trimakasi.eu\/it\/product\/granato-hesonite\/\">Hesonite granato<\/a><\/h3>\n<p>La Fire Hesonite \u00e8 una pura variet\u00e0 di granato che accende il coraggio, rafforza il carisma e la vitalit\u00e0 e aiuta anche a trovare il potere creativo nel profondo di s\u00e9. Il granato come pietra protettiva della salute esalta la vitalit\u00e0 e gli istinti essenziali di sopravvivenza.<\/p>\n<p>Elemento: <strong>Fuoco, Terra<\/strong><\/p>\n<p>Segno zodiacale:<strong> Grazie alla pietra lavica adatta ad ogni segno<\/strong><\/p>\n<p>Il braccialetto armonizza il chakra della radice e il chakra della corona<\/p>\n<p><a href=\"https:\/\/trimakasi.eu\/wp-content\/uploads\/\u010dakra1.jpg\"><img loading=\"lazy\" decoding=\"async\" class=\"alignnone size-full wp-image-138513\" src=\"https:\/\/trimakasi.eu\/wp-content\/uploads\/\u010dakra1.jpg\" alt=\"Chakra della radice\" width=\"81\" height=\"88\" srcset=\"https:\/\/trimakasi.eu\/wp-content\/uploads\/\u010dakra1.jpg 81w, https:\/\/trimakasi.eu\/wp-content\/uploads\/\u010dakra1-11x12.jpg 11w\" sizes=\"auto, (max-width: 81px) 100vw, 81px\" \/><\/a><a href=\"https:\/\/trimakasi.eu\/wp-content\/uploads\/crown-chakra.jpg\"><img loading=\"lazy\" decoding=\"async\" class=\"alignnone size-full wp-image-132743\" src=\"https:\/\/trimakasi.eu\/wp-content\/uploads\/crown-chakra.jpg\" alt=\"\" width=\"92\" height=\"102\" srcset=\"https:\/\/trimakasi.eu\/wp-content\/uploads\/crown-chakra.jpg 92w, https:\/\/trimakasi.eu\/wp-content\/uploads\/crown-chakra-11x12.jpg 11w\" sizes=\"auto, (max-width: 92px) 100vw, 92px\" \/><\/a><\/p>\n<p><a href=\"https:\/\/trimakasi.eu\/it\/video-blog\/\"><u>Visita il nostro video blog per scoprire le connessioni tra pietre preziose, segni zodiacali, chakra e molto altro.<\/u><\/a><\/p>\n<\/div>","protected":false},"excerpt":{"rendered":"<p id=\"tw-target-text\" class=\"tw-data-text tw-text-large tw-ta\" dir=\"ltr\" data-placeholder=\"P\u0159eklad\">Combinazione unica di granato hesonite, descritto come &quot;fuoco vivo&quot;, e pietra lavica con effetto di messa a terra. Ottimo accessorio non solo per incontri di lavoro ma anche per il tempo libero. Acciaio inossidabile di alta qualit\u00e0 con rivestimento PVD nero molto resistente.<\/p>\n<p>Scegli un braccialetto in base alle dimensioni.\u00a0<a href=\"https:\/\/trimakasi.eu\/it\/come-scegliere-la-misura-del-braccialetto\/\">Le istruzioni su come determinare correttamente la taglia sono disponibili qui.<\/a>\u00a0Confezione regalo nera di lusso in omaggio!<\/p>","protected":false},"featured_media":125015,"comment_status":"open","ping_status":"closed","template":"","meta":{"_acf_changed":false,"_themeisle_gutenberg_block_has_review":false},"product_brand":[],"product_cat":[1687,1064,1067],"product_tag":[],"class_list":{"0":"post-75170","1":"product","2":"type-product","3":"status-publish","4":"has-post-thumbnail","6":"product_cat-elastic-bracelets","7":"product_cat-mens-jewellery","8":"product_cat-premium-bracelets-for-men","10":"first","11":"instock","12":"taxable","13":"shipping-taxable","14":"purchasable","15":"product-type-variable","16":"has-default-attributes"},"acf":[],"_links":{"self":[{"href":"https:\/\/trimakasi.eu\/it\/wp-json\/wp\/v2\/product\/75170","targetHints":{"allow":["GET"]}}],"collection":[{"href":"https:\/\/trimakasi.eu\/it\/wp-json\/wp\/v2\/product"}],"about":[{"href":"https:\/\/trimakasi.eu\/it\/wp-json\/wp\/v2\/types\/product"}],"replies":[{"embeddable":true,"href":"https:\/\/trimakasi.eu\/it\/wp-json\/wp\/v2\/comments?post=75170"}],"wp:featuredmedia":[{"embeddable":true,"href":"https:\/\/trimakasi.eu\/it\/wp-json\/wp\/v2\/media\/125015"}],"wp:attachment":[{"href":"https:\/\/trimakasi.eu\/it\/wp-json\/wp\/v2\/media?parent=75170"}],"wp:term":[{"taxonomy":"product_brand","embeddable":true,"href":"https:\/\/trimakasi.eu\/it\/wp-json\/wp\/v2\/product_brand?post=75170"},{"taxonomy":"product_cat","embeddable":true,"href":"https:\/\/trimakasi.eu\/it\/wp-json\/wp\/v2\/product_cat?post=75170"},{"taxonomy":"product_tag","embeddable":true,"href":"https:\/\/trimakasi.eu\/it\/wp-json\/wp\/v2\/product_tag?post=75170"}],"curies":[{"name":"wp","href":"https:\/\/api.w.org\/{rel}","templated":true}]}}