{"id":75163,"date":"2023-10-08T23:19:14","date_gmt":"2023-10-08T21:19:14","guid":{"rendered":"https:\/\/trimakasi.eu\/?post_type=product&#038;p=75163"},"modified":"2026-03-08T16:19:13","modified_gmt":"2026-03-08T15:19:13","slug":"bracciale-da-uomo-havok","status":"publish","type":"product","link":"https:\/\/trimakasi.eu\/it\/product\/havok-mens-bracelet\/","title":{"rendered":"Bracciale da uomo Havok"},"content":{"rendered":"<h3>Acciaio inossidabile rivestito PVD nero<\/h3>\n<p>Grazie alla sua durezza e resistenza, l&#039;acciaio inossidabile \u00e8 un ottimo metallo per i gioielli.<br \/>\nIl rivestimento PVD \u00e8 un&#039;ottima soluzione per i braccialetti grazie alla sua elevata resistenza all&#039;abrasione, alle anomalie di temperatura e alla corrosione.<\/p>\n<h3><a href=\"https:\/\/trimakasi.eu\/it\/product\/black-matte-agate\/\">Onice nero opaco<\/a><\/h3>\n<p>L&#039;onice nero ha la capacit\u00e0 di aumentare la forza di volont\u00e0 del suo proprietario e lo aiuta ad affrontare i problemi con coraggio. Ci aiuta a trovare soluzioni invece di trovare problemi e allontanare l&#039;idea di arrendersi.<\/p>\n<h3 class=\"LC20lb\"><a href=\"https:\/\/trimakasi.eu\/it\/product\/trimakasi-bracelet-northern-light\/\">Labradorite<\/a><\/h3>\n<p>\u00c8 una pietra di sciamani, druidi, guaritori e tutti coloro che cercano una comprensione pi\u00f9 profonda di questo mondo e una conoscenza spirituale pi\u00f9 profonda. La labradorite accende il fuoco dell&#039;immaginazione creativa e calma la mente dalla paura e dall&#039;ansia.<\/p>\n<h3><a href=\"https:\/\/trimakasi.eu\/it\/product\/pietra-lavica\/\">Pietra lavica<\/a><\/h3>\n<p>La pietra lavica \u00e8 anche soprannominata &quot;The Rebirth Stone&quot; perch\u00e9 ha la capacit\u00e0 di aiutare chi la indossa a liberarsi di emozioni inutili e malsane. La pietra lavica ci mantiene mentalmente stabili e ci aiuta ad abbassare la rabbia.<\/p>\n<p>Elemento: <strong>Tutti gli elementi<\/strong><\/p>\n<p>Segni zodiacali: <strong>Ogni segno pu\u00f2 beneficiare dell&#039;effetto terra della pietra lavica<\/strong><\/p>\n<p>Il braccialetto armonizza tutti i chakra grazie alla labradorite.<\/p>\n<p><a href=\"https:\/\/trimakasi.eu\/it\/video-blog\/\"><u>Visita il nostro video blog per scoprire le connessioni tra pietre preziose, segni zodiacali, chakra e molto altro.<\/u><\/a><\/p>","protected":false},"excerpt":{"rendered":"<p>Scopri un trio di gemme opache: Black Onyx, Lava Stone e Labradorite, tutte elegantemente combinate in un unico pezzo. Realizzato con acciaio inossidabile di alta qualit\u00e0 e arricchito con un rivestimento PVD nero altamente resistente.<br \/>\nScegli un braccialetto in base alle dimensioni.\u00a0<a href=\"https:\/\/trimakasi.eu\/it\/come-scegliere-la-misura-del-braccialetto\/\">Le istruzioni su come determinare correttamente la taglia sono disponibili qui.<\/a>\u00a0Confezione regalo nera di lusso in omaggio!<\/p>","protected":false},"featured_media":75246,"comment_status":"open","ping_status":"closed","template":"","meta":{"_acf_changed":false,"_themeisle_gutenberg_block_has_review":false},"product_brand":[],"product_cat":[1714,1687,1064,1067],"product_tag":[],"class_list":{"0":"post-75163","1":"product","2":"type-product","3":"status-publish","4":"has-post-thumbnail","6":"product_cat-jewellery-discounts","7":"product_cat-elastic-bracelets","8":"product_cat-mens-jewellery","9":"product_cat-premium-bracelets-for-men","11":"first","12":"instock","13":"sale","14":"taxable","15":"shipping-taxable","16":"purchasable","17":"product-type-variable","18":"has-default-attributes"},"acf":[],"_links":{"self":[{"href":"https:\/\/trimakasi.eu\/it\/wp-json\/wp\/v2\/product\/75163","targetHints":{"allow":["GET"]}}],"collection":[{"href":"https:\/\/trimakasi.eu\/it\/wp-json\/wp\/v2\/product"}],"about":[{"href":"https:\/\/trimakasi.eu\/it\/wp-json\/wp\/v2\/types\/product"}],"replies":[{"embeddable":true,"href":"https:\/\/trimakasi.eu\/it\/wp-json\/wp\/v2\/comments?post=75163"}],"wp:featuredmedia":[{"embeddable":true,"href":"https:\/\/trimakasi.eu\/it\/wp-json\/wp\/v2\/media\/75246"}],"wp:attachment":[{"href":"https:\/\/trimakasi.eu\/it\/wp-json\/wp\/v2\/media?parent=75163"}],"wp:term":[{"taxonomy":"product_brand","embeddable":true,"href":"https:\/\/trimakasi.eu\/it\/wp-json\/wp\/v2\/product_brand?post=75163"},{"taxonomy":"product_cat","embeddable":true,"href":"https:\/\/trimakasi.eu\/it\/wp-json\/wp\/v2\/product_cat?post=75163"},{"taxonomy":"product_tag","embeddable":true,"href":"https:\/\/trimakasi.eu\/it\/wp-json\/wp\/v2\/product_tag?post=75163"}],"curies":[{"name":"wp","href":"https:\/\/api.w.org\/{rel}","templated":true}]}}