{"id":75142,"date":"2020-11-08T19:30:45","date_gmt":"2020-11-08T18:30:45","guid":{"rendered":"https:\/\/trimakasi.eu\/?post_type=product&#038;p=75142"},"modified":"2025-11-01T15:50:50","modified_gmt":"2025-11-01T14:50:50","slug":"bracciale-uomo-arcane","status":"publish","type":"product","link":"https:\/\/trimakasi.eu\/it\/product\/arcane-mens-bracelet\/","title":{"rendered":"Bracciale da uomo Arcane"},"content":{"rendered":"<h3>Acciaio inossidabile lucido<\/h3>\n<p>Grazie alla sua durezza e resistenza, l&#039;acciaio inossidabile \u00e8 un ottimo metallo per i gioielli.<\/p>\n<h3 class=\"LC20lb\">Occhio di falco<\/h3>\n<p>L&#039;occhio di falco \u00e8 simile all&#039;occhio di tigre, ma \u00e8 pi\u00f9 raro. Pu\u00f2 anche aiutare a guardare dietro le quinte nel tuo subconscio e vedere ci\u00f2 che non \u00e8 ovvio a prima vista.<\/p>\n<p>L&#039;Occhio di Falco protegge anche dagli incubi, dalle cattive intenzioni e, soprattutto, dalla gelosia. L&#039;energia dell&#039;occhio di falco ti aiuter\u00e0 ad eliminare la stanchezza e ad alleviare i sintomi della depressione. Questa pietra pu\u00f2 anche incoraggiarti a uscire dalla tua zona di comfort e ad aprire il tuo potenziale nascosto in abilit\u00e0 o talenti.<\/p>\n<p>Elemento: <strong>Terra, Aria<\/strong><\/p>\n<p>Segno zodiacale: <strong>Capricorno, Sagittario, Toro<\/strong><\/p>\n<p>Il braccialetto armonizza il chakra della gola e il chakra del terzo occhio:<\/p>\n<p><a href=\"https:\/\/trimakasi.eu\/wp-content\/uploads\/\u010dakra5.jpg\"><img loading=\"lazy\" decoding=\"async\" class=\"alignnone size-full wp-image-138515\" src=\"https:\/\/trimakasi.eu\/wp-content\/uploads\/\u010dakra5.jpg\" alt=\"Chakra della gola\" width=\"81\" height=\"87\" srcset=\"https:\/\/trimakasi.eu\/wp-content\/uploads\/\u010dakra5.jpg 81w, https:\/\/trimakasi.eu\/wp-content\/uploads\/\u010dakra5-11x12.jpg 11w\" sizes=\"auto, (max-width: 81px) 100vw, 81px\" \/><\/a><a href=\"https:\/\/trimakasi.eu\/wp-content\/uploads\/\u010dakra6.jpg\"><img loading=\"lazy\" decoding=\"async\" class=\"alignnone size-full wp-image-138516\" src=\"https:\/\/trimakasi.eu\/wp-content\/uploads\/\u010dakra6.jpg\" alt=\"Chakra del terzo occhio\" width=\"103\" height=\"98\" srcset=\"https:\/\/trimakasi.eu\/wp-content\/uploads\/\u010dakra6.jpg 103w, https:\/\/trimakasi.eu\/wp-content\/uploads\/\u010dakra6-13x12.jpg 13w\" sizes=\"auto, (max-width: 103px) 100vw, 103px\" \/><\/a><\/p>\n<p><a href=\"https:\/\/trimakasi.eu\/it\/video-blog\/\"><u>Visita il nostro video blog per scoprire le connessioni tra pietre preziose, segni zodiacali, chakra e molto altro.<\/u><\/a><\/p>","protected":false},"excerpt":{"rendered":"<p id=\"tw-target-text\" class=\"tw-data-text tw-text-large tw-ta\" dir=\"ltr\" data-placeholder=\"P\u0159eklad\">Pietra naturale occhio di falco con magici riflessi di colore blu intenso e acciaio inossidabile di alta qualit\u00e0. Una scelta ideale per chi cerca l&#039;originalit\u00e0.<\/p>\n<p>Scegli un braccialetto in base alle dimensioni.\u00a0<a href=\"https:\/\/trimakasi.eu\/it\/come-scegliere-la-misura-del-braccialetto\/\">Le istruzioni su come determinare correttamente la taglia sono disponibili qui.<\/a>\u00a0Confezione regalo nera di lusso in omaggio!<\/p>","protected":false},"featured_media":75271,"comment_status":"open","ping_status":"closed","template":"","meta":{"_acf_changed":false,"_themeisle_gutenberg_block_has_review":false},"product_brand":[],"product_cat":[1687,1064,1067],"product_tag":[],"class_list":{"0":"post-75142","1":"product","2":"type-product","3":"status-publish","4":"has-post-thumbnail","6":"product_cat-elastic-bracelets","7":"product_cat-mens-jewellery","8":"product_cat-premium-bracelets-for-men","10":"first","11":"instock","12":"taxable","13":"shipping-taxable","14":"purchasable","15":"product-type-variable","16":"has-default-attributes"},"acf":[],"_links":{"self":[{"href":"https:\/\/trimakasi.eu\/it\/wp-json\/wp\/v2\/product\/75142","targetHints":{"allow":["GET"]}}],"collection":[{"href":"https:\/\/trimakasi.eu\/it\/wp-json\/wp\/v2\/product"}],"about":[{"href":"https:\/\/trimakasi.eu\/it\/wp-json\/wp\/v2\/types\/product"}],"replies":[{"embeddable":true,"href":"https:\/\/trimakasi.eu\/it\/wp-json\/wp\/v2\/comments?post=75142"}],"wp:featuredmedia":[{"embeddable":true,"href":"https:\/\/trimakasi.eu\/it\/wp-json\/wp\/v2\/media\/75271"}],"wp:attachment":[{"href":"https:\/\/trimakasi.eu\/it\/wp-json\/wp\/v2\/media?parent=75142"}],"wp:term":[{"taxonomy":"product_brand","embeddable":true,"href":"https:\/\/trimakasi.eu\/it\/wp-json\/wp\/v2\/product_brand?post=75142"},{"taxonomy":"product_cat","embeddable":true,"href":"https:\/\/trimakasi.eu\/it\/wp-json\/wp\/v2\/product_cat?post=75142"},{"taxonomy":"product_tag","embeddable":true,"href":"https:\/\/trimakasi.eu\/it\/wp-json\/wp\/v2\/product_tag?post=75142"}],"curies":[{"name":"wp","href":"https:\/\/api.w.org\/{rel}","templated":true}]}}