{"id":75044,"date":"2019-11-05T20:00:34","date_gmt":"2019-11-05T19:00:34","guid":{"rendered":"https:\/\/trimakasi.eu\/?post_type=product&#038;p=75044"},"modified":"2025-02-25T18:21:52","modified_gmt":"2025-02-25T17:21:52","slug":"serpentinite","status":"publish","type":"product","link":"https:\/\/trimakasi.eu\/it\/product\/serpentinite\/","title":{"rendered":"Bracciale Serpentinite"},"content":{"rendered":"<h3>Serpentinite \u2013 propriet\u00e0<\/h3>\n<p>La serpentinite prende il nome dalla sua somiglianza con la pelle di serpente, che ricorda le sue scaglie verdi. Le antiche civilt\u00e0 d&#039;America credevano che la serpentinite fosse il guardiano dell&#039;energia vitale umana e il guardiano dell&#039;anima contro le forze invisibili. Gli antichi romani lo indossavano come protezione contro la magia.<\/p>\n<p>Nel Medioevo questo minerale era conosciuto come la &quot;Pietra dei Guaritori&quot;. Era usato per realizzare varie ciotole e contenitori in cui venivano conservate medicine (come miscele di erbe), credendo che questa pietra amplificasse i loro effetti curativi con le sue vibrazioni. Questo minerale serviva anche come protezione contro i morsi di serpente e si credeva che potesse aiutare a curare qualsiasi avvelenamento.<\/p>\n<p>La serpentinite emette una vibrazione naturalmente calmante che pu\u00f2 aiutare a risvegliare la Kundalini, un&#039;energia di base chiamata anche &quot;Forza del Serpente&quot;, &quot;Chi&quot; o &quot;Prana&quot;, che scorre lungo la spina dorsale umana. Il minerale aiuta ad aprire la strada per la Kundalini e aiuta anche il corpo e la coscienza ad abituarsi a questa energia. Questa pietra pu\u00f2 anche aumentare la felicit\u00e0 e pu\u00f2 aiutare le persone a raggiungere il proprio lavoro e gli obiettivi personali.<\/p>\n<p>Elemento: <strong>Terra<\/strong><\/p>\n<p>Segno zodiacale: <strong>Gemelli, Scorpione, Bilancia<\/strong><\/p>\n<p>Il braccialetto armonizza il chakra della radice e il chakra del cuore<\/p>\n<p><a href=\"https:\/\/trimakasi.eu\/wp-content\/uploads\/\u010dakra1.jpg\"><img loading=\"lazy\" decoding=\"async\" class=\"alignnone size-full wp-image-138513\" src=\"https:\/\/trimakasi.eu\/wp-content\/uploads\/\u010dakra1.jpg\" alt=\"Chakra della radice\" width=\"81\" height=\"88\" srcset=\"https:\/\/trimakasi.eu\/wp-content\/uploads\/\u010dakra1.jpg 81w, https:\/\/trimakasi.eu\/wp-content\/uploads\/\u010dakra1-11x12.jpg 11w\" sizes=\"auto, (max-width: 81px) 100vw, 81px\" \/><\/a><a href=\"https:\/\/trimakasi.eu\/wp-content\/uploads\/2020\/07\/\u010dakra4.jpg\"><img loading=\"lazy\" decoding=\"async\" class=\"alignnone size-full wp-image-83566\" src=\"https:\/\/trimakasi.eu\/wp-content\/uploads\/2020\/07\/\u010dakra4.jpg\" alt=\"Chakra del cuore\" width=\"79\" height=\"93\" srcset=\"https:\/\/trimakasi.eu\/wp-content\/uploads\/2020\/07\/\u010dakra4.jpg 79w, https:\/\/trimakasi.eu\/wp-content\/uploads\/2020\/07\/\u010dakra4-10x12.jpg 10w\" sizes=\"auto, (max-width: 79px) 100vw, 79px\" \/><\/a><\/p>\n<p><a href=\"https:\/\/trimakasi.eu\/it\/video-blog\/\"><u>Visita il nostro video blog per scoprire le connessioni tra pietre preziose, segni zodiacali, chakra e molto altro.<\/u><\/a><\/p>","protected":false},"excerpt":{"rendered":"<p id=\"tw-target-text\" class=\"tw-data-text tw-text-large tw-ta\" dir=\"ltr\" data-placeholder=\"P\u0159eklad\"><span lang=\"en\" tabindex=\"0\">Questo braccialetto \u00e8 realizzato in serpentinite, un minerale curativo il cui aspetto ricorda le squame di un serpente.\u00a0<\/span>Scopri di pi\u00f9 sulle propriet\u00e0 di questa pietra di seguito.<\/p>\n<p>Scegli un braccialetto in base alle sue dimensioni e al colore dell&#039;ultima perla.\u00a0<a href=\"https:\/\/trimakasi.eu\/it\/come-scegliere-la-misura-del-braccialetto\/\">Le istruzioni su come determinare correttamente la taglia sono disponibili qui.<\/a><\/p>","protected":false},"featured_media":104948,"comment_status":"open","ping_status":"closed","template":"","meta":{"_acf_changed":false,"_themeisle_gutenberg_block_has_review":false},"product_brand":[],"product_cat":[1687,1064,554,1068,553],"product_tag":[],"class_list":{"0":"post-75044","1":"product","2":"type-product","3":"status-publish","4":"has-post-thumbnail","6":"product_cat-elastic-bracelets","7":"product_cat-mens-jewellery","8":"product_cat-natural-gemstone-bracelets","9":"product_cat-natural-gemstone-bracelets-for-men","10":"product_cat-womens-jewellery","12":"first","13":"instock","14":"taxable","15":"shipping-taxable","16":"purchasable","17":"product-type-variable","18":"has-default-attributes"},"acf":[],"_links":{"self":[{"href":"https:\/\/trimakasi.eu\/it\/wp-json\/wp\/v2\/product\/75044","targetHints":{"allow":["GET"]}}],"collection":[{"href":"https:\/\/trimakasi.eu\/it\/wp-json\/wp\/v2\/product"}],"about":[{"href":"https:\/\/trimakasi.eu\/it\/wp-json\/wp\/v2\/types\/product"}],"replies":[{"embeddable":true,"href":"https:\/\/trimakasi.eu\/it\/wp-json\/wp\/v2\/comments?post=75044"}],"wp:featuredmedia":[{"embeddable":true,"href":"https:\/\/trimakasi.eu\/it\/wp-json\/wp\/v2\/media\/104948"}],"wp:attachment":[{"href":"https:\/\/trimakasi.eu\/it\/wp-json\/wp\/v2\/media?parent=75044"}],"wp:term":[{"taxonomy":"product_brand","embeddable":true,"href":"https:\/\/trimakasi.eu\/it\/wp-json\/wp\/v2\/product_brand?post=75044"},{"taxonomy":"product_cat","embeddable":true,"href":"https:\/\/trimakasi.eu\/it\/wp-json\/wp\/v2\/product_cat?post=75044"},{"taxonomy":"product_tag","embeddable":true,"href":"https:\/\/trimakasi.eu\/it\/wp-json\/wp\/v2\/product_tag?post=75044"}],"curies":[{"name":"wp","href":"https:\/\/api.w.org\/{rel}","templated":true}]}}