{"id":75036,"date":"2019-11-05T19:45:41","date_gmt":"2019-11-05T18:45:41","guid":{"rendered":"https:\/\/trimakasi.eu\/?post_type=product&#038;p=75036"},"modified":"2025-06-11T09:27:16","modified_gmt":"2025-06-11T07:27:16","slug":"primal-terra-braccialetto","status":"publish","type":"product","link":"https:\/\/trimakasi.eu\/it\/product\/primal-earth-bracelet\/","title":{"rendered":"Bracciale Terra Primordiale"},"content":{"rendered":"<h3>Terra primordiale<\/h3>\n<p id=\"tw-target-text\" class=\"tw-data-text tw-text-large tw-ta\" dir=\"ltr\" data-placeholder=\"P\u0159eklad\"><span lang=\"en\" tabindex=\"0\">L&#039;elemento Terra calma la nostra anima e il nostro corpo con le sue vibrazioni radicanti, che ripristinano l&#039;equilibrio nel corpo umano e quindi aumentano la sua forza vitale. <\/span><\/p>\n<p class=\"tw-data-text tw-text-large tw-ta\" dir=\"ltr\" data-placeholder=\"P\u0159eklad\"><span lang=\"en\" tabindex=\"0\">L&#039;energia dell&#039;elemento terra ci aiuta a trovare la nostra strada verso le altre persone e a migliorare le relazioni con i nostri cari. Soprattutto, ci insegna anche a notare e gioire nelle cose di tutti i giorni, e quindi a concentrarci sul potere del momento presente. Ottimo braccialetto per la meditazione.<\/span><\/p>\n<h3 class=\"product-title entry-title\"><a href=\"https:\/\/trimakasi.eu\/it\/product\/agata-muschiata\/\">Agata muschiata<\/a><\/h3>\n<p>L&#039;agata muschiata naturale \u00e8 la magica pietra curativa di sciamani, druidi e guaritori tradizionali che \u00e8 fortemente legata all&#039;energia della madre Terra.<\/p>\n<h3><a href=\"https:\/\/trimakasi.eu\/it\/product\/serpentinite\/\">Serpentinite<\/a><\/h3>\n<p>La Serpentinite emette una vibrazione naturalmente calmante che pu\u00f2 aiutare a risvegliare la Kundalini, un&#039;energia di base chiamata anche &quot;Forza del Serpente&quot;, &quot;Chi&quot; o &quot;Prana&quot;, che scorre lungo la spina dorsale umana.<\/p>\n<h3><a href=\"https:\/\/trimakasi.eu\/it\/product\/pietra-lavica\/\">Pietra lavica<\/a><\/h3>\n<p>La lava proviene direttamente dal centro della terra e il suo significato spirituale riguarda il radicamento e il collegamento con la natura.<\/p>\n<p id=\"tw-target-text\" class=\"tw-data-text tw-text-large tw-ta\" dir=\"ltr\" data-placeholder=\"P\u0159eklad\"><strong><span lang=\"en\" tabindex=\"0\">Elemento primordiale <\/span><\/strong><\/p>\n<p class=\"tw-data-text tw-text-large tw-ta\" dir=\"ltr\" data-placeholder=\"P\u0159eklad\"><span lang=\"en\" tabindex=\"0\">Questa edizione di braccialetti si ispira a quattro elementi fondamentali che mantengono l&#039;equilibrio sul nostro pianeta: Fuoco, Acqua, Terra e Aria. L&#039;utilizzo della pietra lavica, presente in tutti i bracciali di questa edizione, simboleggia il ritorno nel tempo all&#039;essenza pi\u00f9 forte, l&#039;essenza primordiale di ogni elemento. L&#039;essenza primaria di ciascuno di questi elementi ha avuto origine durante uno dei quattro stadi evolutivi del pianeta Terra: <\/span><\/p>\n<p class=\"tw-data-text tw-text-large tw-ta\" dir=\"ltr\" data-placeholder=\"P\u0159eklad\"><span lang=\"en\" tabindex=\"0\"><a href=\"https:\/\/trimakasi.eu\/it\/product\/braccialetto-fuoco-primal\/\"><strong>Fuoco primordiale<\/strong>:<\/a> All&#039;inizio, la Terra era formata dal caos, un inferno di fuoco che ha creato un nucleo fuso della Terra. Ci\u00f2 ha fornito alla Terra la gravit\u00e0 e grazie alla gravit\u00e0 \u00e8 stato possibile creare e successivamente mantenere l&#039;atmosfera sulla Terra. L&#039;elemento fuoco simboleggia caos, distruzione e nuovi inizi.<\/span><\/p>\n<p id=\"tw-target-text\" class=\"tw-data-text tw-text-large tw-ta\" dir=\"ltr\" data-placeholder=\"P\u0159eklad\"><span lang=\"en\" tabindex=\"0\"><a href=\"https:\/\/trimakasi.eu\/it\/product\/braccialetto-acqua-primal\/\"><strong>Acqua primordiale<\/strong><\/a>: Dopo che la superficie terrestre si \u00e8 raffreddata, le prime nuvole e pioggia si sono formate dall&#039;acqua evaporata dalle comete, e gradualmente hanno riempito di acqua l&#039;oceano mondiale. L&#039;acqua occupava quasi l&#039;intera superficie della Terra e dominava il pianeta. L&#039;acqua nella sua profondit\u00e0 dona pace ed \u00e8 un simbolo di perseveranza, perch\u00e9 il flusso dell&#039;acqua trova sempre la sua strada verso la sua destinazione. <\/span><\/p>\n<p class=\"tw-data-text tw-text-large tw-ta\" dir=\"ltr\" data-placeholder=\"P\u0159eklad\"><span lang=\"en\" tabindex=\"0\"><a href=\"https:\/\/trimakasi.eu\/it\/product\/primal-terra-braccialetto\/\"><strong>Terra primordiale<\/strong><\/a>: Grazie all&#039;acqua, il primo seme della vita ha potuto germogliare sulla Terra e il pianeta \u00e8 diventato vivo e verde. L&#039;elemento della terra trasporta l&#039;essenza curativa della vita che ravviva l&#039;energia vitale del corpo umano. <\/span><\/p>\n<p class=\"tw-data-text tw-text-large tw-ta\" dir=\"ltr\" data-placeholder=\"P\u0159eklad\"><span lang=\"en\" tabindex=\"0\"><a href=\"https:\/\/trimakasi.eu\/it\/product\/braccialetto-aria-primal\/\"><strong>Primal Air<\/strong>:<\/a> La fotosintesi delle prime piante e alghe ha creato un&#039;atmosfera: l&#039;aria respirabile come la conosciamo oggi. L&#039;elemento aria simboleggia il movimento e il cambiamento e la sua energia ha un effetto benefico sulla mente umana.<\/span><\/p>\n<p>Segno zodiacale: <strong>Adatto ad ogni segno zodiacale<\/strong><\/p>\n<p>Elemento:<strong> Terra<\/strong><\/p>\n<p>Il braccialetto armonizza chakra della radice e chakra del cuore:<\/p>\n<p><a href=\"https:\/\/trimakasi.eu\/wp-content\/uploads\/\u010dakra1.jpg\"><img loading=\"lazy\" decoding=\"async\" class=\"alignnone size-full wp-image-138513\" src=\"https:\/\/trimakasi.eu\/wp-content\/uploads\/\u010dakra1.jpg\" alt=\"Chakra della radice\" width=\"81\" height=\"88\" srcset=\"https:\/\/trimakasi.eu\/wp-content\/uploads\/\u010dakra1.jpg 81w, https:\/\/trimakasi.eu\/wp-content\/uploads\/\u010dakra1-11x12.jpg 11w\" sizes=\"auto, (max-width: 81px) 100vw, 81px\" \/><\/a><a href=\"https:\/\/trimakasi.eu\/wp-content\/uploads\/2020\/07\/\u010dakra4.jpg\"><img loading=\"lazy\" decoding=\"async\" class=\"alignnone size-full wp-image-83566\" src=\"https:\/\/trimakasi.eu\/wp-content\/uploads\/2020\/07\/\u010dakra4.jpg\" alt=\"Chakra del cuore\" width=\"79\" height=\"93\" srcset=\"https:\/\/trimakasi.eu\/wp-content\/uploads\/2020\/07\/\u010dakra4.jpg 79w, https:\/\/trimakasi.eu\/wp-content\/uploads\/2020\/07\/\u010dakra4-10x12.jpg 10w\" sizes=\"auto, (max-width: 79px) 100vw, 79px\" \/><\/a><\/p>\n<p><a href=\"https:\/\/trimakasi.eu\/it\/video-blog\/\"><u>Visita il nostro video blog per scoprire le connessioni tra pietre preziose, segni zodiacali, chakra e molto altro.<\/u><\/a><\/p>","protected":false},"excerpt":{"rendered":"<p>Questo braccialetto ti collegher\u00e0 con l&#039;elemento della Terra, che crea armonia e radicamento dell&#039;energia curativa. Scopri di pi\u00f9 sulle propriet\u00e0 di questo braccialetto di seguito.<\/p>\n<p>Scegli un braccialetto in base alle dimensioni.\u00a0<a href=\"https:\/\/trimakasi.eu\/it\/come-scegliere-la-misura-del-braccialetto\/\">Le istruzioni su come determinare correttamente la taglia sono disponibili qui.<\/a><\/p>","protected":false},"featured_media":75077,"comment_status":"open","ping_status":"closed","template":"","meta":{"_acf_changed":false,"_themeisle_gutenberg_block_has_review":false},"product_brand":[],"product_cat":[1687,1151,1064,554,1068,553],"product_tag":[],"class_list":{"0":"post-75036","1":"product","2":"type-product","3":"status-publish","4":"has-post-thumbnail","6":"product_cat-elastic-bracelets","7":"product_cat-element-edition-bracelets","8":"product_cat-mens-jewellery","9":"product_cat-natural-gemstone-bracelets","10":"product_cat-natural-gemstone-bracelets-for-men","11":"product_cat-womens-jewellery","13":"first","14":"instock","15":"taxable","16":"shipping-taxable","17":"purchasable","18":"product-type-variable","19":"has-default-attributes"},"acf":[],"_links":{"self":[{"href":"https:\/\/trimakasi.eu\/it\/wp-json\/wp\/v2\/product\/75036","targetHints":{"allow":["GET"]}}],"collection":[{"href":"https:\/\/trimakasi.eu\/it\/wp-json\/wp\/v2\/product"}],"about":[{"href":"https:\/\/trimakasi.eu\/it\/wp-json\/wp\/v2\/types\/product"}],"replies":[{"embeddable":true,"href":"https:\/\/trimakasi.eu\/it\/wp-json\/wp\/v2\/comments?post=75036"}],"wp:featuredmedia":[{"embeddable":true,"href":"https:\/\/trimakasi.eu\/it\/wp-json\/wp\/v2\/media\/75077"}],"wp:attachment":[{"href":"https:\/\/trimakasi.eu\/it\/wp-json\/wp\/v2\/media?parent=75036"}],"wp:term":[{"taxonomy":"product_brand","embeddable":true,"href":"https:\/\/trimakasi.eu\/it\/wp-json\/wp\/v2\/product_brand?post=75036"},{"taxonomy":"product_cat","embeddable":true,"href":"https:\/\/trimakasi.eu\/it\/wp-json\/wp\/v2\/product_cat?post=75036"},{"taxonomy":"product_tag","embeddable":true,"href":"https:\/\/trimakasi.eu\/it\/wp-json\/wp\/v2\/product_tag?post=75036"}],"curies":[{"name":"wp","href":"https:\/\/api.w.org\/{rel}","templated":true}]}}