{"id":74593,"date":"2024-03-23T13:44:46","date_gmt":"2024-03-23T12:44:46","guid":{"rendered":"https:\/\/trimakasi.eu\/product\/cerny-obsidian-naramek\/"},"modified":"2026-02-05T04:21:09","modified_gmt":"2026-02-05T03:21:09","slug":"nero-ossidiana","status":"publish","type":"product","link":"https:\/\/trimakasi.eu\/it\/product\/black-obsidian\/","title":{"rendered":"Bracciale in ossidiana nera"},"content":{"rendered":"<h3>Ossidiana \u2013 propriet\u00e0<\/h3>\n<p><span lang=\"en\" tabindex=\"0\">L&#039;ossidiana \u00e8 una forma speciale di vetro naturale, che viene creato dal rapido raffreddamento della lava calda sulla superficie terrestre. \u00c8 stato utilizzato dall&#039;umanit\u00e0 sin dall&#039;et\u00e0 della pietra, quando i cacciatori costruivano le punte delle loro armi con le sue schegge affilate. Questa pietra era anche\u00a0<\/span><span lang=\"en\" tabindex=\"0\">apprezzato tra gli antichi Aztechi, che lo chiamavano &quot;Pietra di Dio&quot;. Il loro pugnale sacro, progettato per il loro famigerato rituale di eseguire sacrifici umani agli dei, era fatto di questa pietra.<\/span><\/p>\n<p><span lang=\"en\" tabindex=\"0\">L&#039;onice nero, la tormalina nera e l&#039;ossidiana nera sono considerate pietre protettive tradizionali a causa del loro colore scuro. Possono circondarti di un&#039;atmosfera protettiva che assorbe tutta la negativit\u00e0 dell&#039;ambiente circostante. Soprattutto, aiutano a superare i modelli di pensiero negativi che derivano dalle emozioni pi\u00f9 debilitanti e tossiche - dalla paura.<\/span><\/p>\n<p>Elemento: <strong>Fuoco<\/strong><\/p>\n<p>Segno zodiacale:\u00a0<strong>Sagittario, Scorpione<\/strong><\/p>\n<p>Il braccialetto armonizza il chakra della radice.<\/p>\n<p><a href=\"https:\/\/trimakasi.eu\/wp-content\/uploads\/\u010dakra1.jpg\"><img loading=\"lazy\" decoding=\"async\" class=\"alignnone size-full wp-image-138513\" src=\"https:\/\/trimakasi.eu\/wp-content\/uploads\/\u010dakra1.jpg\" alt=\"Chakra della radice\" width=\"81\" height=\"88\" srcset=\"https:\/\/trimakasi.eu\/wp-content\/uploads\/\u010dakra1.jpg 81w, https:\/\/trimakasi.eu\/wp-content\/uploads\/\u010dakra1-11x12.jpg 11w\" sizes=\"auto, (max-width: 81px) 100vw, 81px\" \/><\/a><\/p>\n<p><a href=\"https:\/\/trimakasi.eu\/it\/video-blog\/\"><u>Visita il nostro video blog per scoprire le connessioni tra pietre preziose, segni zodiacali, chakra e molto altro.<\/u><\/a><\/p>","protected":false},"excerpt":{"rendered":"<p>Abbraccia l&#039;energia protettiva del nostro braccialetto di ossidiana nera. Realizzato in vera ossidiana nera, questo braccialetto funge da potente scudo contro la negativit\u00e0, aiutandoti a rimanere con i piedi per terra e protetto nei tuoi sforzi quotidiani. Scopri di pi\u00f9 sulle propriet\u00e0 di questa pietra di seguito.<\/p>\n<p>Scegli un braccialetto in base alle sue dimensioni e al colore dell&#039;ultima perla.\u00a0<a href=\"https:\/\/trimakasi.eu\/it\/come-scegliere-la-misura-del-braccialetto\/\">Le istruzioni su come determinare correttamente la taglia sono disponibili qui.<\/a><\/p>","protected":false},"featured_media":105151,"comment_status":"open","ping_status":"closed","template":"","meta":{"_acf_changed":false,"_themeisle_gutenberg_block_has_review":false},"product_brand":[],"product_cat":[1687,1064,554,1068,553],"product_tag":[],"class_list":{"0":"post-74593","1":"product","2":"type-product","3":"status-publish","4":"has-post-thumbnail","6":"product_cat-elastic-bracelets","7":"product_cat-mens-jewellery","8":"product_cat-natural-gemstone-bracelets","9":"product_cat-natural-gemstone-bracelets-for-men","10":"product_cat-womens-jewellery","12":"first","13":"instock","14":"taxable","15":"shipping-taxable","16":"purchasable","17":"product-type-variable","18":"has-default-attributes"},"acf":[],"_links":{"self":[{"href":"https:\/\/trimakasi.eu\/it\/wp-json\/wp\/v2\/product\/74593","targetHints":{"allow":["GET"]}}],"collection":[{"href":"https:\/\/trimakasi.eu\/it\/wp-json\/wp\/v2\/product"}],"about":[{"href":"https:\/\/trimakasi.eu\/it\/wp-json\/wp\/v2\/types\/product"}],"replies":[{"embeddable":true,"href":"https:\/\/trimakasi.eu\/it\/wp-json\/wp\/v2\/comments?post=74593"}],"wp:featuredmedia":[{"embeddable":true,"href":"https:\/\/trimakasi.eu\/it\/wp-json\/wp\/v2\/media\/105151"}],"wp:attachment":[{"href":"https:\/\/trimakasi.eu\/it\/wp-json\/wp\/v2\/media?parent=74593"}],"wp:term":[{"taxonomy":"product_brand","embeddable":true,"href":"https:\/\/trimakasi.eu\/it\/wp-json\/wp\/v2\/product_brand?post=74593"},{"taxonomy":"product_cat","embeddable":true,"href":"https:\/\/trimakasi.eu\/it\/wp-json\/wp\/v2\/product_cat?post=74593"},{"taxonomy":"product_tag","embeddable":true,"href":"https:\/\/trimakasi.eu\/it\/wp-json\/wp\/v2\/product_tag?post=74593"}],"curies":[{"name":"wp","href":"https:\/\/api.w.org\/{rel}","templated":true}]}}