{"id":74575,"date":"2019-05-23T13:44:26","date_gmt":"2019-05-23T11:44:26","guid":{"rendered":"https:\/\/trimakasi.eu\/product\/howlit-naramek\/"},"modified":"2024-04-04T23:18:33","modified_gmt":"2024-04-04T21:18:33","slug":"howlite","status":"publish","type":"product","link":"https:\/\/trimakasi.eu\/it\/product\/howlite\/","title":{"rendered":"Bracciale in Howlite"},"content":{"rendered":"<h3>Howlite \u2013 propriet\u00e0<\/h3>\n<p>Questa pietra bianca porta profonda pace, relax, armonia e calma le emozioni e ci rende pi\u00f9 resistenti allo stress. Howlite \u00e8 anche conosciuto come L\u00e1pis Howlit, White Turquoise e Kaolinite. Calmando le emozioni, questa pietra pu\u00f2 rallentare la mente iperattiva e pu\u00f2 aiutare a raggiungere un sonno profondo e tranquillo. Calmando il nostro subconscio, pu\u00f2 anche aiutare a liberare le emozioni bloccate, oltre a favorire l&#039;eliminazione del dolore, dello stress o della rabbia.<\/p>\n<p>Elemento: <strong>Aria<\/strong><\/p>\n<p id=\"tw-target-text\" class=\"tw-data-text tw-ta tw-text-small\" dir=\"ltr\" data-placeholder=\"P\u0159eklad\"><span lang=\"en\" tabindex=\"0\">Segno zodiacale: <strong>Sagittario, Leone, Vergine<\/strong><\/span><\/p>\n<p>Questo braccialetto armonizza il chakra del focolare:<\/p>\n<p><a href=\"https:\/\/trimakasi.eu\/wp-content\/uploads\/2020\/07\/\u010dakra4.jpg\"><img loading=\"lazy\" decoding=\"async\" class=\"alignnone size-full wp-image-83566\" src=\"https:\/\/trimakasi.eu\/wp-content\/uploads\/2020\/07\/\u010dakra4.jpg\" alt=\"Chakra del cuore\" width=\"79\" height=\"93\" srcset=\"https:\/\/trimakasi.eu\/wp-content\/uploads\/2020\/07\/\u010dakra4.jpg 79w, https:\/\/trimakasi.eu\/wp-content\/uploads\/2020\/07\/\u010dakra4-10x12.jpg 10w\" sizes=\"auto, (max-width: 79px) 100vw, 79px\" \/><\/a><\/p>\n<p><a href=\"https:\/\/trimakasi.eu\/it\/video-blog\/\"><u>Visita il nostro video blog per scoprire le connessioni tra pietre preziose, segni zodiacali, chakra e molto altro.<\/u><\/a><\/p>","protected":false},"excerpt":{"rendered":"<p id=\"tw-target-text\" class=\"tw-data-text tw-ta tw-text-small\" dir=\"ltr\" data-placeholder=\"P\u0159eklad\"><span lang=\"en\" tabindex=\"0\">Questo elegante bracciale \u00e8 realizzato in howlite, un minerale che sembra un lussuoso marmo.\u00a0<\/span>Scopri di pi\u00f9 sulle propriet\u00e0 di questa pietra di seguito.<\/p>\n<p>Scegli un braccialetto in base alle sue dimensioni e al colore dell&#039;ultima perla.\u00a0<a href=\"https:\/\/trimakasi.eu\/it\/come-scegliere-la-misura-del-braccialetto\/\">Le istruzioni su come determinare correttamente la taglia sono disponibili qui.<\/a><\/p>","protected":false},"featured_media":104813,"comment_status":"open","ping_status":"closed","template":"","meta":{"_acf_changed":false,"_themeisle_gutenberg_block_has_review":false},"product_brand":[],"product_cat":[1687,1064,554,1068,553],"product_tag":[],"class_list":{"0":"post-74575","1":"product","2":"type-product","3":"status-publish","4":"has-post-thumbnail","6":"product_cat-elastic-bracelets","7":"product_cat-mens-jewellery","8":"product_cat-natural-gemstone-bracelets","9":"product_cat-natural-gemstone-bracelets-for-men","10":"product_cat-womens-jewellery","12":"first","13":"outofstock","14":"taxable","15":"shipping-taxable","16":"purchasable","17":"product-type-variable","18":"has-default-attributes"},"acf":[],"_links":{"self":[{"href":"https:\/\/trimakasi.eu\/it\/wp-json\/wp\/v2\/product\/74575","targetHints":{"allow":["GET"]}}],"collection":[{"href":"https:\/\/trimakasi.eu\/it\/wp-json\/wp\/v2\/product"}],"about":[{"href":"https:\/\/trimakasi.eu\/it\/wp-json\/wp\/v2\/types\/product"}],"replies":[{"embeddable":true,"href":"https:\/\/trimakasi.eu\/it\/wp-json\/wp\/v2\/comments?post=74575"}],"wp:featuredmedia":[{"embeddable":true,"href":"https:\/\/trimakasi.eu\/it\/wp-json\/wp\/v2\/media\/104813"}],"wp:attachment":[{"href":"https:\/\/trimakasi.eu\/it\/wp-json\/wp\/v2\/media?parent=74575"}],"wp:term":[{"taxonomy":"product_brand","embeddable":true,"href":"https:\/\/trimakasi.eu\/it\/wp-json\/wp\/v2\/product_brand?post=74575"},{"taxonomy":"product_cat","embeddable":true,"href":"https:\/\/trimakasi.eu\/it\/wp-json\/wp\/v2\/product_cat?post=74575"},{"taxonomy":"product_tag","embeddable":true,"href":"https:\/\/trimakasi.eu\/it\/wp-json\/wp\/v2\/product_tag?post=74575"}],"curies":[{"name":"wp","href":"https:\/\/api.w.org\/{rel}","templated":true}]}}