{"id":74554,"date":"2018-05-23T13:43:58","date_gmt":"2018-05-23T11:43:58","guid":{"rendered":"https:\/\/trimakasi.eu\/product\/Trimakasi-naramek-grey-joy\/"},"modified":"2024-03-25T19:13:43","modified_gmt":"2024-03-25T18:13:43","slug":"braccialetto-intrecciato-grigio-gioia","status":"publish","type":"product","link":"https:\/\/trimakasi.eu\/it\/product\/grey-joy-braided-bracelet\/","title":{"rendered":"Bracciale intrecciato Grey Joy"},"content":{"rendered":"<h3>Braccialetti intrecciati Trimakasi<\/h3>\n<p>Braccialetti di lusso realizzati a mano che combinano spiritualit\u00e0 ed et\u00e0 moderna. I braccialetti Trimakasi sono talismani di gratitudine, equilibrio e speranza, che ti ricaricheranno di energia positiva anche durante i giorni pi\u00f9 bui.<\/p>\n<p>I braccialetti intrecciati Trimakasi sono realizzati con cordoncino di nylon di altissima qualit\u00e0 legato con speciali nodi. Racchiudono il potere nascosto della natura nelle perle di pietre preziose naturali.<\/p>\n<h3>Cristallo di quarzo<\/h3>\n<p id=\"tw-target-text\" class=\"tw-data-text tw-ta tw-text-small\" dir=\"ltr\" data-placeholder=\"P\u0159eklad\"><span lang=\"en\" tabindex=\"0\">Il cristallo di quarzo incrinato \u00e8 di origine naturale, trattato solo termicamente per ottenere una struttura interna fessurata. Protegge la purezza dell&#039;anima, migliora la concentrazione, protegge dalle negativit\u00e0 ed \u00e8 molto adatto per la meditazione e l&#039;aumento generale della forza mentale.<\/span><\/p>\n<h3 id=\"tw-target-text\" class=\"tw-data-text tw-text-large XcVN5d tw-ta\" dir=\"ltr\" data-placeholder=\"P\u0159eklad\"><a href=\"https:\/\/trimakasi.eu\/it\/product\/selenite\/\"><span class=\"Y2IQFc\" lang=\"en\">Selenite marocchina<\/span><\/a><\/h3>\n<p id=\"tw-target-text\" class=\"tw-data-text tw-ta tw-text-small\" dir=\"ltr\" data-placeholder=\"P\u0159eklad\"><span lang=\"en\" tabindex=\"0\">La selenite bianca ci influenza con la sua purezza nello sviluppo mentale. Illumina e calma la mente, allevia lo stress e rafforza la memoria e l&#039;intuizione. Pulisce anche l&#039;energia negativa, aumenta la presenza di vibrazioni positive e ci aiuta a combattere la pigrizia. La selenite assorbe energia e la restituisce al mittente trasmutata e amplificata. Gli antichi egizi lo usavano per eliminare i blocchi energetici nel corpo.<\/span><\/p>\n<h3>Howlite<\/h3>\n<p>Porta pace profonda, rilassamento, armonia, calma la mente e ci rende pi\u00f9 resistenti allo stress. Howlit \u00e8 anche conosciuto come Lapis Howlit, White Turquoise e Kaolinite.<\/p>\n<p id=\"tw-target-text\" class=\"tw-data-text tw-ta tw-text-medium\" dir=\"ltr\" data-placeholder=\"P\u0159eklad\"><span lang=\"en\" tabindex=\"0\">Elemento: <strong>Terra, Fuoco, Acqua, Aria<\/strong><\/span><\/p>\n<p>Segno zodiacale: <strong>Adatto ad ogni segno.<\/strong><\/p>\n<p>Il braccialetto armonizza tutti i chakra ma principalmente i chakra del cuore e della corona:<\/p>\n<p><a href=\"https:\/\/trimakasi.eu\/wp-content\/uploads\/2020\/07\/\u010dakra4.jpg\"><img loading=\"lazy\" decoding=\"async\" class=\"alignnone size-full wp-image-83566\" src=\"https:\/\/trimakasi.eu\/wp-content\/uploads\/2020\/07\/\u010dakra4.jpg\" alt=\"Chakra del cuore\" width=\"79\" height=\"93\" srcset=\"https:\/\/trimakasi.eu\/wp-content\/uploads\/2020\/07\/\u010dakra4.jpg 79w, https:\/\/trimakasi.eu\/wp-content\/uploads\/2020\/07\/\u010dakra4-10x12.jpg 10w\" sizes=\"auto, (max-width: 79px) 100vw, 79px\" \/><\/a><a href=\"https:\/\/trimakasi.eu\/wp-content\/uploads\/crown-chakra.jpg\"><img loading=\"lazy\" decoding=\"async\" class=\"alignnone size-full wp-image-132743\" src=\"https:\/\/trimakasi.eu\/wp-content\/uploads\/crown-chakra.jpg\" alt=\"\" width=\"92\" height=\"102\" srcset=\"https:\/\/trimakasi.eu\/wp-content\/uploads\/crown-chakra.jpg 92w, https:\/\/trimakasi.eu\/wp-content\/uploads\/crown-chakra-11x12.jpg 11w\" sizes=\"auto, (max-width: 92px) 100vw, 92px\" \/><\/a><\/p>\n<p><a href=\"https:\/\/trimakasi.eu\/it\/video-blog\/\"><u>Visita il nostro video blog per scoprire le connessioni tra pietre preziose, segni zodiacali, chakra e molto altro.<\/u><\/a><\/p>","protected":false},"excerpt":{"rendered":"<p>Bracciale grigio Trimakasi \u2013 tavolozza di perline grigie sfumate combinate con un cordino in selenite bianco e argento. ATTENZIONE: la selenite \u00e8 una gemma naturale molto morbida che pu\u00f2 essere facilmente danneggiata da un uso incauto o dall&#039;esposizione a determinati liquidi! Scopri di pi\u00f9 su questo braccialetto qui sotto.<\/p>\n<p>Bracciale intrecciato regolabile in base alla taglia, ma consigliamo di sceglierlo in base alla misura della circonferenza del polso.\u00a0<u><a href=\"https:\/\/trimakasi.eu\/it\/come-scegliere-la-misura-del-braccialetto\/\">Istruzioni su come determinare correttamente t<\/a><\/u><u><\/u><a href=\"https:\/\/trimakasi.eu\/it\/come-scegliere-la-misura-del-braccialetto\/\"><u>la taglia pu\u00f2 essere trovata qui<\/u><\/a><\/p>","protected":false},"featured_media":85406,"comment_status":"open","ping_status":"closed","template":"","meta":{"_acf_changed":false,"_themeisle_gutenberg_block_has_review":false},"product_brand":[],"product_cat":[1688,570,553],"product_tag":[],"class_list":{"0":"post-74554","1":"product","2":"type-product","3":"status-publish","4":"has-post-thumbnail","6":"product_cat-braided-bracelets","7":"product_cat-braided-bracelets-for-women","8":"product_cat-womens-jewellery","10":"first","11":"instock","12":"taxable","13":"shipping-taxable","14":"purchasable","15":"product-type-variable","16":"has-default-attributes"},"acf":[],"_links":{"self":[{"href":"https:\/\/trimakasi.eu\/it\/wp-json\/wp\/v2\/product\/74554","targetHints":{"allow":["GET"]}}],"collection":[{"href":"https:\/\/trimakasi.eu\/it\/wp-json\/wp\/v2\/product"}],"about":[{"href":"https:\/\/trimakasi.eu\/it\/wp-json\/wp\/v2\/types\/product"}],"replies":[{"embeddable":true,"href":"https:\/\/trimakasi.eu\/it\/wp-json\/wp\/v2\/comments?post=74554"}],"wp:featuredmedia":[{"embeddable":true,"href":"https:\/\/trimakasi.eu\/it\/wp-json\/wp\/v2\/media\/85406"}],"wp:attachment":[{"href":"https:\/\/trimakasi.eu\/it\/wp-json\/wp\/v2\/media?parent=74554"}],"wp:term":[{"taxonomy":"product_brand","embeddable":true,"href":"https:\/\/trimakasi.eu\/it\/wp-json\/wp\/v2\/product_brand?post=74554"},{"taxonomy":"product_cat","embeddable":true,"href":"https:\/\/trimakasi.eu\/it\/wp-json\/wp\/v2\/product_cat?post=74554"},{"taxonomy":"product_tag","embeddable":true,"href":"https:\/\/trimakasi.eu\/it\/wp-json\/wp\/v2\/product_tag?post=74554"}],"curies":[{"name":"wp","href":"https:\/\/api.w.org\/{rel}","templated":true}]}}