{"id":74305,"date":"2019-05-23T13:38:41","date_gmt":"2019-05-23T11:38:41","guid":{"rendered":"https:\/\/trimakasi.eu\/product\/zeleny-jadeit-naramek\/"},"modified":"2025-07-28T14:41:24","modified_gmt":"2025-07-28T12:41:24","slug":"verde-giada","status":"publish","type":"product","link":"https:\/\/trimakasi.eu\/it\/product\/green-jade\/","title":{"rendered":"Bracciale in giada verde"},"content":{"rendered":"<h3>Giada verde \u2013 propriet\u00e0<\/h3>\n<p>La giada verde \u00e8 una pietra detergente molto forte che dissipa i pensieri negativi e l&#039;irritabilit\u00e0. Indossare la giada come talismano dovrebbe proteggere dal fallimento e dalla sfortuna. La giada verde dovrebbe proteggere universalmente dalle malattie migliorando le forze vitali del corpo umano. A causa dei suoi effetti ringiovanenti, \u00e8 soprannominata &quot;La pietra dell&#039;eterna giovinezza&quot;. In Asia,<\/p>\n<p id=\"tw-target-text\" class=\"tw-data-text tw-ta tw-text-small\" dir=\"ltr\" data-placeholder=\"Translation\"><span lang=\"en\" tabindex=\"0\">In Asia, la giada \u00e8 sempre stata adorata come una pietra nobile perch\u00e9 i cinesi credevano che la giada fosse una cura per tutte le malattie, e quindi questa pietra era la pietra angolare della medicina cinese. La giada \u00e8 stata anche scolpita in vari amuleti e sculture, le pi\u00f9 famose sono le sculture di draghi che decoravano il palazzo dell&#039;imperatore cinese.<\/span><\/p>\n<p>Elemento: <strong>Terra<\/strong><\/p>\n<p>Segni zodiacali: <strong>Vergine, Ariete, Toro e Bilancia<\/strong><\/p>\n<p>Il braccialetto armonizza il chakra del cuore:<\/p>\n<p><img loading=\"lazy\" decoding=\"async\" class=\"alignnone wp-image-72746\" src=\"https:\/\/trimakasi.cz\/wp-content\/uploads\/2018\/07\/\u010dakra4.jpg\" alt=\"Srde\u010dn\u00ed \u010dakra\" width=\"74\" height=\"87\" \/><u><\/u><\/p>\n<p><a href=\"https:\/\/trimakasi.eu\/it\/video-blog\/\"><u>Visita il nostro video blog per scoprire le connessioni tra pietre preziose, segni zodiacali, chakra e molto altro.<\/u><\/a><\/p>","protected":false},"excerpt":{"rendered":"<p>La giada verde \u00e8 tradizionalmente considerata una delle pietre curative pi\u00f9 nobili e in Asia \u00e8 conosciuta con lo pseudonimo: &quot;La pietra dell&#039;eterna giovinezza&quot;. La nostra giada verde ha un&#039;esclusiva superficie opaca.Scopri di pi\u00f9 sulle propriet\u00e0 di questa pietra di seguito.<\/p>\n<p>Scegli un braccialetto in base alle sue dimensioni e al colore dell&#039;ultima perla.\u00a0<a href=\"https:\/\/trimakasi.eu\/it\/come-scegliere-la-misura-del-braccialetto\/\">Le istruzioni su come determinare correttamente la taglia sono disponibili qui.<\/a><\/p>","protected":false},"featured_media":105008,"comment_status":"open","ping_status":"closed","template":"","meta":{"_acf_changed":false,"_themeisle_gutenberg_block_has_review":false},"product_brand":[],"product_cat":[1687,1064,554,1068,553],"product_tag":[],"class_list":{"0":"post-74305","1":"product","2":"type-product","3":"status-publish","4":"has-post-thumbnail","6":"product_cat-elastic-bracelets","7":"product_cat-mens-jewellery","8":"product_cat-natural-gemstone-bracelets","9":"product_cat-natural-gemstone-bracelets-for-men","10":"product_cat-womens-jewellery","12":"first","13":"instock","14":"taxable","15":"shipping-taxable","16":"purchasable","17":"product-type-variable","18":"has-default-attributes"},"acf":[],"_links":{"self":[{"href":"https:\/\/trimakasi.eu\/it\/wp-json\/wp\/v2\/product\/74305","targetHints":{"allow":["GET"]}}],"collection":[{"href":"https:\/\/trimakasi.eu\/it\/wp-json\/wp\/v2\/product"}],"about":[{"href":"https:\/\/trimakasi.eu\/it\/wp-json\/wp\/v2\/types\/product"}],"replies":[{"embeddable":true,"href":"https:\/\/trimakasi.eu\/it\/wp-json\/wp\/v2\/comments?post=74305"}],"wp:featuredmedia":[{"embeddable":true,"href":"https:\/\/trimakasi.eu\/it\/wp-json\/wp\/v2\/media\/105008"}],"wp:attachment":[{"href":"https:\/\/trimakasi.eu\/it\/wp-json\/wp\/v2\/media?parent=74305"}],"wp:term":[{"taxonomy":"product_brand","embeddable":true,"href":"https:\/\/trimakasi.eu\/it\/wp-json\/wp\/v2\/product_brand?post=74305"},{"taxonomy":"product_cat","embeddable":true,"href":"https:\/\/trimakasi.eu\/it\/wp-json\/wp\/v2\/product_cat?post=74305"},{"taxonomy":"product_tag","embeddable":true,"href":"https:\/\/trimakasi.eu\/it\/wp-json\/wp\/v2\/product_tag?post=74305"}],"curies":[{"name":"wp","href":"https:\/\/api.w.org\/{rel}","templated":true}]}}