{"id":74001,"date":"2022-05-23T13:16:36","date_gmt":"2022-05-23T11:16:36","guid":{"rendered":"https:\/\/trimakasi.eu\/product\/cerny-turmalin-naramek\/"},"modified":"2026-04-28T09:21:51","modified_gmt":"2026-04-28T07:21:51","slug":"tormalina-nera","status":"publish","type":"product","link":"https:\/\/trimakasi.eu\/it\/product\/black-tourmaline\/","title":{"rendered":"Bracciale in tormalina nera"},"content":{"rendered":"<h3>Tormalina nera \u2013 propriet\u00e0<\/h3>\n<p>La tormalina \u00e8 un minerale tipico che proviene da alte temperature e pressioni nel nucleo terrestre e arriva in superficie per attivit\u00e0 vulcanica. Un&#039;antica leggenda egizia menziona quanto tempo la tormalina ha dovuto viaggiare dal centro della terra per raggiungere la sua superficie. \u00c8 anche scritto in questa leggenda che la tormalina ha attraversato l&#039;arcobaleno e quindi appare in molti colori. Questo non \u00e8 affatto lontano dalla verit\u00e0, perch\u00e9 questa gemma pu\u00f2 presentarsi in molti colori e sfumature.<\/p>\n<p><span lang=\"en\" tabindex=\"0\">L&#039;onice nero, la tormalina nera e l&#039;ossidiana nera sono considerate pietre protettive tradizionali a causa del loro colore scuro. Possono circondarti di un&#039;atmosfera protettiva che assorbe tutta la negativit\u00e0 dell&#039;ambiente circostante. Soprattutto, aiutano a superare i modelli di pensiero negativi che derivano dalle emozioni pi\u00f9 debilitanti e tossiche - dalla paura.<\/span><\/p>\n<p>Secondo le leggende, la tormalina nera \u00e8 conosciuta come &quot;pietra purificante&quot; per la sua capacit\u00e0 di purificare corpo e anima dalla negativit\u00e0. \u00c8 ancora usato da vari sciamani e druidi in tutto il mondo, specialmente nelle trib\u00f9 native in Africa e in America, come pietra angolare dei loro rituali di guarigione contro le malattie mentali e fisiche.<\/p>\n<p>Elemento: <strong>acqua<\/strong><\/p>\n<p>Segni zodiacali: <strong>Capricorno, Gemelli, Scorpione e Bilancia<\/strong><\/p>\n<p>Questo braccialetto armonizza il chakra della radice.<\/p>\n<p><img loading=\"lazy\" decoding=\"async\" class=\"alignnone wp-image-72742\" src=\"https:\/\/trimakasi.cz\/wp-content\/uploads\/2018\/08\/\u010dakra1.jpg\" alt=\"Z\u00e1kladn\u00ed \u010dakra\" width=\"66\" height=\"72\" \/><\/p>\n<p><a href=\"https:\/\/trimakasi.eu\/it\/video-blog\/\"><u>Visita il nostro video blog per scoprire le connessioni tra pietre preziose, segni zodiacali, chakra e molto altro.<\/u><\/a><\/p>","protected":false},"excerpt":{"rendered":"<p id=\"tw-target-text\" class=\"tw-data-text tw-ta tw-text-small\" dir=\"ltr\" data-placeholder=\"P\u0159eklad\"><span lang=\"en\" tabindex=\"0\">La tormalina nera \u00e8 una gemma protettiva che ha origine nel profondo del cuore della Terra e che arriva alla superficie della Terra solo dall&#039;attivit\u00e0 vulcanica. La superficie sfaccettata della nostra tormalina ne esalta l&#039;eleganza a un livello completamente nuovo!\u00a0<\/span>Scopri di pi\u00f9 sulle propriet\u00e0 di questa pietra di seguito.<\/p>\n<p>Scegli un braccialetto in base alle sue dimensioni e al colore dell&#039;ultima perla.\u00a0<a href=\"https:\/\/trimakasi.eu\/it\/come-scegliere-la-misura-del-braccialetto\/\">Le istruzioni su come determinare correttamente la taglia sono disponibili qui.<\/a><\/p>","protected":false},"featured_media":105042,"comment_status":"open","ping_status":"closed","template":"","meta":{"_acf_changed":false,"_themeisle_gutenberg_block_has_review":false},"product_brand":[],"product_cat":[1687,1064,1068,554,553],"product_tag":[],"class_list":{"0":"post-74001","1":"product","2":"type-product","3":"status-publish","4":"has-post-thumbnail","6":"product_cat-elastic-bracelets","7":"product_cat-mens-jewellery","8":"product_cat-natural-gemstone-bracelets-for-men","9":"product_cat-natural-gemstone-bracelets","10":"product_cat-womens-jewellery","12":"first","13":"instock","14":"taxable","15":"shipping-taxable","16":"purchasable","17":"product-type-variable","18":"has-default-attributes"},"acf":[],"_links":{"self":[{"href":"https:\/\/trimakasi.eu\/it\/wp-json\/wp\/v2\/product\/74001","targetHints":{"allow":["GET"]}}],"collection":[{"href":"https:\/\/trimakasi.eu\/it\/wp-json\/wp\/v2\/product"}],"about":[{"href":"https:\/\/trimakasi.eu\/it\/wp-json\/wp\/v2\/types\/product"}],"replies":[{"embeddable":true,"href":"https:\/\/trimakasi.eu\/it\/wp-json\/wp\/v2\/comments?post=74001"}],"wp:featuredmedia":[{"embeddable":true,"href":"https:\/\/trimakasi.eu\/it\/wp-json\/wp\/v2\/media\/105042"}],"wp:attachment":[{"href":"https:\/\/trimakasi.eu\/it\/wp-json\/wp\/v2\/media?parent=74001"}],"wp:term":[{"taxonomy":"product_brand","embeddable":true,"href":"https:\/\/trimakasi.eu\/it\/wp-json\/wp\/v2\/product_brand?post=74001"},{"taxonomy":"product_cat","embeddable":true,"href":"https:\/\/trimakasi.eu\/it\/wp-json\/wp\/v2\/product_cat?post=74001"},{"taxonomy":"product_tag","embeddable":true,"href":"https:\/\/trimakasi.eu\/it\/wp-json\/wp\/v2\/product_tag?post=74001"}],"curies":[{"name":"wp","href":"https:\/\/api.w.org\/{rel}","templated":true}]}}