{"id":73978,"date":"2019-05-23T13:16:10","date_gmt":"2019-05-23T11:16:10","guid":{"rendered":"https:\/\/trimakasi.eu\/product\/heart-of-the-sun\/"},"modified":"2025-05-20T19:21:46","modified_gmt":"2025-05-20T17:21:46","slug":"braccialetto-cuore-del-sole","status":"publish","type":"product","link":"https:\/\/trimakasi.eu\/it\/product\/heart-of-the-sun-bracelet\/","title":{"rendered":"Bracciale Cuore del Sole"},"content":{"rendered":"<h3>Pietra del sole<\/h3>\n<p>Le vibrazioni di questa gemma semipreziosa trasportano l&#039;energia forte e creativa del dio del sole egiziano chiamato Ra. Questa forte energia nelle persone rinnova la gioia di vivere, il buon umore e la positivit\u00e0.<\/p>\n<p>La pietra del sole \u00e8 un simbolo di leadership, carisma, libert\u00e0 e coscienza espansa. Pu\u00f2 portare luce nelle aree della nostra vita che richiedono attenzione. Questa pietra pu\u00f2 anche aiutare a dissipare la paura, lo stress e tutte le vibrazioni negative.<\/p>\n<h3>rodonite rosa<\/h3>\n<p>La rodonite aiuta le nostre menti a raggiungere le vibrazioni pi\u00f9 elevate necessarie per lo sviluppo personale. A livello emotivo, la rodonite \u00e8 una delle pietre pi\u00f9 forti per la guarigione delle cicatrici sul cuore o sulla mente. Aiuta a sviluppare il vero perdono e allevia il desiderio di vendetta.<br \/>\nLa rodonite \u00e8 conosciuta come la &quot;pietra del perdono&quot; perch\u00e9 aiuta il cuore a liberarsi dal dolore causato da una relazione passata. Questa pietra purifica l&#039;aura dal dolore, dalla rabbia, dai rimpianti e dall&#039;amarezza.<\/p>\n<p>Segni zodiacali: <strong>Leone, Scorpione, Ariete, Bilancia, Cancro, Capricorno<\/strong><\/p>\n<p>Elemento: <strong>Fuoco<\/strong><\/p>\n<p>Il braccialetto armonizza chakra sacrale, chakra del plesso solare e chakra del cuore,<\/p>\n<p><a href=\"https:\/\/trimakasi.eu\/wp-content\/uploads\/\u010dakra2.jpg\"><img loading=\"lazy\" decoding=\"async\" class=\"alignnone size-full wp-image-138514\" src=\"https:\/\/trimakasi.eu\/wp-content\/uploads\/\u010dakra2.jpg\" alt=\"Chakra sacrale\" width=\"76\" height=\"96\" srcset=\"https:\/\/trimakasi.eu\/wp-content\/uploads\/\u010dakra2.jpg 76w, https:\/\/trimakasi.eu\/wp-content\/uploads\/\u010dakra2-10x12.jpg 10w\" sizes=\"auto, (max-width: 76px) 100vw, 76px\" \/><\/a><a href=\"https:\/\/trimakasi.eu\/wp-content\/uploads\/2020\/07\/\u010dakra3.jpg\"><img loading=\"lazy\" decoding=\"async\" class=\"alignnone size-full wp-image-83567\" src=\"https:\/\/trimakasi.eu\/wp-content\/uploads\/2020\/07\/\u010dakra3.jpg\" alt=\"Chakra del plesso solare\" width=\"77\" height=\"86\" srcset=\"https:\/\/trimakasi.eu\/wp-content\/uploads\/2020\/07\/\u010dakra3.jpg 77w, https:\/\/trimakasi.eu\/wp-content\/uploads\/2020\/07\/\u010dakra3-11x12.jpg 11w\" sizes=\"auto, (max-width: 77px) 100vw, 77px\" \/><\/a><a href=\"https:\/\/trimakasi.eu\/wp-content\/uploads\/2020\/07\/\u010dakra4.jpg\"><img loading=\"lazy\" decoding=\"async\" class=\"alignnone size-full wp-image-83566\" src=\"https:\/\/trimakasi.eu\/wp-content\/uploads\/2020\/07\/\u010dakra4.jpg\" alt=\"Chakra del cuore\" width=\"79\" height=\"93\" srcset=\"https:\/\/trimakasi.eu\/wp-content\/uploads\/2020\/07\/\u010dakra4.jpg 79w, https:\/\/trimakasi.eu\/wp-content\/uploads\/2020\/07\/\u010dakra4-10x12.jpg 10w\" sizes=\"auto, (max-width: 79px) 100vw, 79px\" \/><\/a><\/p>\n<p><a href=\"https:\/\/trimakasi.eu\/it\/video-blog\/\"><u>Visita il nostro video blog per scoprire le connessioni tra pietre preziose, segni zodiacali, chakra e molto altro.<\/u><\/a><\/p>","protected":false},"excerpt":{"rendered":"<p>Questo braccialetto dell&#039;elemento fuoco, realizzato con pietra del sole, rodonite e perline a forma di cuore, si adatta a tutte le donne! Sottolinea morbidezza, femminilit\u00e0 ed eleganza.<\/p>\n<p>Scegli un braccialetto in base alle sue dimensioni e al colore dell&#039;ultima perla.\u00a0<a href=\"https:\/\/trimakasi.eu\/it\/come-scegliere-la-misura-del-braccialetto\/\">Le istruzioni su come determinare correttamente la taglia sono disponibili qui.<\/a><\/p>","protected":false},"featured_media":74880,"comment_status":"open","ping_status":"closed","template":"","meta":{"_acf_changed":false,"_themeisle_gutenberg_block_has_review":false},"product_brand":[],"product_cat":[1687,569,553],"product_tag":[],"class_list":{"0":"post-73978","1":"product","2":"type-product","3":"status-publish","4":"has-post-thumbnail","6":"product_cat-elastic-bracelets","7":"product_cat-minimalist-jewellery-for-women","8":"product_cat-womens-jewellery","10":"first","11":"outofstock","12":"taxable","13":"shipping-taxable","14":"purchasable","15":"product-type-variable","16":"has-default-attributes"},"acf":[],"_links":{"self":[{"href":"https:\/\/trimakasi.eu\/it\/wp-json\/wp\/v2\/product\/73978","targetHints":{"allow":["GET"]}}],"collection":[{"href":"https:\/\/trimakasi.eu\/it\/wp-json\/wp\/v2\/product"}],"about":[{"href":"https:\/\/trimakasi.eu\/it\/wp-json\/wp\/v2\/types\/product"}],"replies":[{"embeddable":true,"href":"https:\/\/trimakasi.eu\/it\/wp-json\/wp\/v2\/comments?post=73978"}],"wp:featuredmedia":[{"embeddable":true,"href":"https:\/\/trimakasi.eu\/it\/wp-json\/wp\/v2\/media\/74880"}],"wp:attachment":[{"href":"https:\/\/trimakasi.eu\/it\/wp-json\/wp\/v2\/media?parent=73978"}],"wp:term":[{"taxonomy":"product_brand","embeddable":true,"href":"https:\/\/trimakasi.eu\/it\/wp-json\/wp\/v2\/product_brand?post=73978"},{"taxonomy":"product_cat","embeddable":true,"href":"https:\/\/trimakasi.eu\/it\/wp-json\/wp\/v2\/product_cat?post=73978"},{"taxonomy":"product_tag","embeddable":true,"href":"https:\/\/trimakasi.eu\/it\/wp-json\/wp\/v2\/product_tag?post=73978"}],"curies":[{"name":"wp","href":"https:\/\/api.w.org\/{rel}","templated":true}]}}