{"id":73975,"date":"2019-05-23T13:16:10","date_gmt":"2019-05-23T11:16:10","guid":{"rendered":"https:\/\/trimakasi.eu\/product\/iolit-naramek\/"},"modified":"2025-07-12T10:22:02","modified_gmt":"2025-07-12T08:22:02","slug":"iolite","status":"publish","type":"product","link":"https:\/\/trimakasi.eu\/it\/product\/iolite\/","title":{"rendered":"Braccialetto di iolite"},"content":{"rendered":"<h3>Iolite \u2013 propriet\u00e0<\/h3>\n<p>Questa pietra preziosa \u00e8 associata ai navigatori vichinghi, che acc. secondo la leggenda lo usava come bussola per orientarsi in mare. Quando c&#039;era una situazione in cui il sole non poteva essere visto da dietro uno spesso strato di nuvole, i Vichinghi si perdevano in mare. Senza la posizione del sole, non potevano determinare la loro posizione e la direzione successiva del viaggio. Ma questo ha cambiato la pietra preziosa Iolite, un minerale naturale che pu\u00f2 rispondere molto fortemente alla luce solare e cambiare colore quando i raggi del sole impattano sulla sua superficie. Quindi i vichinghi dovettero sollevare il cristallo sopra le loro teste e girarci intorno nel cielo nuvoloso. Nel momento in cui il cristallo si illumina, sapevano esattamente dove si trovava il sole.<\/p>\n<p>La leggenda narra che Leif Eriksson e altri esploratori vichinghi si avventurarono lontano dalla costa fino all&#039;Oceano Atlantico, solo con la loro arma segreta: il cristallo di iolite. Grazie a questa gemma, sono stati in grado di determinare l&#039;esatta posizione del sole e quindi raggiungere in sicurezza il continente americano e ritrovare la strada del ritorno. In passato alcune persone chiamavano iolit &quot;zaffiro d&#039;acqua&quot; perch\u00e9 da una certa angolazione pu\u00f2 effettivamente assomigliare alla preziosa gemma di zaffiro.<\/p>\n<p>La tonalit\u00e0 viola scuro della iolite risuona direttamente con l&#039;energia del crepuscolo ed \u00e8 ideale per sognatori e visionari. \u00c8 la pietra perfetta per i leader che hanno bisogno di stimolare la loro immaginazione. Li aiuta a trovare la strada giusta attraverso la vita e a promuovere idee originali rafforzando la loro intuizione. \u00c8 anche usato come pietra protettiva per pellegrini e viaggiatori per ritrovare la strada di casa. \u00c8 anche soprannominata la pietra del tesoro interiore, perch\u00e9 presumibilmente \u00e8 in grado di sbloccare il loro potenziale nascosto negli umani, di cui non hanno ancora idea.<\/p>\n<div>Elemento: <strong>acqua<\/strong><\/div>\n<div><\/div>\n<div>Segno zodiacale: <strong>Pesci, Cancro, Scorpione, Bilancia, Ariete<\/strong><\/div>\n<div><\/div>\n<div>Il braccialetto armonizza il chakra della gola e del terzo occhio<\/div>\n<div><a href=\"https:\/\/trimakasi.eu\/wp-content\/uploads\/\u010dakra5.jpg\"><img loading=\"lazy\" decoding=\"async\" class=\"alignnone size-full wp-image-138515\" src=\"https:\/\/trimakasi.eu\/wp-content\/uploads\/\u010dakra5.jpg\" alt=\"Chakra della gola\" width=\"81\" height=\"87\" srcset=\"https:\/\/trimakasi.eu\/wp-content\/uploads\/\u010dakra5.jpg 81w, https:\/\/trimakasi.eu\/wp-content\/uploads\/\u010dakra5-11x12.jpg 11w\" sizes=\"auto, (max-width: 81px) 100vw, 81px\" \/><\/a><a href=\"https:\/\/trimakasi.eu\/wp-content\/uploads\/\u010dakra6.jpg\"><img loading=\"lazy\" decoding=\"async\" class=\"alignnone size-full wp-image-138516\" src=\"https:\/\/trimakasi.eu\/wp-content\/uploads\/\u010dakra6.jpg\" alt=\"Chakra del terzo occhio\" width=\"103\" height=\"98\" srcset=\"https:\/\/trimakasi.eu\/wp-content\/uploads\/\u010dakra6.jpg 103w, https:\/\/trimakasi.eu\/wp-content\/uploads\/\u010dakra6-13x12.jpg 13w\" sizes=\"auto, (max-width: 103px) 100vw, 103px\" \/><\/a><\/div>\n<div><a href=\"https:\/\/trimakasi.eu\/it\/video-blog\/\"><u>Visita il nostro video blog per scoprire le connessioni tra pietre preziose, segni zodiacali, chakra e molto altro.<\/u><\/a><\/div>","protected":false},"excerpt":{"rendered":"<p>La Iolite e il suo accattivante gioco di colori nei toni del grigio, dal blu indaco al viola vi ricorderanno il cupo cielo invernale. \u00c8 una pietra del viaggiatore e, secondo la leggenda, \u00e8 conosciuta come la &quot;Pietra dei Vichinghi&quot;. Scopri di pi\u00f9 sulle propriet\u00e0 di questa pietra di seguito.<\/p>\n<p>Scegli un braccialetto in base alle sue dimensioni e al colore dell&#039;ultima perla.\u00a0<a href=\"https:\/\/trimakasi.eu\/it\/come-scegliere-la-misura-del-braccialetto\/\"><u>Le istruzioni su come determinare correttamente la taglia sono disponibili qui.<\/u><\/a><\/p>","protected":false},"featured_media":105081,"comment_status":"open","ping_status":"closed","template":"","meta":{"_acf_changed":false,"_themeisle_gutenberg_block_has_review":false},"product_brand":[],"product_cat":[1687,1064,1068,554,1316,553],"product_tag":[],"class_list":{"0":"post-73975","1":"product","2":"type-product","3":"status-publish","4":"has-post-thumbnail","6":"product_cat-elastic-bracelets","7":"product_cat-mens-jewellery","8":"product_cat-natural-gemstone-bracelets-for-men","9":"product_cat-natural-gemstone-bracelets","10":"product_cat-rare-gemstone-bracelets","11":"product_cat-womens-jewellery","13":"first","14":"instock","15":"taxable","16":"shipping-taxable","17":"purchasable","18":"product-type-variable","19":"has-default-attributes"},"acf":[],"_links":{"self":[{"href":"https:\/\/trimakasi.eu\/it\/wp-json\/wp\/v2\/product\/73975","targetHints":{"allow":["GET"]}}],"collection":[{"href":"https:\/\/trimakasi.eu\/it\/wp-json\/wp\/v2\/product"}],"about":[{"href":"https:\/\/trimakasi.eu\/it\/wp-json\/wp\/v2\/types\/product"}],"replies":[{"embeddable":true,"href":"https:\/\/trimakasi.eu\/it\/wp-json\/wp\/v2\/comments?post=73975"}],"wp:featuredmedia":[{"embeddable":true,"href":"https:\/\/trimakasi.eu\/it\/wp-json\/wp\/v2\/media\/105081"}],"wp:attachment":[{"href":"https:\/\/trimakasi.eu\/it\/wp-json\/wp\/v2\/media?parent=73975"}],"wp:term":[{"taxonomy":"product_brand","embeddable":true,"href":"https:\/\/trimakasi.eu\/it\/wp-json\/wp\/v2\/product_brand?post=73975"},{"taxonomy":"product_cat","embeddable":true,"href":"https:\/\/trimakasi.eu\/it\/wp-json\/wp\/v2\/product_cat?post=73975"},{"taxonomy":"product_tag","embeddable":true,"href":"https:\/\/trimakasi.eu\/it\/wp-json\/wp\/v2\/product_tag?post=73975"}],"curies":[{"name":"wp","href":"https:\/\/api.w.org\/{rel}","templated":true}]}}