{"id":73372,"date":"2018-10-23T22:43:04","date_gmt":"2018-10-23T20:43:04","guid":{"rendered":"https:\/\/trimakasi.eu\/product\/import-placeholder-for-73157\/"},"modified":"2024-03-25T19:11:10","modified_gmt":"2024-03-25T18:11:10","slug":"rosa-avventurina-opaco","status":"publish","type":"product","link":"https:\/\/trimakasi.eu\/it\/product\/pink-aventurine-matte\/","title":{"rendered":"Avventurina rosa - braccialetto opaco"},"content":{"rendered":"<h3>Avventurina rosa \u2013 opaca<\/h3>\n<p>Il nome avanturina o avventurina deriva dalla frase italiana &quot;A ventura&quot;, che significa &quot;alla felicit\u00e0&quot;. Questa pietra \u00e8 anche conosciuta con il soprannome di &quot;Pietra delle opportunit\u00e0&quot;. Da secoli si crede che abbia la capacit\u00e0 di aumentare la felicit\u00e0 nelle competizioni e nel gioco d&#039;azzardo. La pietra pu\u00f2 anche rimuovere vecchi schemi di pensiero e abitudini, rendendo inevitabili nuove opportunit\u00e0 nella vita. Promuove un senso di benessere e fornisce una visione positiva della vita. Aventurin simboleggia anche la pace, la pazienza e la creativit\u00e0.<\/p>\n<p>Elemento: <strong>Fuoco e Terra<\/strong><\/p>\n<p>Segno zodiacale: <strong>Toro, Acquario<\/strong><\/p>\n<p>Il braccialetto armonizza il chakra sacrale e il chakra del plesso solare:<\/p>\n<p><a href=\"https:\/\/trimakasi.eu\/wp-content\/uploads\/\u010dakra2.jpg\"><img loading=\"lazy\" decoding=\"async\" class=\"alignnone size-full wp-image-138514\" src=\"https:\/\/trimakasi.eu\/wp-content\/uploads\/\u010dakra2.jpg\" alt=\"Chakra sacrale\" width=\"76\" height=\"96\" srcset=\"https:\/\/trimakasi.eu\/wp-content\/uploads\/\u010dakra2.jpg 76w, https:\/\/trimakasi.eu\/wp-content\/uploads\/\u010dakra2-10x12.jpg 10w\" sizes=\"auto, (max-width: 76px) 100vw, 76px\" \/><\/a><a href=\"https:\/\/trimakasi.eu\/wp-content\/uploads\/2020\/07\/\u010dakra3.jpg\"><img loading=\"lazy\" decoding=\"async\" class=\"alignnone size-full wp-image-83567\" src=\"https:\/\/trimakasi.eu\/wp-content\/uploads\/2020\/07\/\u010dakra3.jpg\" alt=\"Chakra del plesso solare\" width=\"77\" height=\"86\" srcset=\"https:\/\/trimakasi.eu\/wp-content\/uploads\/2020\/07\/\u010dakra3.jpg 77w, https:\/\/trimakasi.eu\/wp-content\/uploads\/2020\/07\/\u010dakra3-11x12.jpg 11w\" sizes=\"auto, (max-width: 77px) 100vw, 77px\" \/><\/a><\/p>\n<p><a href=\"https:\/\/trimakasi.eu\/it\/video-blog\/\"><u>Visita il nostro video blog per scoprire le connessioni tra pietre preziose, segni zodiacali, chakra e molto altro.<\/u><\/a><\/p>","protected":false},"excerpt":{"rendered":"<p>L&#039;avventurina rosa \u00e8 considerata una pietra di buona fortuna e prosperit\u00e0. Il colore chiaro e la superficie opaca di questo bracciale esprimono eleganza e sensibilit\u00e0. Scopri di pi\u00f9 sulle propriet\u00e0 di questa pietra di seguito.<\/p>\n<p>Scegli un braccialetto in base alle sue dimensioni e al colore dell&#039;ultima perla.\u00a0<a href=\"https:\/\/trimakasi.eu\/it\/come-scegliere-la-misura-del-braccialetto\/\">Le istruzioni su come determinare correttamente la taglia sono disponibili qui.<\/a><\/p>","protected":false},"featured_media":104841,"comment_status":"open","ping_status":"closed","template":"","meta":{"_acf_changed":false,"_themeisle_gutenberg_block_has_review":false},"product_brand":[],"product_cat":[1687,554,553],"product_tag":[],"class_list":{"0":"post-73372","1":"product","2":"type-product","3":"status-publish","4":"has-post-thumbnail","6":"product_cat-elastic-bracelets","7":"product_cat-natural-gemstone-bracelets","8":"product_cat-womens-jewellery","10":"first","11":"instock","12":"taxable","13":"shipping-taxable","14":"purchasable","15":"product-type-variable","16":"has-default-attributes"},"acf":[],"_links":{"self":[{"href":"https:\/\/trimakasi.eu\/it\/wp-json\/wp\/v2\/product\/73372","targetHints":{"allow":["GET"]}}],"collection":[{"href":"https:\/\/trimakasi.eu\/it\/wp-json\/wp\/v2\/product"}],"about":[{"href":"https:\/\/trimakasi.eu\/it\/wp-json\/wp\/v2\/types\/product"}],"replies":[{"embeddable":true,"href":"https:\/\/trimakasi.eu\/it\/wp-json\/wp\/v2\/comments?post=73372"}],"wp:featuredmedia":[{"embeddable":true,"href":"https:\/\/trimakasi.eu\/it\/wp-json\/wp\/v2\/media\/104841"}],"wp:attachment":[{"href":"https:\/\/trimakasi.eu\/it\/wp-json\/wp\/v2\/media?parent=73372"}],"wp:term":[{"taxonomy":"product_brand","embeddable":true,"href":"https:\/\/trimakasi.eu\/it\/wp-json\/wp\/v2\/product_brand?post=73372"},{"taxonomy":"product_cat","embeddable":true,"href":"https:\/\/trimakasi.eu\/it\/wp-json\/wp\/v2\/product_cat?post=73372"},{"taxonomy":"product_tag","embeddable":true,"href":"https:\/\/trimakasi.eu\/it\/wp-json\/wp\/v2\/product_tag?post=73372"}],"curies":[{"name":"wp","href":"https:\/\/api.w.org\/{rel}","templated":true}]}}