{"id":73364,"date":"2018-10-23T22:43:02","date_gmt":"2018-10-23T20:43:02","guid":{"rendered":"https:\/\/trimakasi.eu\/product\/import-placeholder-for-73141\/"},"modified":"2025-02-26T19:56:00","modified_gmt":"2025-02-26T18:56:00","slug":"arancio-avventurina","status":"publish","type":"product","link":"https:\/\/trimakasi.eu\/it\/product\/orange-aventurine\/","title":{"rendered":"Bracciale in avventurina arancione"},"content":{"rendered":"<h3>Avventurina arancione \u2013 propriet\u00e0<\/h3>\n<p>Il nome avanturina o avventurina deriva dalla frase italiana &quot;A ventura&quot;, che significa &quot;alla felicit\u00e0&quot;. Questa pietra \u00e8 anche conosciuta con il soprannome di &quot;Pietra delle opportunit\u00e0&quot; e da secoli si crede che abbia la capacit\u00e0 di aumentare la felicit\u00e0 e anche la fortuna nelle competizioni e nei giochi d&#039;azzardo.<\/p>\n<p>Questa pietra pu\u00f2 anche rimuovere vecchi schemi di pensiero e abitudini, rendendo inevitabili nuove opportunit\u00e0 nella vita. Promuove un senso di benessere e fornisce una visione positiva della vita. L&#039;avventurina simboleggia anche la pace, la pazienza e la creativit\u00e0.<\/p>\n<p>Elemento: <strong>Fuoco e Terra<\/strong><\/p>\n<p>Segno zodiacale: <strong>Toro, Acquario<\/strong><\/p>\n<p>Il braccialetto armonizza il chakra sacrale e il chakra del plesso solare:<\/p>\n<p><a href=\"https:\/\/trimakasi.eu\/wp-content\/uploads\/\u010dakra2.jpg\"><img loading=\"lazy\" decoding=\"async\" class=\"alignnone size-full wp-image-138514\" src=\"https:\/\/trimakasi.eu\/wp-content\/uploads\/\u010dakra2.jpg\" alt=\"Chakra sacrale\" width=\"76\" height=\"96\" srcset=\"https:\/\/trimakasi.eu\/wp-content\/uploads\/\u010dakra2.jpg 76w, https:\/\/trimakasi.eu\/wp-content\/uploads\/\u010dakra2-10x12.jpg 10w\" sizes=\"auto, (max-width: 76px) 100vw, 76px\" \/><\/a><a href=\"https:\/\/trimakasi.eu\/wp-content\/uploads\/2020\/07\/\u010dakra3.jpg\"><img loading=\"lazy\" decoding=\"async\" class=\"alignnone size-full wp-image-83567\" src=\"https:\/\/trimakasi.eu\/wp-content\/uploads\/2020\/07\/\u010dakra3.jpg\" alt=\"Chakra del plesso solare\" width=\"77\" height=\"86\" srcset=\"https:\/\/trimakasi.eu\/wp-content\/uploads\/2020\/07\/\u010dakra3.jpg 77w, https:\/\/trimakasi.eu\/wp-content\/uploads\/2020\/07\/\u010dakra3-11x12.jpg 11w\" sizes=\"auto, (max-width: 77px) 100vw, 77px\" \/><\/a><\/p>\n<p><a href=\"https:\/\/trimakasi.eu\/it\/video-blog\/\"><u>Visita il nostro video blog per scoprire le connessioni tra pietre preziose, segni zodiacali, chakra e molto altro.<\/u><\/a><\/p>","protected":false},"excerpt":{"rendered":"<p>L'Avventurina Arancione \u00e8 conosciuta come una pietra di fortuna, prosperit\u00e0 e ottimismo. La sua tonalit\u00e0 calda e luminosa si dice che rafforzi la fiducia in s\u00e9 stessi, la creativit\u00e0 e la crescita personale, rendendola un potente alleato per chi cerca successo e positivit\u00e0. Scopri di pi\u00f9 sulle propriet\u00e0 di questa pietra qui sotto.<\/p>\n<p>Scegli un braccialetto in base alle sue dimensioni e al colore dell&#039;ultima perla.\u00a0<a href=\"https:\/\/trimakasi.eu\/it\/come-scegliere-la-misura-del-braccialetto\/\">Le istruzioni su come determinare correttamente la taglia sono disponibili qui.<\/a><\/p>","protected":false},"featured_media":105156,"comment_status":"open","ping_status":"closed","template":"","meta":{"_acf_changed":false,"_themeisle_gutenberg_block_has_review":false},"product_brand":[],"product_cat":[1687,554,553],"product_tag":[],"class_list":{"0":"post-73364","1":"product","2":"type-product","3":"status-publish","4":"has-post-thumbnail","6":"product_cat-elastic-bracelets","7":"product_cat-natural-gemstone-bracelets","8":"product_cat-womens-jewellery","10":"first","11":"instock","12":"taxable","13":"shipping-taxable","14":"purchasable","15":"product-type-variable","16":"has-default-attributes"},"acf":[],"_links":{"self":[{"href":"https:\/\/trimakasi.eu\/it\/wp-json\/wp\/v2\/product\/73364","targetHints":{"allow":["GET"]}}],"collection":[{"href":"https:\/\/trimakasi.eu\/it\/wp-json\/wp\/v2\/product"}],"about":[{"href":"https:\/\/trimakasi.eu\/it\/wp-json\/wp\/v2\/types\/product"}],"replies":[{"embeddable":true,"href":"https:\/\/trimakasi.eu\/it\/wp-json\/wp\/v2\/comments?post=73364"}],"wp:featuredmedia":[{"embeddable":true,"href":"https:\/\/trimakasi.eu\/it\/wp-json\/wp\/v2\/media\/105156"}],"wp:attachment":[{"href":"https:\/\/trimakasi.eu\/it\/wp-json\/wp\/v2\/media?parent=73364"}],"wp:term":[{"taxonomy":"product_brand","embeddable":true,"href":"https:\/\/trimakasi.eu\/it\/wp-json\/wp\/v2\/product_brand?post=73364"},{"taxonomy":"product_cat","embeddable":true,"href":"https:\/\/trimakasi.eu\/it\/wp-json\/wp\/v2\/product_cat?post=73364"},{"taxonomy":"product_tag","embeddable":true,"href":"https:\/\/trimakasi.eu\/it\/wp-json\/wp\/v2\/product_tag?post=73364"}],"curies":[{"name":"wp","href":"https:\/\/api.w.org\/{rel}","templated":true}]}}