{"id":73331,"date":"2018-10-23T22:42:43","date_gmt":"2018-10-23T20:42:43","guid":{"rendered":"https:\/\/trimakasi.eu\/product\/import-placeholder-for-73084\/"},"modified":"2025-06-02T15:30:06","modified_gmt":"2025-06-02T13:30:06","slug":"fluorite","status":"publish","type":"product","link":"https:\/\/trimakasi.eu\/it\/product\/fluorite\/","title":{"rendered":"Bracciale in fluorite"},"content":{"rendered":"<h3>Fluorite \u2013 propriet\u00e0<\/h3>\n<p>Il nome di questa pietra deriva dal latino \u201cfluere\u201d che significa \u201cfluire\u201d. Le propriet\u00e0 fisiche di questo minerale hanno anche dato il nome al termine fluorescenza (reazione ai raggi UV).<\/p>\n<p>La fluorite \u00e8 una delle gemme cristalline pi\u00f9 popolari al mondo che ama sia i geologi per la sua colorazione e la notevole struttura cristallina cubica, sia i guaritori alternativi per le sue vibrazioni interne, che hanno una forte risonanza con la mente umana.<\/p>\n<p>L&#039;energia di questa pietra pu\u00f2 portarci pace e stabilit\u00e0, aiutando a formare l&#039;energia caotica e dispersa in una forma superiore di coerenza e armonia. La fluorite \u00e8 una pietra di supporto del pensiero, della spiritualit\u00e0, della concentrazione e dell&#039;equilibrio in tutti gli aspetti della vita. Presumibilmente, stimola anche entrambi gli emisferi cerebrali a lavorare armoniosamente in equilibrio, il che pu\u00f2 riflettersi nell&#039;incoraggiare la creativit\u00e0 e facilitare la risoluzione logica di problemi complessi.<\/p>\n<p><strong>Fluorite viola<\/strong> \u2013 Aiuta l&#039;intuizione ed \u00e8 un&#039;ottima pietra per la meditazione e lo sviluppo mentale. La sua energia pu\u00f2 liberare stress, disagio spirituale e blocchi. Pu\u00f2 anche essere usato come una &quot;pietra dei sogni&quot; protettiva che distrugge i brutti sogni nel sonno. Armonizza il chakra del terzo occhio.<\/p>\n<p><img loading=\"lazy\" decoding=\"async\" class=\"alignnone wp-image-72748\" style=\"color: #333333; font-size: 14.4px;\" src=\"https:\/\/trimakasi.cz\/wp-content\/uploads\/2018\/07\/\u010dakra6.jpg\" alt=\"\" width=\"70\" height=\"67\" \/><\/p>\n<p><strong>Fluorite verde<\/strong> \u2013 Presumibilmente, pu\u00f2 rompere il surplus di energia, ispirare nuove idee in noi e accelerare il pensiero. Pu\u00f2 anche essere usato come pietra purificatrice per abbattere l&#039;energia negativa, alleviare traumi emotivi o distruggere dipendenze psicologiche o fisiche malsane. Guarisce e armonizza il Chakra del Cuore.<\/p>\n<p><img loading=\"lazy\" decoding=\"async\" class=\"alignnone wp-image-72746\" style=\"font-size: 14.4px;\" src=\"https:\/\/trimakasi.cz\/wp-content\/uploads\/2018\/07\/\u010dakra4.jpg\" alt=\"\" width=\"66\" height=\"77\" \/><\/p>\n<p>Elemento: <strong>Aria e Acqua<\/strong><\/p>\n<p>Segni zodiacali: <strong>Capricorno e Pesce<\/strong><\/p>\n<p>Il braccialetto armonizza il chakra del cuore, il chakra del terzo occhio e il chakra della corona<\/p>\n<p><img loading=\"lazy\" decoding=\"async\" class=\"alignnone wp-image-72746\" style=\"font-size: 14.4px;\" src=\"https:\/\/trimakasi.cz\/wp-content\/uploads\/2018\/07\/\u010dakra4.jpg\" alt=\"\" width=\"66\" height=\"77\" \/><img loading=\"lazy\" decoding=\"async\" class=\"alignnone wp-image-72748\" style=\"color: #333333; font-size: 14.4px;\" src=\"https:\/\/trimakasi.cz\/wp-content\/uploads\/2018\/07\/\u010dakra6.jpg\" alt=\"\" width=\"70\" height=\"67\" \/><img loading=\"lazy\" decoding=\"async\" class=\"alignnone wp-image-72749\" src=\"https:\/\/trimakasi.cz\/wp-content\/uploads\/2018\/07\/\u010dakra7.jpg\" alt=\"Korunn\u00ed \u010dakra\" width=\"73\" height=\"81\" \/><\/p>\n<p><a href=\"https:\/\/trimakasi.eu\/it\/video-blog\/\"><u>Visita il nostro video blog per scoprire le connessioni tra pietre preziose, segni zodiacali, chakra e molto altro.<\/u><\/a><\/p>","protected":false},"excerpt":{"rendered":"<p>Il Fluorite incanta con i suoi straordinari colori, che spaziano dal verde bottiglia al viola intenso. Conosciuta come la \u201cPietra dei Geni,\u201d si dice che aumenti la concentrazione, la creativit\u00e0 e la chiarezza mentale. Con le sue tonalit\u00e0 vivaci e la sua energia unica, il Fluorite \u00e8 una delle gemme pi\u00f9 apprezzate, perfetta per chi cerca sia bellezza che forza mentale.<\/p>\n<p>Scegli un braccialetto in base al colore della Fluorite, alla misura del bracciale e al colore dell&#039;ultima perla.\u00a0<a href=\"https:\/\/trimakasi.eu\/it\/come-scegliere-la-misura-del-braccialetto\/\">Le istruzioni su come determinare correttamente la taglia sono disponibili qui.<\/a><\/p>","protected":false},"featured_media":105275,"comment_status":"open","ping_status":"closed","template":"","meta":{"_acf_changed":false,"_themeisle_gutenberg_block_has_review":false},"product_brand":[],"product_cat":[1687,1064,554,1068,553],"product_tag":[],"class_list":{"0":"post-73331","1":"product","2":"type-product","3":"status-publish","4":"has-post-thumbnail","6":"product_cat-elastic-bracelets","7":"product_cat-mens-jewellery","8":"product_cat-natural-gemstone-bracelets","9":"product_cat-natural-gemstone-bracelets-for-men","10":"product_cat-womens-jewellery","12":"first","13":"instock","14":"featured","15":"taxable","16":"shipping-taxable","17":"purchasable","18":"product-type-variable","19":"has-default-attributes"},"acf":[],"_links":{"self":[{"href":"https:\/\/trimakasi.eu\/it\/wp-json\/wp\/v2\/product\/73331","targetHints":{"allow":["GET"]}}],"collection":[{"href":"https:\/\/trimakasi.eu\/it\/wp-json\/wp\/v2\/product"}],"about":[{"href":"https:\/\/trimakasi.eu\/it\/wp-json\/wp\/v2\/types\/product"}],"replies":[{"embeddable":true,"href":"https:\/\/trimakasi.eu\/it\/wp-json\/wp\/v2\/comments?post=73331"}],"wp:featuredmedia":[{"embeddable":true,"href":"https:\/\/trimakasi.eu\/it\/wp-json\/wp\/v2\/media\/105275"}],"wp:attachment":[{"href":"https:\/\/trimakasi.eu\/it\/wp-json\/wp\/v2\/media?parent=73331"}],"wp:term":[{"taxonomy":"product_brand","embeddable":true,"href":"https:\/\/trimakasi.eu\/it\/wp-json\/wp\/v2\/product_brand?post=73331"},{"taxonomy":"product_cat","embeddable":true,"href":"https:\/\/trimakasi.eu\/it\/wp-json\/wp\/v2\/product_cat?post=73331"},{"taxonomy":"product_tag","embeddable":true,"href":"https:\/\/trimakasi.eu\/it\/wp-json\/wp\/v2\/product_tag?post=73331"}],"curies":[{"name":"wp","href":"https:\/\/api.w.org\/{rel}","templated":true}]}}