{"id":166032,"date":"2022-02-13T09:03:06","date_gmt":"2022-02-13T08:03:06","guid":{"rendered":"https:\/\/trimakasi.eu\/?post_type=product&#038;p=166032"},"modified":"2024-03-25T18:24:10","modified_gmt":"2024-03-25T17:24:10","slug":"collana-di-perline-in-sodalite-da-uomo","status":"publish","type":"product","link":"https:\/\/trimakasi.eu\/it\/product\/beaded-sodalite-necklace-for-men\/","title":{"rendered":"Collana da uomo in sodalite con perline"},"content":{"rendered":"<h3>Sodalite<\/h3>\n<p>Sodalite porta pace, ordine ed equilibrio emotivo alla nostra mente. Promuove il pensiero razionale, l&#039;obiettivit\u00e0, l&#039;intuizione e allo stesso tempo aumenta la fiducia in se stessi. Questa pietra ci permette di guardare oggettivamente nella nostra anima e valutare i nostri punti di forza e di debolezza e, soprattutto, di trovare la fonte della nostra motivazione.<br \/>\nLa sodalite aiuta a prevenire il panico e la disperazione. Sodalite ci protegge dai conflitti e aiuta a raggiungere compromessi. Se questa pietra \u00e8 presente durante il lavoro di squadra, porta armonia, solidariet\u00e0 e consapevolezza dell&#039;obiettivo comune.<\/p>\n<p>Elemento:\u00a0<strong>Acqua, aria<\/strong><\/p>\n<p>Segno zodiacale: <strong>Sagittario, Scorpione, Vergine<\/strong><\/p>\n<p dir=\"ltr\" data-placeholder=\"P\u0159eklad\">Il braccialetto armonizza il chakra della gola e il chakra del terzo occhio<\/p>\n<p dir=\"ltr\" data-placeholder=\"P\u0159eklad\"><img loading=\"lazy\" decoding=\"async\" class=\"alignnone wp-image-72747\" src=\"https:\/\/trimakasi.cz\/wp-content\/uploads\/2018\/07\/%C4%8Dakra5.jpg\" alt=\"Hrdeln\u00ed \u010dakra\" width=\"65\" height=\"70\" \/><img loading=\"lazy\" decoding=\"async\" class=\"alignnone wp-image-72748\" src=\"https:\/\/trimakasi.cz\/wp-content\/uploads\/2018\/07\/%C4%8Dakra6.jpg\" alt=\"\u010cakra t\u0159et\u00edho oka\" width=\"77\" height=\"73\" \/><\/p>\n<p dir=\"ltr\" data-placeholder=\"P\u0159eklad\"><a href=\"https:\/\/trimakasi.eu\/it\/video-blog\/\"><u>Visita il nostro video blog per scoprire le connessioni tra pietre preziose, segni zodiacali, chakra e molto altro.<\/u><\/a><\/p>","protected":false},"excerpt":{"rendered":"<p>Collana in sodalite con pendente tridente in acciaio inossidabile, ispirata alle profondit\u00e0 dell&#039;oceano. Intraprendi una ricerca di libert\u00e0 e individualit\u00e0.<\/p>\n<p>La sodalite \u00e8 la chiave dell&#039;armonia interiore, che apre le porte al libero pensiero e ci libera da pregiudizi inutili.<\/p>\n<p>Ogni pietra ha una storia; lascia che questo dica la tua.<\/p>\n<p>Il design senza cuciture della collana consente di posizionarla direttamente sopra la testa. La lunghezza della collana \u00e8 di 69 cm.<br \/>\nScopri di pi\u00f9 sulla Sodalite di seguito.<\/p>","protected":false},"featured_media":165829,"comment_status":"open","ping_status":"closed","template":"","meta":{"_acf_changed":false,"_themeisle_gutenberg_block_has_review":false},"product_brand":[],"product_cat":[1064,1150,1690],"product_tag":[],"class_list":{"0":"post-166032","1":"product","2":"type-product","3":"status-publish","4":"has-post-thumbnail","6":"product_cat-mens-jewellery","7":"product_cat-necklaces-for-men","8":"product_cat-necklaces","10":"first","11":"instock","12":"taxable","13":"shipping-taxable","14":"purchasable","15":"product-type-simple"},"acf":[],"_links":{"self":[{"href":"https:\/\/trimakasi.eu\/it\/wp-json\/wp\/v2\/product\/166032","targetHints":{"allow":["GET"]}}],"collection":[{"href":"https:\/\/trimakasi.eu\/it\/wp-json\/wp\/v2\/product"}],"about":[{"href":"https:\/\/trimakasi.eu\/it\/wp-json\/wp\/v2\/types\/product"}],"replies":[{"embeddable":true,"href":"https:\/\/trimakasi.eu\/it\/wp-json\/wp\/v2\/comments?post=166032"}],"wp:featuredmedia":[{"embeddable":true,"href":"https:\/\/trimakasi.eu\/it\/wp-json\/wp\/v2\/media\/165829"}],"wp:attachment":[{"href":"https:\/\/trimakasi.eu\/it\/wp-json\/wp\/v2\/media?parent=166032"}],"wp:term":[{"taxonomy":"product_brand","embeddable":true,"href":"https:\/\/trimakasi.eu\/it\/wp-json\/wp\/v2\/product_brand?post=166032"},{"taxonomy":"product_cat","embeddable":true,"href":"https:\/\/trimakasi.eu\/it\/wp-json\/wp\/v2\/product_cat?post=166032"},{"taxonomy":"product_tag","embeddable":true,"href":"https:\/\/trimakasi.eu\/it\/wp-json\/wp\/v2\/product_tag?post=166032"}],"curies":[{"name":"wp","href":"https:\/\/api.w.org\/{rel}","templated":true}]}}