{"id":166026,"date":"2022-06-13T08:35:04","date_gmt":"2022-06-13T06:35:04","guid":{"rendered":"https:\/\/trimakasi.eu\/?post_type=product&#038;p=166026"},"modified":"2025-12-01T22:09:01","modified_gmt":"2025-12-01T21:09:01","slug":"collana-di-perline-di-crisocolla-da-uomo","status":"publish","type":"product","link":"https:\/\/trimakasi.eu\/it\/product\/beaded-chrysocolla-necklace-for-men\/","title":{"rendered":"Collana con perline Chrysocolla da uomo"},"content":{"rendered":"<h3>Chryzocolla<\/h3>\n<p>Chryzocolla \u00e8 una pietra di comunicazione. Le calme vibrazioni del suo colore turchese dissolvono l&#039;energia negativa e sottolineano il potere delle nostre parole, rafforzando cos\u00ec il nostro carisma. Questo minerale aiuta anche a esprimere le nostre idee pi\u00f9 creative e complesse. Nell&#039;antico Egitto la chryzocolla era chiamata la \u201cPietra dei Re Magi\u201d, perch\u00e9 si credeva fosse in grado di stimolare la mente, e si diceva che chi indossava questa pietra potesse risolvere i problemi con abili compromessi.<\/p>\n<p>La crizocolla era la pietra preferita di Cleopatra e ha sempre con s\u00e9 dei gioielli fatti di crizocolla. Questa pietra semipreziosa probabilmente l&#039;ha aiutata con le sue vibrazioni rilassanti e ha sostenuto la sua creativit\u00e0 nei negoziati di successo con i diplomatici e i governanti degli imperi che circondavano l&#039;Egitto in quel momento. Gli indiani nordamericani usavano la crisocolla come pietra curativa per accelerare il trattamento di una variet\u00e0 di malattie e anche come amuleto per la prevenzione. Molti dei segni zodiacali possono beneficiare delle propriet\u00e0 lenitive di questa pietra.<\/p>\n<div>Paese d&#039;origine: <strong>Messico<\/strong><\/div>\n<div><\/div>\n<div>Elemento: <strong>Terra, Acqua<\/strong><\/div>\n<div><\/div>\n<div>Segni zodiacali: <strong>Sagittario, Toro, Cancro, Acquario, Bilancia, Gemelli e Vergine<\/strong><\/div>\n<p>Questa pietra armonizza il chakra del cuore e il chakra della gola<\/p>\n<p><img loading=\"lazy\" decoding=\"async\" class=\"alignnone wp-image-72747\" src=\"https:\/\/trimakasi.cz\/wp-content\/uploads\/2018\/07\/\u010dakra5.jpg\" alt=\"Hrdeln\u00ed \u010dakra\" width=\"69\" height=\"74\" \/><img loading=\"lazy\" decoding=\"async\" class=\"alignnone wp-image-72746\" src=\"https:\/\/trimakasi.cz\/wp-content\/uploads\/2018\/07\/\u010dakra4.jpg\" alt=\"Srde\u010dn\u00ed \u010dakra\" width=\"64\" height=\"75\" \/><\/p>\n<p><a href=\"https:\/\/trimakasi.eu\/it\/video-blog\/\"><u>Visita il nostro video blog per scoprire le connessioni tra pietre preziose, segni zodiacali, chakra e molto altro.<\/u><\/a><\/p>","protected":false},"excerpt":{"rendered":"<p>Collana di perline in sorprendenti tonalit\u00e0 turchesi e blu, completata da un pendente tridente dorato, simbolo iconico del dio Poseidone. Un vero originale che non troverai da nessun&#039;altra parte.<\/p>\n<p>La Crisocolla \u00e8 la pietra che enfatizza il potere delle nostre parole e d\u00e0 vita ai nostri pensieri pi\u00f9 creativi.<\/p>\n<p>Ogni pietra ha una storia; lascia che questo dica la tua.<\/p>\n<p>Il design senza cuciture della collana consente di posizionarla direttamente sopra la testa. La lunghezza della collana \u00e8 di 69 cm.<br \/>\nScopri di pi\u00f9 sulla Crisocolla di seguito.<\/p>","protected":false},"featured_media":165827,"comment_status":"open","ping_status":"closed","template":"","meta":{"_acf_changed":false,"_themeisle_gutenberg_block_has_review":false},"product_brand":[],"product_cat":[1064,1150,1690],"product_tag":[],"class_list":{"0":"post-166026","1":"product","2":"type-product","3":"status-publish","4":"has-post-thumbnail","6":"product_cat-mens-jewellery","7":"product_cat-necklaces-for-men","8":"product_cat-necklaces","10":"first","11":"instock","12":"taxable","13":"shipping-taxable","14":"purchasable","15":"product-type-simple"},"acf":[],"_links":{"self":[{"href":"https:\/\/trimakasi.eu\/it\/wp-json\/wp\/v2\/product\/166026","targetHints":{"allow":["GET"]}}],"collection":[{"href":"https:\/\/trimakasi.eu\/it\/wp-json\/wp\/v2\/product"}],"about":[{"href":"https:\/\/trimakasi.eu\/it\/wp-json\/wp\/v2\/types\/product"}],"replies":[{"embeddable":true,"href":"https:\/\/trimakasi.eu\/it\/wp-json\/wp\/v2\/comments?post=166026"}],"wp:featuredmedia":[{"embeddable":true,"href":"https:\/\/trimakasi.eu\/it\/wp-json\/wp\/v2\/media\/165827"}],"wp:attachment":[{"href":"https:\/\/trimakasi.eu\/it\/wp-json\/wp\/v2\/media?parent=166026"}],"wp:term":[{"taxonomy":"product_brand","embeddable":true,"href":"https:\/\/trimakasi.eu\/it\/wp-json\/wp\/v2\/product_brand?post=166026"},{"taxonomy":"product_cat","embeddable":true,"href":"https:\/\/trimakasi.eu\/it\/wp-json\/wp\/v2\/product_cat?post=166026"},{"taxonomy":"product_tag","embeddable":true,"href":"https:\/\/trimakasi.eu\/it\/wp-json\/wp\/v2\/product_tag?post=166026"}],"curies":[{"name":"wp","href":"https:\/\/api.w.org\/{rel}","templated":true}]}}