{"id":166019,"date":"2023-05-12T20:02:52","date_gmt":"2023-05-12T18:02:52","guid":{"rendered":"https:\/\/trimakasi.eu\/?post_type=product&#038;p=166019"},"modified":"2025-02-04T10:58:45","modified_gmt":"2025-02-04T09:58:45","slug":"collana-mala-con-pietra-lavica","status":"publish","type":"product","link":"https:\/\/trimakasi.eu\/it\/product\/mala-necklace-with-lava-stone\/","title":{"rendered":"Collana Mala con pietra lavica"},"content":{"rendered":"<h3><a href=\"https:\/\/trimakasi.eu\/it\/product\/pietra-lavica\/\">Pietra lavica<\/a><\/h3>\n<p>Grazie alla naturale struttura porosa di queste pietre, a volte chiamate Vulkanite, non troverai mai due perle identiche. La lava proviene direttamente dal centro della terra e il suo significato spirituale riguarda il radicamento e il collegamento con la natura. I nativi americani indossavano un pezzo di pietra lavica nelle battaglie perch\u00e9 credevano che il suo potere avrebbe portato loro coraggio e forza.<\/p>\n<p>La pietra lavica \u00e8 anche soprannominata &quot;The Rebirth Stone&quot; perch\u00e9 ha la capacit\u00e0 di aiutare chi la indossa a liberarsi di emozioni inutili e malsane. La pietra lavica ci mantiene mentalmente stabili e ci aiuta ad abbassare la rabbia. L&#039;effetto levigante della pietra lavica viene utilizzato ad esempio anche per i massaggi.<\/p>\n<h3><a href=\"https:\/\/trimakasi.eu\/it\/product\/diaspro-sangue-di-drago\/\">Jasper Dragon sangue<\/a><\/h3>\n<p>I depositi pi\u00f9 significativi di questa pietra si trovano in Australia. Gli indigeni di questo continente credevano che fosse un residuo fossilizzato di antichi draghi defunti, potenti creature con la pelle verde e il sangue rosso scuro.<\/p>\n<p>&quot;Il drago non pu\u00f2 essere addomesticato, \u00e8 una bestia selvaggia e senza catene - un grande alleato e un nemico pericoloso.&quot; Secondo le leggende menzionate, chi indossa questa pietra guadagner\u00e0 queste propriet\u00e0 del drago.<\/p>\n<p>Questo minerale ha una forte reputazione per stimolare la forza vitale, il coraggio e la vitalit\u00e0 mentale e fisica. Pu\u00f2 anche aiutare la persona che lo indossa a raggiungere i suoi obiettivi e liberarsi di dipendenze non redditizie.<\/p>\n<p>Collegando il chakra della radice e il chakra del cuore questa pietra stimola il coraggio e la lotta per la cosa giusta. Pu\u00f2 aiutare a manifestare il desiderio del cuore nel mondo fisico.<\/p>\n<h3 class=\"LC20lb\"><a href=\"https:\/\/trimakasi.eu\/it\/product\/occhio-di-tigre\/\">Occhio di tigre rosso<\/a><\/h3>\n<p>La pietra ha la capacit\u00e0 di dissipare la negativit\u00e0 e il suo colore dorato attrae prosperit\u00e0, ricchezza e uno status sociale significativo. Rappresenta il sole e la tendenza associata a &quot;essere al centro dell&#039;attenzione&quot;.<\/p>\n<p>Segno zodiacale:<strong> Utile per tutti i segni zodiacali<\/strong><\/p>\n<p>Elemento:<strong> Fuoco, Terra<\/strong><\/p>\n<p>La collana armonizza il chakra della radice e il chakra del cuore<\/p>\n<p><a href=\"https:\/\/trimakasi.eu\/wp-content\/uploads\/\u010dakra1.jpg\"><img loading=\"lazy\" decoding=\"async\" class=\"alignnone size-full wp-image-138513\" src=\"https:\/\/trimakasi.eu\/wp-content\/uploads\/\u010dakra1.jpg\" alt=\"Chakra della radice\" width=\"81\" height=\"88\" srcset=\"https:\/\/trimakasi.eu\/wp-content\/uploads\/\u010dakra1.jpg 81w, https:\/\/trimakasi.eu\/wp-content\/uploads\/\u010dakra1-11x12.jpg 11w\" sizes=\"auto, (max-width: 81px) 100vw, 81px\" \/> <\/a><a href=\"https:\/\/trimakasi.eu\/wp-content\/uploads\/2020\/07\/\u010dakra4.jpg\"><img loading=\"lazy\" decoding=\"async\" class=\"alignnone size-full wp-image-83566\" src=\"https:\/\/trimakasi.eu\/wp-content\/uploads\/2020\/07\/\u010dakra4.jpg\" alt=\"Chakra del cuore\" width=\"79\" height=\"93\" srcset=\"https:\/\/trimakasi.eu\/wp-content\/uploads\/2020\/07\/\u010dakra4.jpg 79w, https:\/\/trimakasi.eu\/wp-content\/uploads\/2020\/07\/\u010dakra4-10x12.jpg 10w\" sizes=\"auto, (max-width: 79px) 100vw, 79px\" \/><\/a><\/p>\n<p><a href=\"https:\/\/trimakasi.eu\/it\/video-blog\/\"><u>Visita il nostro video blog per scoprire le connessioni tra pietre preziose, segni zodiacali, chakra e molto altro.<\/u><\/a><\/p>\n<p>&nbsp;<\/p>","protected":false},"excerpt":{"rendered":"<p>Scopri il potere spirituale e lo stile nella nostra esclusiva collana Mala, magistralmente realizzata con pietra lavica, occhio di tigre rosso e diaspro con sangue di drago.<\/p>\n<p>Questa collana di perline non \u00e8 solo un gioiello, ma uno strumento di meditazione che riflette antichi insegnamenti sulla forza degli elementi naturali e sul loro impatto sul nostro corpo e sulla nostra anima.<\/p>\n<p>Il design senza cuciture della collana consente di posizionarla direttamente sopra la testa. La lunghezza della collana \u00e8 di 69 cm.<\/p>\n<p>Scopri di pi\u00f9 sulla collana e sulle pietre utilizzate di seguito.<\/p>","protected":false},"featured_media":165856,"comment_status":"open","ping_status":"closed","template":"","meta":{"_acf_changed":false,"_themeisle_gutenberg_block_has_review":false},"product_brand":[],"product_cat":[1064,1690,1150],"product_tag":[],"class_list":{"0":"post-166019","1":"product","2":"type-product","3":"status-publish","4":"has-post-thumbnail","6":"product_cat-mens-jewellery","7":"product_cat-necklaces","8":"product_cat-necklaces-for-men","10":"first","11":"outofstock","12":"taxable","13":"shipping-taxable","14":"purchasable","15":"product-type-simple"},"acf":[],"_links":{"self":[{"href":"https:\/\/trimakasi.eu\/it\/wp-json\/wp\/v2\/product\/166019","targetHints":{"allow":["GET"]}}],"collection":[{"href":"https:\/\/trimakasi.eu\/it\/wp-json\/wp\/v2\/product"}],"about":[{"href":"https:\/\/trimakasi.eu\/it\/wp-json\/wp\/v2\/types\/product"}],"replies":[{"embeddable":true,"href":"https:\/\/trimakasi.eu\/it\/wp-json\/wp\/v2\/comments?post=166019"}],"wp:featuredmedia":[{"embeddable":true,"href":"https:\/\/trimakasi.eu\/it\/wp-json\/wp\/v2\/media\/165856"}],"wp:attachment":[{"href":"https:\/\/trimakasi.eu\/it\/wp-json\/wp\/v2\/media?parent=166019"}],"wp:term":[{"taxonomy":"product_brand","embeddable":true,"href":"https:\/\/trimakasi.eu\/it\/wp-json\/wp\/v2\/product_brand?post=166019"},{"taxonomy":"product_cat","embeddable":true,"href":"https:\/\/trimakasi.eu\/it\/wp-json\/wp\/v2\/product_cat?post=166019"},{"taxonomy":"product_tag","embeddable":true,"href":"https:\/\/trimakasi.eu\/it\/wp-json\/wp\/v2\/product_tag?post=166019"}],"curies":[{"name":"wp","href":"https:\/\/api.w.org\/{rel}","templated":true}]}}