{"id":166012,"date":"2022-11-12T13:55:02","date_gmt":"2022-11-12T12:55:02","guid":{"rendered":"https:\/\/trimakasi.eu\/?post_type=product&#038;p=166012"},"modified":"2025-01-13T10:46:41","modified_gmt":"2025-01-13T09:46:41","slug":"collana-medusa-da-uomo","status":"publish","type":"product","link":"https:\/\/trimakasi.eu\/it\/product\/medusa-necklace-for-men\/","title":{"rendered":"Collana Medusa da uomo"},"content":{"rendered":"<h3>Collana Medusa<\/h3>\n<p>Medusa \u00e8 una delle figure pi\u00f9 famose e temute dell&#039;antica mitologia greca. La sua storia \u00e8 un mix di tragedia, maledizione e punizione. Originariamente una bellissima ninfa nota per la sua straordinaria bellezza, fu maledetta e trasformata in un mostro conosciuto come Gorgone dopo aver offeso la dea Atena. Il suo nuovo aspetto e le sue abilit\u00e0 mortali non solo le hanno procurato uno status temuto ma anche l&#039;isolamento dal mondo. La fine di Medusa avvenne per mano dell&#039;eroe Perseo, che la sconfisse e us\u00f2 la sua testa come arma. Anche se la sua storia si \u00e8 conclusa con Perseo, l&#039;eredit\u00e0 di Medusa \u00e8 durata per secoli, ricordando sia il potere degli antichi dei che la complessa natura dell&#039;esistenza umana.<\/p>","protected":false},"excerpt":{"rendered":"<p>Ciondolo moneta da uomo ispirato alle antiche leggende greche, raffigurante Medusa, uno dei personaggi pi\u00f9 famosi della mitologia greca.<\/p>\n<p>Medusa, raffigurata con capelli serpentini e uno sguardo cos\u00ec potente da trasformare gli spettatori in pietra, \u00e8 sempre stata un simbolo di potere e influenza senza fine.<\/p>\n<p>Questo pezzo \u00e8 realizzato in acciaio inossidabile e placcato in oro con vero oro 18 carati utilizzando la tecnologia PVD, garantendone la durata nel tempo.<\/p>\n<p>La lunghezza della catena \u00e8 regolabile tra 61-66 cm e la collana verr\u00e0 consegnata in una borsa protettiva in pelle scamosciata con il logo Trimakasi.<\/p>","protected":false},"featured_media":165858,"comment_status":"closed","ping_status":"closed","template":"","meta":{"_acf_changed":false,"_themeisle_gutenberg_block_has_review":false},"product_brand":[],"product_cat":[1064,1150,1690],"product_tag":[],"class_list":{"0":"post-166012","1":"product","2":"type-product","3":"status-publish","4":"has-post-thumbnail","6":"product_cat-mens-jewellery","7":"product_cat-necklaces-for-men","8":"product_cat-necklaces","10":"first","11":"outofstock","12":"taxable","13":"shipping-taxable","14":"purchasable","15":"product-type-simple"},"acf":[],"_links":{"self":[{"href":"https:\/\/trimakasi.eu\/it\/wp-json\/wp\/v2\/product\/166012","targetHints":{"allow":["GET"]}}],"collection":[{"href":"https:\/\/trimakasi.eu\/it\/wp-json\/wp\/v2\/product"}],"about":[{"href":"https:\/\/trimakasi.eu\/it\/wp-json\/wp\/v2\/types\/product"}],"replies":[{"embeddable":true,"href":"https:\/\/trimakasi.eu\/it\/wp-json\/wp\/v2\/comments?post=166012"}],"wp:featuredmedia":[{"embeddable":true,"href":"https:\/\/trimakasi.eu\/it\/wp-json\/wp\/v2\/media\/165858"}],"wp:attachment":[{"href":"https:\/\/trimakasi.eu\/it\/wp-json\/wp\/v2\/media?parent=166012"}],"wp:term":[{"taxonomy":"product_brand","embeddable":true,"href":"https:\/\/trimakasi.eu\/it\/wp-json\/wp\/v2\/product_brand?post=166012"},{"taxonomy":"product_cat","embeddable":true,"href":"https:\/\/trimakasi.eu\/it\/wp-json\/wp\/v2\/product_cat?post=166012"},{"taxonomy":"product_tag","embeddable":true,"href":"https:\/\/trimakasi.eu\/it\/wp-json\/wp\/v2\/product_tag?post=166012"}],"curies":[{"name":"wp","href":"https:\/\/api.w.org\/{rel}","templated":true}]}}