{"id":166006,"date":"2023-09-11T19:53:41","date_gmt":"2023-09-11T17:53:41","guid":{"rendered":"https:\/\/trimakasi.eu\/?post_type=product&#038;p=166006"},"modified":"2025-12-02T13:50:55","modified_gmt":"2025-12-02T12:50:55","slug":"collana-rosario-ematite-e-ossidiana","status":"publish","type":"product","link":"https:\/\/trimakasi.eu\/it\/product\/rosary-necklace-hematite-and-obsidian\/","title":{"rendered":"Collana rosario Ematite e Ossidiana"},"content":{"rendered":"<h3>Ossidiana nera<\/h3>\n<p>L&#039;ossidiana \u00e8 una forma speciale di gemma naturale, creata dal rapido raffreddamento della lava calda sulla superficie terrestre. \u00c8 stato usato dall&#039;umanit\u00e0 fin dall&#039;et\u00e0 della pietra, quando i cacciatori ricavavano le punte delle loro armi dai suoi trucioli affilati. Questa pietra era anche <span lang=\"en\" tabindex=\"0\">apprezzato tra gli antichi Aztechi, che lo chiamavano &quot;Pietra di Dio&quot;. Il loro pugnale sacro, progettato per il loro famigerato rituale di eseguire sacrifici umani agli dei, era fatto di questa pietra.<\/span><\/p>\n<p><span lang=\"en\" tabindex=\"0\">L&#039;onice nero, la tormalina nera e l&#039;ossidiana nera sono considerate pietre protettive tradizionali a causa del loro colore scuro. Possono circondarti di un&#039;atmosfera protettiva che assorbe tutta la negativit\u00e0 dell&#039;ambiente circostante. Soprattutto, aiutano a superare i modelli di pensiero negativi che derivano dalle emozioni pi\u00f9 debilitanti e tossiche - dalla paura.<\/span><\/p>\n<h3>Ematite<\/h3>\n<p>L&#039;ematite \u00e8 una pietra dalla lucentezza scura che ricorda il cromo appena colato, con una superficie liscia come uno specchio. Il suo colore dal grigio scuro al nero e la sua freschezza al tatto donano a chi lo indossa un senso di forza e stabilit\u00e0.<br \/>\n\u00c8 anche una pietra associata al coraggio e all\u2019equilibrio.<\/p>\n<p>Elemento: <strong>Fuoco, Terra<\/strong><\/p>\n<p>Segno zodiacale:\u00a0<strong>Sagittario, Scorpione, Capricorno, Ariete<\/strong><\/p>\n<p>Il braccialetto armonizza il chakra della radice.<\/p>\n<p><a href=\"https:\/\/trimakasi.eu\/wp-content\/uploads\/\u010dakra1.jpg\"><img loading=\"lazy\" decoding=\"async\" class=\"alignnone size-full wp-image-138513\" src=\"https:\/\/trimakasi.eu\/wp-content\/uploads\/\u010dakra1.jpg\" alt=\"Chakra della radice\" width=\"81\" height=\"88\" srcset=\"https:\/\/trimakasi.eu\/wp-content\/uploads\/\u010dakra1.jpg 81w, https:\/\/trimakasi.eu\/wp-content\/uploads\/\u010dakra1-11x12.jpg 11w\" sizes=\"auto, (max-width: 81px) 100vw, 81px\" \/><\/a><\/p>\n<p><a href=\"https:\/\/trimakasi.eu\/it\/video-blog\/\"><u>Visita il nostro video blog per scoprire le connessioni tra pietre preziose, segni zodiacali, chakra e molto altro.<\/u><\/a><\/p>","protected":false},"excerpt":{"rendered":"<p>Quando la lucentezza cromata dell&#039;ematite incontra le profondit\u00e0 dell&#039;ossidiana nera: un&#039;armonia di potenza ed eleganza.<\/p>\n<p>Il rosario combina un profondo significato spirituale con un design moderno. Una collana che non \u00e8 solo un accessorio, ma anche un simbolo di fede. Una scelta ideale per gli uomini che vogliono esprimere la propria profondit\u00e0 spirituale.<\/p>\n<p>La collana si indossa sopra la testa e la sua lunghezza \u00e8 di 78 cm + 10 cm di parte estesa con croce.<\/p>","protected":false},"featured_media":165862,"comment_status":"open","ping_status":"closed","template":"","meta":{"_acf_changed":false,"_themeisle_gutenberg_block_has_review":false},"product_brand":[],"product_cat":[1064,1150,1690],"product_tag":[],"class_list":{"0":"post-166006","1":"product","2":"type-product","3":"status-publish","4":"has-post-thumbnail","6":"product_cat-mens-jewellery","7":"product_cat-necklaces-for-men","8":"product_cat-necklaces","10":"first","11":"outofstock","12":"taxable","13":"shipping-taxable","14":"purchasable","15":"product-type-simple"},"acf":[],"_links":{"self":[{"href":"https:\/\/trimakasi.eu\/it\/wp-json\/wp\/v2\/product\/166006","targetHints":{"allow":["GET"]}}],"collection":[{"href":"https:\/\/trimakasi.eu\/it\/wp-json\/wp\/v2\/product"}],"about":[{"href":"https:\/\/trimakasi.eu\/it\/wp-json\/wp\/v2\/types\/product"}],"replies":[{"embeddable":true,"href":"https:\/\/trimakasi.eu\/it\/wp-json\/wp\/v2\/comments?post=166006"}],"wp:featuredmedia":[{"embeddable":true,"href":"https:\/\/trimakasi.eu\/it\/wp-json\/wp\/v2\/media\/165862"}],"wp:attachment":[{"href":"https:\/\/trimakasi.eu\/it\/wp-json\/wp\/v2\/media?parent=166006"}],"wp:term":[{"taxonomy":"product_brand","embeddable":true,"href":"https:\/\/trimakasi.eu\/it\/wp-json\/wp\/v2\/product_brand?post=166006"},{"taxonomy":"product_cat","embeddable":true,"href":"https:\/\/trimakasi.eu\/it\/wp-json\/wp\/v2\/product_cat?post=166006"},{"taxonomy":"product_tag","embeddable":true,"href":"https:\/\/trimakasi.eu\/it\/wp-json\/wp\/v2\/product_tag?post=166006"}],"curies":[{"name":"wp","href":"https:\/\/api.w.org\/{rel}","templated":true}]}}