{"id":165982,"date":"2022-11-09T08:27:16","date_gmt":"2022-11-09T07:27:16","guid":{"rendered":"https:\/\/trimakasi.eu\/?post_type=product&#038;p=165982"},"modified":"2025-08-16T18:50:02","modified_gmt":"2025-08-16T16:50:02","slug":"collana-fango-labradorite-da-uomo","status":"publish","type":"product","link":"https:\/\/trimakasi.eu\/it\/product\/labradorite-fang-necklace-for-men\/","title":{"rendered":"Collana con labradorite Fang da uomo"},"content":{"rendered":"<p>&nbsp;<\/p>\n<h3>Labradorite \u2013 Pietra dell&#039;aurora boreale<\/h3>\n<p id=\"tw-target-text\" class=\"tw-data-text tw-ta tw-text-small\" dir=\"ltr\" data-placeholder=\"P\u0159eklad\"><span lang=\"en\" tabindex=\"0\">La labradorite \u00e8 diventata una pietra molto popolare tra le persone di tutto il mondo a tutti i livelli del loro viaggio spirituale. \u00c8 una pietra di sciamani, druidi, guaritori e tutti coloro che cercano una comprensione pi\u00f9 profonda di questo mondo e una conoscenza spirituale pi\u00f9 profonda. La labradorite accende il fuoco dell&#039;immaginazione creativa e calma la mente dalla paura e dall&#039;ansia. <\/span><\/p>\n<p class=\"tw-data-text tw-ta tw-text-small\" dir=\"ltr\" data-placeholder=\"P\u0159eklad\"><span lang=\"en\" tabindex=\"0\">Secondo le leggende delle trib\u00f9 indigene Inuit, la Labradorite \u00e8 stata creata cadendo dall&#039;aurora boreale, la luce misteriosa che separa il &quot;mondo reale&quot; dal mondo dietro il sipario. La labradorite \u00e8 un potente protettore dell&#039;aura umana, prevenendo la dispersione della sua energia e qualsiasi drenaggio della tua energia personale.<\/span><\/p>\n<p>Elemento: <strong>acqua<\/strong><\/p>\n<p>Segni zodiacali:<strong> Bilancia, Cancro, Capricorno<\/strong><\/p>\n<p>Il braccialetto armonizza tutti i chakra.<\/p>\n<p><a href=\"https:\/\/trimakasi.eu\/it\/video-blog\/\"><u>Visita il nostro video blog per scoprire le connessioni tra pietre preziose, segni zodiacali, chakra e molto altro.<\/u><\/a><\/p>","protected":false},"excerpt":{"rendered":"<p>Zanna di labradorite \u2013 un simbolo di forza, coraggio e determinazione. Il ciondolo in labradorite ricorda la zanna di un predatore con la sua forma unica.<\/p>\n<p>Realizzato in acciaio inossidabile con placcatura PVD nera, che garantisce durata e longevit\u00e0.<\/p>\n<p>Scegli una lunghezza della catena di 69 o 80 cm. La collana verr\u00e0 consegnata in una borsa protettiva in pelle scamosciata con il logo Trimakasi.<\/p>\n<p>Il regalo perfetto per gli uomini che desiderano una collana poco appariscente ma elegante.<\/p>","protected":false},"featured_media":165824,"comment_status":"open","ping_status":"closed","template":"","meta":{"_acf_changed":false,"_themeisle_gutenberg_block_has_review":false},"product_brand":[],"product_cat":[1064,1150,1690],"product_tag":[],"class_list":{"0":"post-165982","1":"product","2":"type-product","3":"status-publish","4":"has-post-thumbnail","6":"product_cat-mens-jewellery","7":"product_cat-necklaces-for-men","8":"product_cat-necklaces","10":"first","11":"outofstock","12":"taxable","13":"shipping-taxable","14":"purchasable","15":"product-type-variable","16":"has-default-attributes"},"acf":[],"_links":{"self":[{"href":"https:\/\/trimakasi.eu\/it\/wp-json\/wp\/v2\/product\/165982","targetHints":{"allow":["GET"]}}],"collection":[{"href":"https:\/\/trimakasi.eu\/it\/wp-json\/wp\/v2\/product"}],"about":[{"href":"https:\/\/trimakasi.eu\/it\/wp-json\/wp\/v2\/types\/product"}],"replies":[{"embeddable":true,"href":"https:\/\/trimakasi.eu\/it\/wp-json\/wp\/v2\/comments?post=165982"}],"wp:featuredmedia":[{"embeddable":true,"href":"https:\/\/trimakasi.eu\/it\/wp-json\/wp\/v2\/media\/165824"}],"wp:attachment":[{"href":"https:\/\/trimakasi.eu\/it\/wp-json\/wp\/v2\/media?parent=165982"}],"wp:term":[{"taxonomy":"product_brand","embeddable":true,"href":"https:\/\/trimakasi.eu\/it\/wp-json\/wp\/v2\/product_brand?post=165982"},{"taxonomy":"product_cat","embeddable":true,"href":"https:\/\/trimakasi.eu\/it\/wp-json\/wp\/v2\/product_cat?post=165982"},{"taxonomy":"product_tag","embeddable":true,"href":"https:\/\/trimakasi.eu\/it\/wp-json\/wp\/v2\/product_tag?post=165982"}],"curies":[{"name":"wp","href":"https:\/\/api.w.org\/{rel}","templated":true}]}}