{"id":165934,"date":"2022-12-05T06:19:48","date_gmt":"2022-12-05T05:19:48","guid":{"rendered":"https:\/\/trimakasi.eu\/?post_type=product&#038;p=165934"},"modified":"2024-12-10T21:27:41","modified_gmt":"2024-12-10T20:27:41","slug":"collana-rubini-goccia-di-passione","status":"publish","type":"product","link":"https:\/\/trimakasi.eu\/it\/product\/ruby-necklace-drop-of-passion\/","title":{"rendered":"Collana di rubini \u2013 Goccia di passione"},"content":{"rendered":"<h3>Rubino<\/h3>\n<p>Il rubino, come lo zaffiro blu, \u00e8 una variet\u00e0 di minerale di corindone - silicato di allumina, che ha acquisito il suo colore grazie all&#039;aggiunta di cromo, ferro e titanio.<\/p>\n<p>L&#039;intensa energia del rubino affina la mente, espande la coscienza e stimola la concentrazione. Promuove il coraggio e aiuta a sopprimere la paura del fenomeno soprannaturale e degli incubi. Pu\u00f2 anche stimolare la creativit\u00e0 e aprire la porta chiusa nella mente umana in cui altrimenti non oseremmo entrare.<\/p>\n<p>Le leggende suggeriscono che ci sia un fuoco immortale che arde nel rubino che pu\u00f2 spaventare le persone negative, i manipolatori e i vampiri emotivi dall&#039;ambiente circostante. Si ritiene inoltre che il potere di fuoco del rubino sia in grado di proteggere la casa dagli intrusi e dalle forze del male. Gli ind\u00f9 credono che il bagliore rosso del rubino provenga da una fiamma eterna che non pu\u00f2 essere estinta da nessun mortale. Per i buddisti, il rubino \u00e8 il dono pi\u00f9 prezioso per onorare il Buddha.<\/p>\n<p>Come il granato, il rubino \u00e8 conosciuto come la pietra della passione. Sviluppa l&#039;amore fisico tra gli amanti e stimola la passione sessuale. Secondo quanto riferito, agisce anche come afrodisiaco per gli uomini.<\/p>\n<p>Paese d&#039;origine: <strong>Birmania<\/strong><\/p>\n<p>Elemento: <strong>Fuoco<\/strong><\/p>\n<p>Segni zodiacali: <strong>Leone, Scorpione, Cancro, Sagittario, Pesci<\/strong><\/p>\n<p>Il braccialetto armonizza chakra della radice, chakra del cuore e chakra della corona<\/p>\n<p><a href=\"https:\/\/trimakasi.eu\/wp-content\/uploads\/\u010dakra1.jpg\"><img loading=\"lazy\" decoding=\"async\" class=\"alignnone size-full wp-image-138513\" src=\"https:\/\/trimakasi.eu\/wp-content\/uploads\/\u010dakra1.jpg\" alt=\"Chakra della radice\" width=\"81\" height=\"88\" srcset=\"https:\/\/trimakasi.eu\/wp-content\/uploads\/\u010dakra1.jpg 81w, https:\/\/trimakasi.eu\/wp-content\/uploads\/\u010dakra1-11x12.jpg 11w\" sizes=\"auto, (max-width: 81px) 100vw, 81px\" \/><\/a><a href=\"https:\/\/trimakasi.eu\/wp-content\/uploads\/2020\/07\/\u010dakra4.jpg\"><img loading=\"lazy\" decoding=\"async\" class=\"alignnone size-full wp-image-83566\" src=\"https:\/\/trimakasi.eu\/wp-content\/uploads\/2020\/07\/\u010dakra4.jpg\" alt=\"Chakra del cuore\" width=\"79\" height=\"93\" srcset=\"https:\/\/trimakasi.eu\/wp-content\/uploads\/2020\/07\/\u010dakra4.jpg 79w, https:\/\/trimakasi.eu\/wp-content\/uploads\/2020\/07\/\u010dakra4-10x12.jpg 10w\" sizes=\"auto, (max-width: 79px) 100vw, 79px\" \/><\/a><a href=\"https:\/\/trimakasi.eu\/wp-content\/uploads\/crown-chakra.jpg\"><img loading=\"lazy\" decoding=\"async\" class=\"alignnone size-full wp-image-132743\" src=\"https:\/\/trimakasi.eu\/wp-content\/uploads\/crown-chakra.jpg\" alt=\"\" width=\"92\" height=\"102\" srcset=\"https:\/\/trimakasi.eu\/wp-content\/uploads\/crown-chakra.jpg 92w, https:\/\/trimakasi.eu\/wp-content\/uploads\/crown-chakra-11x12.jpg 11w\" sizes=\"auto, (max-width: 92px) 100vw, 92px\" \/><\/a><\/p>\n<p><a href=\"https:\/\/trimakasi.eu\/it\/video-blog\/\"><u>Visita il nostro video blog per scoprire le connessioni tra pietre preziose, segni zodiacali, chakra e molto altro.<\/u><\/a><\/p>","protected":false},"excerpt":{"rendered":"<p>Una squisita collana di rubini da donna, sfaccettata in un&#039;ideale forma a goccia. Innamorati del suo fascino senza tempo e goditi la distinzione che apporta alla tua collezione per gli anni a venire.<\/p>\n<p>La \u201cGoccia della Passione\u201d si posa dolcemente sulla tua pelle, risvegliando sogni e determinazione profondamente radicati. Non \u00e8 solo un accessorio; \u00e8 un simbolo di motivazione e coraggio, che ti spinge avanti per realizzare i tuoi sogni con incrollabile determinazione.<\/p>\n<p>La catena ha una lunghezza regolabile di 46-52 cm, \u00e8 realizzata in acciaio inossidabile e rivestita in vero oro 18 carati utilizzando il metodo PVD per una lunga durata. La dimensione del pendente minimalista \u00e8 di circa 0,6 x 1,2 cm. La collana viene fornita in una lussuosa scatola rosa con il logo Trimakasi, che la rende un regalo perfetto.<\/p>","protected":false},"featured_media":165875,"comment_status":"open","ping_status":"closed","template":"","meta":{"_acf_changed":false,"_themeisle_gutenberg_block_has_review":false},"product_brand":[],"product_cat":[569,1690,1149,1316,553],"product_tag":[],"class_list":{"0":"post-165934","1":"product","2":"type-product","3":"status-publish","4":"has-post-thumbnail","6":"product_cat-minimalist-jewellery-for-women","7":"product_cat-necklaces","8":"product_cat-necklaces-for-women","9":"product_cat-rare-gemstone-bracelets","10":"product_cat-womens-jewellery","12":"first","13":"outofstock","14":"taxable","15":"shipping-taxable","16":"purchasable","17":"product-type-variable","18":"has-default-attributes"},"acf":[],"_links":{"self":[{"href":"https:\/\/trimakasi.eu\/it\/wp-json\/wp\/v2\/product\/165934","targetHints":{"allow":["GET"]}}],"collection":[{"href":"https:\/\/trimakasi.eu\/it\/wp-json\/wp\/v2\/product"}],"about":[{"href":"https:\/\/trimakasi.eu\/it\/wp-json\/wp\/v2\/types\/product"}],"replies":[{"embeddable":true,"href":"https:\/\/trimakasi.eu\/it\/wp-json\/wp\/v2\/comments?post=165934"}],"wp:featuredmedia":[{"embeddable":true,"href":"https:\/\/trimakasi.eu\/it\/wp-json\/wp\/v2\/media\/165875"}],"wp:attachment":[{"href":"https:\/\/trimakasi.eu\/it\/wp-json\/wp\/v2\/media?parent=165934"}],"wp:term":[{"taxonomy":"product_brand","embeddable":true,"href":"https:\/\/trimakasi.eu\/it\/wp-json\/wp\/v2\/product_brand?post=165934"},{"taxonomy":"product_cat","embeddable":true,"href":"https:\/\/trimakasi.eu\/it\/wp-json\/wp\/v2\/product_cat?post=165934"},{"taxonomy":"product_tag","embeddable":true,"href":"https:\/\/trimakasi.eu\/it\/wp-json\/wp\/v2\/product_tag?post=165934"}],"curies":[{"name":"wp","href":"https:\/\/api.w.org\/{rel}","templated":true}]}}