{"id":165928,"date":"2023-01-05T05:51:59","date_gmt":"2023-01-05T04:51:59","guid":{"rendered":"https:\/\/trimakasi.eu\/?post_type=product&#038;p=165928"},"modified":"2025-06-29T16:09:00","modified_gmt":"2025-06-29T14:09:00","slug":"collana-di-smeraldi-goccia-di-ambizione","status":"publish","type":"product","link":"https:\/\/trimakasi.eu\/it\/product\/emerald-necklace-drop-of-ambition\/","title":{"rendered":"Collana di smeraldi \u2013 Goccia dell&#039;ambizione"},"content":{"rendered":"<h3>Smeraldo<\/h3>\n<p>Lo smeraldo verde intenso \u00e8 noto come &quot;Gioiello dei Re&quot; ed \u00e8 la variet\u00e0 pi\u00f9 preziosa della gemma berillo, simile all&#039;acquamarina di colore blu o alla morganite color pesca. Lo smeraldo, insieme al rubino e allo zaffiro, forma il \u201cGrande Trio\u201d di pietre preziose, i minerali colorati pi\u00f9 rari e pregiati della Terra. Il nome di questo minerale deriva dall&#039;antica parola greca per colore verde, &quot;smeraldo&quot;.<\/p>\n<p>Questa pietra fornisce equilibrio fisico e mentale e porta armonia a tutte le aree dell&#039;esistenza umana. \u00c8 stato considerato da molte civilt\u00e0 come una pietra di profeti che porta saggezza, migliora l&#039;intuizione e aiuta nella ricerca della verit\u00e0. Allo stesso tempo, lo smeraldo era apprezzato per i suoi effetti calmanti sulla mente umana turbata. Gli egiziani consideravano lo smeraldo un simbolo di vita eterna, un dono di Thoth, il dio della saggezza. Cleopatra avrebbe adornato se stessa e il suo palazzo con smeraldi e li avrebbe anche donati ai diplomatici stranieri per dimostrare il suo potere e la sua ricchezza.<\/p>\n<p>Lo smeraldo stimola l'amore incondizionato ed \u00e8 spesso indicato come la \"Pietra dell'amore di successo\". Questa gemma mantiene la relazione in equilibrio e rappresenta un ponte immaginario tra due persone. La leggenda dice che lo smeraldo \u00e8 in grado di tradire l'infedelt\u00e0 cambiando il suo colore.<\/p>\n<p>Paese d&#039;origine: <strong>Zambia o Brasile<\/strong><\/p>\n<p>Elemento: <strong>Terra<\/strong><\/p>\n<p>Segni zodiacali: <strong>Ariete, Toro, Gemelli, Bilancia, Vergine, Cancro<\/strong><\/p>\n<p>Questo braccialetto armonizza il chakra del cuore e il chakra della corona<\/p>\n<p><a href=\"https:\/\/trimakasi.eu\/wp-content\/uploads\/2020\/07\/\u010dakra4.jpg\"><img loading=\"lazy\" decoding=\"async\" class=\"alignnone size-full wp-image-83566\" src=\"https:\/\/trimakasi.eu\/wp-content\/uploads\/2020\/07\/\u010dakra4.jpg\" alt=\"Chakra del cuore\" width=\"79\" height=\"93\" srcset=\"https:\/\/trimakasi.eu\/wp-content\/uploads\/2020\/07\/\u010dakra4.jpg 79w, https:\/\/trimakasi.eu\/wp-content\/uploads\/2020\/07\/\u010dakra4-10x12.jpg 10w\" sizes=\"auto, (max-width: 79px) 100vw, 79px\" \/><\/a><a href=\"https:\/\/trimakasi.eu\/wp-content\/uploads\/crown-chakra.jpg\"><img loading=\"lazy\" decoding=\"async\" class=\"alignnone size-full wp-image-132743\" src=\"https:\/\/trimakasi.eu\/wp-content\/uploads\/crown-chakra.jpg\" alt=\"\" width=\"92\" height=\"102\" srcset=\"https:\/\/trimakasi.eu\/wp-content\/uploads\/crown-chakra.jpg 92w, https:\/\/trimakasi.eu\/wp-content\/uploads\/crown-chakra-11x12.jpg 11w\" sizes=\"auto, (max-width: 92px) 100vw, 92px\" \/><\/a><\/p>\n<p><a href=\"https:\/\/trimakasi.eu\/it\/video-blog\/\"><u>Visita il nostro video blog per scoprire le connessioni tra pietre preziose, segni zodiacali, chakra e molto altro.<\/u><\/a><\/p>","protected":false},"excerpt":{"rendered":"<p>Questa collana da donna con smeraldi presenta un design a goccia dalla forma perfetta, finemente sfaccettata per la massima brillantezza. \u00c8 un capo straordinario che promette di catturare l&#039;attenzione e aggiungere un elemento esclusivo a qualsiasi codice di abbigliamento.<\/p>\n<p>Chiamata &quot;Goccia dell&#039;Ambizione&quot;, questa collana funge da talismano, ricordandoti le tue origini e aspirazioni. Al di l\u00e0 della sua assoluta eleganza e dell&#039;estetica raffinata, simboleggia l&#039;impegno verso le proprie ambizioni e obiettivi, rendendolo un accessorio significativo che esalta sia lo stile che il significato personale.<\/p>\n<p>La catena ha una lunghezza regolabile di 46-52 cm, \u00e8 realizzata in acciaio inossidabile e rivestita in vero oro 18 carati utilizzando il metodo PVD per una lunga durata. La dimensione del pendente minimalista \u00e8 di circa 0,6x 1,2 cm. La collana viene fornita in una lussuosa scatola rosa con il logo Trimakasi, che la rende un regalo perfetto.<\/p>","protected":false},"featured_media":165881,"comment_status":"open","ping_status":"closed","template":"","meta":{"_acf_changed":false,"_themeisle_gutenberg_block_has_review":false},"product_brand":[],"product_cat":[569,1149,1690,1316,553],"product_tag":[],"class_list":{"0":"post-165928","1":"product","2":"type-product","3":"status-publish","4":"has-post-thumbnail","6":"product_cat-minimalist-jewellery-for-women","7":"product_cat-necklaces-for-women","8":"product_cat-necklaces","9":"product_cat-rare-gemstone-bracelets","10":"product_cat-womens-jewellery","12":"first","13":"outofstock","14":"taxable","15":"shipping-taxable","16":"purchasable","17":"product-type-variable","18":"has-default-attributes"},"acf":[],"_links":{"self":[{"href":"https:\/\/trimakasi.eu\/it\/wp-json\/wp\/v2\/product\/165928","targetHints":{"allow":["GET"]}}],"collection":[{"href":"https:\/\/trimakasi.eu\/it\/wp-json\/wp\/v2\/product"}],"about":[{"href":"https:\/\/trimakasi.eu\/it\/wp-json\/wp\/v2\/types\/product"}],"replies":[{"embeddable":true,"href":"https:\/\/trimakasi.eu\/it\/wp-json\/wp\/v2\/comments?post=165928"}],"wp:featuredmedia":[{"embeddable":true,"href":"https:\/\/trimakasi.eu\/it\/wp-json\/wp\/v2\/media\/165881"}],"wp:attachment":[{"href":"https:\/\/trimakasi.eu\/it\/wp-json\/wp\/v2\/media?parent=165928"}],"wp:term":[{"taxonomy":"product_brand","embeddable":true,"href":"https:\/\/trimakasi.eu\/it\/wp-json\/wp\/v2\/product_brand?post=165928"},{"taxonomy":"product_cat","embeddable":true,"href":"https:\/\/trimakasi.eu\/it\/wp-json\/wp\/v2\/product_cat?post=165928"},{"taxonomy":"product_tag","embeddable":true,"href":"https:\/\/trimakasi.eu\/it\/wp-json\/wp\/v2\/product_tag?post=165928"}],"curies":[{"name":"wp","href":"https:\/\/api.w.org\/{rel}","templated":true}]}}