{"id":165129,"date":"2021-08-16T19:32:04","date_gmt":"2021-08-16T17:32:04","guid":{"rendered":"https:\/\/trimakasi.eu\/?post_type=product&#038;p=165129"},"modified":"2026-04-03T19:36:06","modified_gmt":"2026-04-03T17:36:06","slug":"collana-da-uomo-con-punta-di-freccia-in-nefrite","status":"publish","type":"product","link":"https:\/\/trimakasi.eu\/it\/product\/nephrite-arrowhead-necklace-for-men\/","title":{"rendered":"Punta di freccia in nefrite \u2013 collana da uomo"},"content":{"rendered":"<h3>Nefrite<\/h3>\n<p>La nefrite verde (giada verde) \u00e8 una pietra curativa molto potente che libera i pensieri negativi. Indossare la giada verde come talismano pu\u00f2 proteggere dal fallimento e dalla sfortuna. La giada protegge dalle malattie potenziando le forze vitali del corpo umano. Per i suoi effetti ringiovanenti, \u00e8 soprannominata la &quot;Pietra dell&#039;eterna giovinezza&quot;. Jade prende il nome dalla parola greca &quot;nephros&quot;, che significa &quot;rene&quot;. Si credeva che la giada avesse un effetto benefico su questo organo, che disintossica il corpo.<\/p>\n<p>In Asia, la giada e la giadeite sono sempre state venerate come pietre nobili, principalmente perch\u00e9 queste due pietre hanno aspetto e propriet\u00e0 molto simili. Nell&#039;antica Cina era la giada, per il suo uso in medicina, oggetto di una severa legge che diceva che chiunque distruggesse un oggetto fatto di questo minerale, sarebbe punito con la morte. I cinesi credevano che la giada fosse una cura per tutte le malattie, e per questo era la pietra angolare della medicina cinese. Come parte tradizionale della cultura cinese, la giada era anche scolpita in vari amuleti e statue e le pi\u00f9 famose erano le statue del drago che adornavano il palazzo dell&#039;imperatore cinese.<\/p>\n<p>Elemento: <strong>Terra<\/strong><\/p>\n<p>Segni zodiacali: <strong>Gemelli, Vergine, Ariete, Toro e Bilancia<\/strong><\/p>\n<p>Questo braccialetto armonizza il chakra del cuore:<\/p>\n<p><img loading=\"lazy\" decoding=\"async\" class=\"alignnone wp-image-72746\" src=\"https:\/\/trimakasi.cz\/wp-content\/uploads\/2018\/07\/\u010dakra4.jpg\" alt=\"Srde\u010dn\u00ed \u010dakra\" width=\"74\" height=\"87\" \/><u><\/u><\/p>\n<p><a href=\"https:\/\/trimakasi.eu\/it\/video-blog\/\"><u>Visita il nostro video blog per scoprire le connessioni tra pietre preziose, segni zodiacali, chakra e molto altro.<\/u><\/a><\/p>","protected":false},"excerpt":{"rendered":"<p>Scatena la forza della natura con la nostra collana con punta di freccia realizzata in nefrite naturale (giada). Audace, equilibrato e costruito per l&#039;uomo moderno. Distinguiti con fiducia.<\/p>\n<p>Lunghezza della catena: 69 cm o 80 cm<\/p>\n<p>Colore\/materiale della catena: nero \/ acciaio inossidabile con rivestimento PVD<\/p>\n<p>Dimensione della pietra: ca. 5x2 cm<\/p>","protected":false},"featured_media":165132,"comment_status":"open","ping_status":"closed","template":"","meta":{"_acf_changed":false,"_themeisle_gutenberg_block_has_review":false},"product_brand":[],"product_cat":[1064,1690,1150,1316],"product_tag":[],"class_list":{"0":"post-165129","1":"product","2":"type-product","3":"status-publish","4":"has-post-thumbnail","6":"product_cat-mens-jewellery","7":"product_cat-necklaces","8":"product_cat-necklaces-for-men","9":"product_cat-rare-gemstone-bracelets","11":"first","12":"instock","13":"taxable","14":"shipping-taxable","15":"purchasable","16":"product-type-variable","17":"has-default-attributes"},"acf":[],"_links":{"self":[{"href":"https:\/\/trimakasi.eu\/it\/wp-json\/wp\/v2\/product\/165129","targetHints":{"allow":["GET"]}}],"collection":[{"href":"https:\/\/trimakasi.eu\/it\/wp-json\/wp\/v2\/product"}],"about":[{"href":"https:\/\/trimakasi.eu\/it\/wp-json\/wp\/v2\/types\/product"}],"replies":[{"embeddable":true,"href":"https:\/\/trimakasi.eu\/it\/wp-json\/wp\/v2\/comments?post=165129"}],"wp:featuredmedia":[{"embeddable":true,"href":"https:\/\/trimakasi.eu\/it\/wp-json\/wp\/v2\/media\/165132"}],"wp:attachment":[{"href":"https:\/\/trimakasi.eu\/it\/wp-json\/wp\/v2\/media?parent=165129"}],"wp:term":[{"taxonomy":"product_brand","embeddable":true,"href":"https:\/\/trimakasi.eu\/it\/wp-json\/wp\/v2\/product_brand?post=165129"},{"taxonomy":"product_cat","embeddable":true,"href":"https:\/\/trimakasi.eu\/it\/wp-json\/wp\/v2\/product_cat?post=165129"},{"taxonomy":"product_tag","embeddable":true,"href":"https:\/\/trimakasi.eu\/it\/wp-json\/wp\/v2\/product_tag?post=165129"}],"curies":[{"name":"wp","href":"https:\/\/api.w.org\/{rel}","templated":true}]}}