{"id":165104,"date":"2025-02-07T20:34:28","date_gmt":"2025-02-07T19:34:28","guid":{"rendered":"https:\/\/trimakasi.eu\/?post_type=product&#038;p=165104"},"modified":"2025-08-24T13:51:23","modified_gmt":"2025-08-24T11:51:23","slug":"collana-di-perle-con-ciondolo-pietra-di-luna","status":"publish","type":"product","link":"https:\/\/trimakasi.eu\/it\/product\/pearl-necklace-with-moonstone-pendant\/","title":{"rendered":"Collana di perle con pendente in pietra di luna"},"content":{"rendered":"<h3>Pietra di luna<\/h3>\n<p>La pietra di luna armonizza le emozioni a livello del subconscio umano, rafforza significativamente l'intuizione e ci aiuta ad ascoltare la nostra voce interiore. L'armonizzazione profonda delle emozioni ha un forte effetto curativo sulla mente e sul corpo umano, perch\u00e9 aiuta ad esprimere, non a sopprimere, le emozioni che sono bloccate a livello del nostro subconscio. La pietra di luna \n sopprime anche lo stress associato a un elevato impegno lavorativo.<\/p>\n<p>La pietra di luna, conosciuta in India come \u201cChandra Kant Mani\u201d, \u00e8 una pietra sacra per gli indiani per i quali esprime speranza, purezza spirituale ed \u00e8 un simbolo di negazione dell&#039;ego. Secondo gli indiani, questa pietra aiuta a combattere il materialismo e rafforza la fede dei credenti di tutte le religioni. Nella mitologia ind\u00f9, ad esempio, si ritiene che la pietra di luna si sia formata dalla pietrificazione dei raggi lunari.<\/p>\n<p>\u00c8 un grande dono d&#039;amore per le donne, perch\u00e9 oltre ad armonizzare altre emozioni, risveglia anche l&#039;amore. Questa gemma aiuta ad armonizzare i ritmi biologici del corpo umano e influenza il sistema riproduttivo femminile: aumenta la fertilit\u00e0, aiuta con i problemi mestruali, equilibra il sistema ormonale ed elimina la ritenzione di liquidi.<\/p>\n<h3>Perle di riso d&#039;acqua dolce<\/h3>\n<p>Le perle di riso hanno una forma e dimensione caratteristica simile ai chicchi di riso. La loro forma delicata e allungata conferisce loro un aspetto ed un&#039;eleganza insoliti.<br \/>\nTradizionalmente, in Asia sono un simbolo di delicatezza, femminilit\u00e0 e perfezione. Sono associati alla purezza e all&#039;armonia e sono spesso riconosciuti come talismani di buona fortuna e protezione.<\/p>\n<p>Le perle naturali sono un accessorio di moda senza tempo che sicuramente attirer\u00e0 l&#039;attenzione! Emanano un temperamento elegante e sono un simbolo di salute, purezza, prosperit\u00e0 e buona fortuna. Ogni perla \u00e8 il risultato di un processo a lungo termine in natura e porta con s\u00e9 una storia unica che \u00e8 registrata nei suoi strati.<\/p>\n<p>Acquistando gioielli realizzati con perle d&#039;acqua dolce (di fiume), fai anche una scelta etica. A differenza delle perle marine, la cui raccolta pu\u00f2 essere dannosa per l&#039;ecosistema marino, le perle d&#039;acqua dolce vengono coltivate nei fiumi e nei laghi, il che \u00e8 pi\u00f9 rispettoso dell&#039;ambiente. Investire in gioielli con perle d&#039;acqua dolce \u00e8 un investimento in una bellezza duratura. Con il passare del tempo la loro lucentezza non diminuisce, ma anzi aumenta, conferendo loro un significato pi\u00f9 profondo e ricco.<\/p>\n<p>Le perle naturali sono un accessorio di moda senza tempo e sono un simbolo di salute, purezza, prosperit\u00e0 e felicit\u00e0.<\/p>\n<p>Ogni perla \u00e8 originale per colore, forma e dimensione.<\/p>\n<p>Le perle possono aiutare a ristabilire completamente l&#039;equilibrio e il ritmo naturale del corpo.<\/p>\n<p>Elemento: <strong>acqua<\/strong><\/p>\n<p>Segni zodiacali: <strong>Gemelli, Cancro, Bilancia, Capricorno, Pesci e Scorpione<\/strong><\/p>\n<p>La collana armonizza tutti i chakra ma principalmente il chakra della Gola, del Cuore e della Corona:<\/p>\n<p><a href=\"https:\/\/trimakasi.eu\/wp-content\/uploads\/\u010dakra5.jpg\"><img loading=\"lazy\" decoding=\"async\" class=\"alignnone size-full wp-image-138515\" src=\"https:\/\/trimakasi.eu\/wp-content\/uploads\/\u010dakra5.jpg\" alt=\"Chakra della gola\" width=\"81\" height=\"87\" srcset=\"https:\/\/trimakasi.eu\/wp-content\/uploads\/\u010dakra5.jpg 81w, https:\/\/trimakasi.eu\/wp-content\/uploads\/\u010dakra5-11x12.jpg 11w\" sizes=\"auto, (max-width: 81px) 100vw, 81px\" \/><\/a><a href=\"https:\/\/trimakasi.eu\/wp-content\/uploads\/2020\/07\/\u010dakra4.jpg\"><img loading=\"lazy\" decoding=\"async\" class=\"alignnone size-full wp-image-83566\" src=\"https:\/\/trimakasi.eu\/wp-content\/uploads\/2020\/07\/\u010dakra4.jpg\" alt=\"Chakra del cuore\" width=\"79\" height=\"93\" srcset=\"https:\/\/trimakasi.eu\/wp-content\/uploads\/2020\/07\/\u010dakra4.jpg 79w, https:\/\/trimakasi.eu\/wp-content\/uploads\/2020\/07\/\u010dakra4-10x12.jpg 10w\" sizes=\"auto, (max-width: 79px) 100vw, 79px\" \/><\/a><img loading=\"lazy\" decoding=\"async\" class=\"alignnone wp-image-74571\" src=\"https:\/\/trimakasi.eu\/wp-content\/uploads\/2019\/05\/akra7.jpg\" alt=\"\" width=\"78\" height=\"86\" srcset=\"https:\/\/trimakasi.eu\/wp-content\/uploads\/2019\/05\/akra7.jpg 92w, https:\/\/trimakasi.eu\/wp-content\/uploads\/2019\/05\/akra7-11x12.jpg 11w\" sizes=\"auto, (max-width: 78px) 100vw, 78px\" \/><\/p>\n<p><a href=\"https:\/\/trimakasi.eu\/it\/video-blog\/\"><u>Visita il nostro video blog per scoprire le connessioni tra pietre preziose, segni zodiacali, chakra e molto altro.<\/u><\/a><\/p>","protected":false},"excerpt":{"rendered":"<p>Questa splendida collana di perle, ornata da una pietra di luna, \u00e8 un gioiello di lavorazione artigianale. Il suo design unico, dove brillano perle di riso e una pietra di luna centrale a forma di lacrima, rende questa collana non solo un ottimo accessorio ma anche una dichiarazione di originalit\u00e0 ed esclusivit\u00e0.<\/p>\n<p>Tutti i componenti metallici sono realizzati in acciaio inossidabile rivestito in vero oro 18k, la versione in argento presenta perline in argento sterling.<\/p>\n<p>Questa collana di perle minimalista \u00e8 una vera rarit\u00e0, grazie alla combinazione di perle selezionate a forma di riso e pietra di luna di qualit\u00e0 AAA dai riflessi blu.<\/p>\n<p>La collana ha una lunghezza regolabile di 36-42 cm, rendendola perfetta per ogni donna.<\/p>\n<p>Scopri di pi\u00f9 su perle e pietra di luna di seguito.<\/p>","protected":false},"featured_media":175576,"comment_status":"open","ping_status":"closed","template":"","meta":{"_acf_changed":false,"_themeisle_gutenberg_block_has_review":false},"product_brand":[],"product_cat":[569,1690,1149,1717,553],"product_tag":[],"class_list":{"0":"post-165104","1":"product","2":"type-product","3":"status-publish","4":"has-post-thumbnail","6":"product_cat-minimalist-jewellery-for-women","7":"product_cat-necklaces","8":"product_cat-necklaces-for-women","9":"product_cat-pearl-jewellery","10":"product_cat-womens-jewellery","12":"first","13":"instock","14":"taxable","15":"shipping-taxable","16":"purchasable","17":"product-type-variable","18":"has-default-attributes"},"acf":[],"_links":{"self":[{"href":"https:\/\/trimakasi.eu\/it\/wp-json\/wp\/v2\/product\/165104","targetHints":{"allow":["GET"]}}],"collection":[{"href":"https:\/\/trimakasi.eu\/it\/wp-json\/wp\/v2\/product"}],"about":[{"href":"https:\/\/trimakasi.eu\/it\/wp-json\/wp\/v2\/types\/product"}],"replies":[{"embeddable":true,"href":"https:\/\/trimakasi.eu\/it\/wp-json\/wp\/v2\/comments?post=165104"}],"wp:featuredmedia":[{"embeddable":true,"href":"https:\/\/trimakasi.eu\/it\/wp-json\/wp\/v2\/media\/175576"}],"wp:attachment":[{"href":"https:\/\/trimakasi.eu\/it\/wp-json\/wp\/v2\/media?parent=165104"}],"wp:term":[{"taxonomy":"product_brand","embeddable":true,"href":"https:\/\/trimakasi.eu\/it\/wp-json\/wp\/v2\/product_brand?post=165104"},{"taxonomy":"product_cat","embeddable":true,"href":"https:\/\/trimakasi.eu\/it\/wp-json\/wp\/v2\/product_cat?post=165104"},{"taxonomy":"product_tag","embeddable":true,"href":"https:\/\/trimakasi.eu\/it\/wp-json\/wp\/v2\/product_tag?post=165104"}],"curies":[{"name":"wp","href":"https:\/\/api.w.org\/{rel}","templated":true}]}}