{"id":165070,"date":"2023-09-30T10:42:59","date_gmt":"2023-09-30T08:42:59","guid":{"rendered":"https:\/\/trimakasi.eu\/?post_type=product&#038;p=165070"},"modified":"2024-07-28T13:31:35","modified_gmt":"2024-07-28T11:31:35","slug":"braccialetto-perle-di-riso","status":"publish","type":"product","link":"https:\/\/trimakasi.eu\/it\/product\/rice-pearl-bracelet\/","title":{"rendered":"Braccialetto di perle di riso"},"content":{"rendered":"<h3>Perle di riso d&#039;acqua dolce<\/h3>\n<p>Le perle di riso hanno una forma e dimensione caratteristica simile ai chicchi di riso. La loro forma delicata e allungata conferisce loro un aspetto ed un&#039;eleganza insoliti.<br \/>\nTradizionalmente, in Asia sono un simbolo di delicatezza, femminilit\u00e0 e perfezione. Sono associati alla purezza e all&#039;armonia e sono spesso riconosciuti come talismani di buona fortuna e protezione.<\/p>\n<p>Le perle naturali sono un accessorio di moda senza tempo che sicuramente attirer\u00e0 l&#039;attenzione! Emanano un temperamento elegante e sono un simbolo di salute, purezza, prosperit\u00e0 e buona fortuna. Ogni perla \u00e8 il risultato di un processo a lungo termine in natura e porta con s\u00e9 una storia unica che \u00e8 registrata nei suoi strati.<\/p>\n<p>Acquistando gioielli realizzati con perle d&#039;acqua dolce (di fiume), fai anche una scelta etica. A differenza delle perle marine, la cui raccolta pu\u00f2 essere dannosa per l&#039;ecosistema marino, le perle d&#039;acqua dolce vengono coltivate nei fiumi e nei laghi, il che \u00e8 pi\u00f9 rispettoso dell&#039;ambiente. Investire in gioielli con perle d&#039;acqua dolce \u00e8 un investimento in una bellezza duratura. Con il passare del tempo la loro lucentezza non diminuisce, ma anzi aumenta, conferendo loro un significato pi\u00f9 profondo e ricco.<\/p>\n<p>Le perle naturali sono un accessorio di moda senza tempo e sono un simbolo di salute, purezza, prosperit\u00e0 e felicit\u00e0.<\/p>\n<p>Ogni perla \u00e8 originale per colore, forma e dimensione.<\/p>\n<p>Le perle possono aiutare a ristabilire completamente l&#039;equilibrio e il ritmo naturale del corpo.<\/p>\n<p>Elemento: <strong>acqua<\/strong><\/p>\n<p>Segni zodiacali: <strong>Gemelli, Cancro, Bilancia, Capricorno e Pesci<\/strong><\/p>\n<p>Il braccialetto armonizza tutti i chakra ma principalmente i chakra del cuore e della corona:<\/p>\n<p><a href=\"https:\/\/trimakasi.eu\/wp-content\/uploads\/2020\/07\/\u010dakra4.jpg\"><img loading=\"lazy\" decoding=\"async\" class=\"alignnone size-full wp-image-83566\" src=\"https:\/\/trimakasi.eu\/wp-content\/uploads\/2020\/07\/\u010dakra4.jpg\" alt=\"Chakra del cuore\" width=\"79\" height=\"93\" srcset=\"https:\/\/trimakasi.eu\/wp-content\/uploads\/2020\/07\/\u010dakra4.jpg 79w, https:\/\/trimakasi.eu\/wp-content\/uploads\/2020\/07\/\u010dakra4-10x12.jpg 10w\" sizes=\"auto, (max-width: 79px) 100vw, 79px\" \/><\/a><img loading=\"lazy\" decoding=\"async\" class=\"alignnone wp-image-74571\" src=\"https:\/\/trimakasi.eu\/wp-content\/uploads\/2019\/05\/akra7.jpg\" alt=\"\" width=\"78\" height=\"86\" srcset=\"https:\/\/trimakasi.eu\/wp-content\/uploads\/2019\/05\/akra7.jpg 92w, https:\/\/trimakasi.eu\/wp-content\/uploads\/2019\/05\/akra7-11x12.jpg 11w\" sizes=\"auto, (max-width: 78px) 100vw, 78px\" \/><\/p>\n<p><a href=\"https:\/\/trimakasi.eu\/it\/video-blog\/\"><u>Visita il nostro video blog per scoprire le connessioni tra pietre preziose, segni zodiacali, chakra e molto altro.<\/u><\/a><\/p>","protected":false},"excerpt":{"rendered":"<p>Bracciale di perle realizzato con perle di fiume selezionate nella forma e dimensione dei chicchi di riso. Le perle di riso conferiscono al braccialetto un aspetto del tutto originale, che va oltre i normali gioielli.<\/p>\n<p>La moda cambia, ma le perle restano! Ogni perla \u00e8 unica, non ce ne sono due uguali, proprio come te.<\/p>\n<p>Non perdere l&#039;occasione di possedere un gioiello che testimonia la maestria della natura e che ti accompagner\u00e0 nel tuo viaggio attraverso la vita con eleganza e fascino.<\/p>\n<p>Con la taglia regolabile, si adatta ad ogni donna! Scopri di pi\u00f9 sulle perle qui sotto.<\/p>","protected":false},"featured_media":165085,"comment_status":"open","ping_status":"closed","template":"","meta":{"_acf_changed":false,"_themeisle_gutenberg_block_has_review":false},"product_brand":[],"product_cat":[569,1717,1689,553],"product_tag":[],"class_list":{"0":"post-165070","1":"product","2":"type-product","3":"status-publish","4":"has-post-thumbnail","6":"product_cat-minimalist-jewellery-for-women","7":"product_cat-pearl-jewellery","8":"product_cat-simple-bracelets","9":"product_cat-womens-jewellery","11":"first","12":"instock","13":"taxable","14":"shipping-taxable","15":"purchasable","16":"product-type-variable","17":"has-default-attributes"},"acf":[],"_links":{"self":[{"href":"https:\/\/trimakasi.eu\/it\/wp-json\/wp\/v2\/product\/165070","targetHints":{"allow":["GET"]}}],"collection":[{"href":"https:\/\/trimakasi.eu\/it\/wp-json\/wp\/v2\/product"}],"about":[{"href":"https:\/\/trimakasi.eu\/it\/wp-json\/wp\/v2\/types\/product"}],"replies":[{"embeddable":true,"href":"https:\/\/trimakasi.eu\/it\/wp-json\/wp\/v2\/comments?post=165070"}],"wp:featuredmedia":[{"embeddable":true,"href":"https:\/\/trimakasi.eu\/it\/wp-json\/wp\/v2\/media\/165085"}],"wp:attachment":[{"href":"https:\/\/trimakasi.eu\/it\/wp-json\/wp\/v2\/media?parent=165070"}],"wp:term":[{"taxonomy":"product_brand","embeddable":true,"href":"https:\/\/trimakasi.eu\/it\/wp-json\/wp\/v2\/product_brand?post=165070"},{"taxonomy":"product_cat","embeddable":true,"href":"https:\/\/trimakasi.eu\/it\/wp-json\/wp\/v2\/product_cat?post=165070"},{"taxonomy":"product_tag","embeddable":true,"href":"https:\/\/trimakasi.eu\/it\/wp-json\/wp\/v2\/product_tag?post=165070"}],"curies":[{"name":"wp","href":"https:\/\/api.w.org\/{rel}","templated":true}]}}