{"id":164508,"date":"2021-02-28T13:58:37","date_gmt":"2021-02-28T12:58:37","guid":{"rendered":"https:\/\/trimakasi.eu\/?post_type=product&#038;p=164508"},"modified":"2026-03-10T16:44:39","modified_gmt":"2026-03-10T15:44:39","slug":"collana-epidoto-grezzo-da-donna-cristallo-verticale","status":"publish","type":"product","link":"https:\/\/trimakasi.eu\/it\/product\/raw-epidote-necklace-for-women-vertical-crystal\/","title":{"rendered":"Collana da donna in epidoto grezzo (cristallo verticale)"},"content":{"rendered":"<h3>Epidoto<\/h3>\n<p>L&#039;epidoto pu\u00f2 essere trovato in tutto il mondo, ma ci sono solo pochi posti con una forma cristallina di alta qualit\u00e0 di questa gemma. Utilizziamo i migliori cristalli di epidoto nei nostri gioielli, in particolare dal distretto di Kharan nel sud-ovest del Pakistan. Questa gemma \u00e8 stata scoperta relativamente di recente, quindi non compare nei vecchi testi che descrivono le propriet\u00e0 curative delle pietre naturali. Fino al XIX secolo, l&#039;epidoto era classificato come una variet\u00e0 verde di tormalina o veniva confuso con l&#039;actinolite.<\/p>\n<p>L&#039;epidoto \u00e8 una gemma protettiva. Armonizza e stabilizza il flusso di energia nel corpo e ripristina lo stato di totale equilibrio. L&#039;epidoto libera la mente dall&#039;energia negativa della rabbia, dell&#039;invidia, dell&#039;avidit\u00e0 e dell&#039;odio. Oltre ad armonizzare corpo e anima, l&#039;epidoto esalta il potere di altre pietre preziose. La migliore combinazione \u00e8 epidoto + <a href=\"https:\/\/trimakasi.eu\/it\/product\/braccialetto-di-serafinite\/\"><u>serafinito.<\/u><\/a><\/p>\n<p id=\"tw-target-text\" class=\"tw-data-text tw-text-large tw-ta\" dir=\"ltr\" data-placeholder=\"P\u0159eklad\"><span class=\"Y2IQFc\" lang=\"en\">Paese di origine: <strong>Pakistan<\/strong><\/span><\/p>\n<p class=\"tw-data-text tw-text-large tw-ta\" dir=\"ltr\" data-placeholder=\"P\u0159eklad\"><span class=\"Y2IQFc\" lang=\"en\"> Elemento: <strong>Terra, Acqua <\/strong><\/span><\/p>\n<p class=\"tw-data-text tw-text-large tw-ta\" dir=\"ltr\" data-placeholder=\"P\u0159eklad\"><span class=\"Y2IQFc\" lang=\"en\">Segni zodiacali: <strong>Gemelli, Bilancia <\/strong><\/span><\/p>\n<p class=\"tw-data-text tw-text-large tw-ta\" dir=\"ltr\" data-placeholder=\"P\u0159eklad\"><span class=\"Y2IQFc\" lang=\"en\">La collana armonizza il chakra della radice e del cuore.<\/span><\/p>\n<p><a href=\"https:\/\/trimakasi.eu\/wp-content\/uploads\/\u010dakra1.jpg\"><img loading=\"lazy\" decoding=\"async\" class=\"alignnone wp-image-138513\" src=\"https:\/\/trimakasi.eu\/wp-content\/uploads\/\u010dakra1.jpg\" alt=\"Chakra della radice\" width=\"69\" height=\"75\" srcset=\"https:\/\/trimakasi.eu\/wp-content\/uploads\/\u010dakra1.jpg 81w, https:\/\/trimakasi.eu\/wp-content\/uploads\/\u010dakra1-11x12.jpg 11w\" sizes=\"auto, (max-width: 69px) 100vw, 69px\" \/><\/a><a href=\"https:\/\/trimakasi.eu\/wp-content\/uploads\/2020\/07\/\u010dakra4.jpg\"><img loading=\"lazy\" decoding=\"async\" class=\"alignnone wp-image-83566\" src=\"https:\/\/trimakasi.eu\/wp-content\/uploads\/2020\/07\/\u010dakra4.jpg\" alt=\"Chakra del cuore\" width=\"66\" height=\"77\" srcset=\"https:\/\/trimakasi.eu\/wp-content\/uploads\/2020\/07\/\u010dakra4.jpg 79w, https:\/\/trimakasi.eu\/wp-content\/uploads\/2020\/07\/\u010dakra4-10x12.jpg 10w\" sizes=\"auto, (max-width: 66px) 100vw, 66px\" \/><\/a><\/p>\n<p><a href=\"https:\/\/trimakasi.eu\/it\/video-blog\/\"><u>Visita il nostro video blog per scoprire le connessioni tra pietre preziose, segni zodiacali, chakra e molto altro.<\/u><\/a><\/p>","protected":false},"excerpt":{"rendered":"<p>Collana da donna a catena con cristallo grezzo verticale di epidoto verde. Scopri di pi\u00f9 sulle propriet\u00e0 di questa pietra di seguito.<\/p>\n<p>Elegante catena minimalista da 46 cm, realizzata in acciaio inossidabile lucido con un resistente rivestimento in oro 18 carati, impreziosita da un cristallo di epidoto naturale da 0,4 cm x 2,5 cm.<\/p>\n<p>La collana viene fornita in una lussuosa scatola rosa con il logo Trimakasi, che la rende un regalo perfetto.<\/p>\n<p>Ogni pezzo \u00e8 originale!<\/p>","protected":false},"featured_media":164514,"comment_status":"open","ping_status":"closed","template":"","meta":{"_acf_changed":false,"_themeisle_gutenberg_block_has_review":false},"product_brand":[],"product_cat":[569,1690,1149,553],"product_tag":[],"class_list":{"0":"post-164508","1":"product","2":"type-product","3":"status-publish","4":"has-post-thumbnail","6":"product_cat-minimalist-jewellery-for-women","7":"product_cat-necklaces","8":"product_cat-necklaces-for-women","9":"product_cat-womens-jewellery","11":"first","12":"instock","13":"sale","14":"taxable","15":"shipping-taxable","16":"purchasable","17":"product-type-variable","18":"has-default-attributes"},"acf":[],"_links":{"self":[{"href":"https:\/\/trimakasi.eu\/it\/wp-json\/wp\/v2\/product\/164508","targetHints":{"allow":["GET"]}}],"collection":[{"href":"https:\/\/trimakasi.eu\/it\/wp-json\/wp\/v2\/product"}],"about":[{"href":"https:\/\/trimakasi.eu\/it\/wp-json\/wp\/v2\/types\/product"}],"replies":[{"embeddable":true,"href":"https:\/\/trimakasi.eu\/it\/wp-json\/wp\/v2\/comments?post=164508"}],"wp:featuredmedia":[{"embeddable":true,"href":"https:\/\/trimakasi.eu\/it\/wp-json\/wp\/v2\/media\/164514"}],"wp:attachment":[{"href":"https:\/\/trimakasi.eu\/it\/wp-json\/wp\/v2\/media?parent=164508"}],"wp:term":[{"taxonomy":"product_brand","embeddable":true,"href":"https:\/\/trimakasi.eu\/it\/wp-json\/wp\/v2\/product_brand?post=164508"},{"taxonomy":"product_cat","embeddable":true,"href":"https:\/\/trimakasi.eu\/it\/wp-json\/wp\/v2\/product_cat?post=164508"},{"taxonomy":"product_tag","embeddable":true,"href":"https:\/\/trimakasi.eu\/it\/wp-json\/wp\/v2\/product_tag?post=164508"}],"curies":[{"name":"wp","href":"https:\/\/api.w.org\/{rel}","templated":true}]}}