{"id":164400,"date":"2023-01-29T13:41:43","date_gmt":"2023-01-29T12:41:43","guid":{"rendered":"https:\/\/trimakasi.eu\/?post_type=product&#038;p=164400"},"modified":"2025-09-11T09:06:07","modified_gmt":"2025-09-11T07:06:07","slug":"collana-da-donna-in-cristallo-verticale-di-tormalina-nera-grezza","status":"publish","type":"product","link":"https:\/\/trimakasi.eu\/it\/product\/tourmaline-necklace-drop-of-protection\/","title":{"rendered":"Collana con Tormalina \u2013 Goccia di Protezione"},"content":{"rendered":"<h3>Tormalina nera<\/h3>\n<p>La tormalina \u00e8 un minerale tipico che proviene da alte temperature e pressioni nel nucleo terrestre e arriva in superficie per attivit\u00e0 vulcanica. Un&#039;antica leggenda egizia menziona quanto tempo la tormalina ha dovuto viaggiare dal centro della terra per raggiungere la superficie. \u00c8 anche scritto in questa leggenda che la tormalina ha attraversato l&#039;arcobaleno e quindi appare in molti colori. Questo non \u00e8 affatto lontano dalla verit\u00e0, perch\u00e9 questa gemma pu\u00f2 presentarsi in molti colori e sfumature.<\/p>\n<p><span lang=\"en\" tabindex=\"0\">L&#039;onice nero, la tormalina nera e l&#039;ossidiana nera sono considerate pietre protettive tradizionali a causa del loro colore scuro. Possono circondarti di un&#039;atmosfera protettiva che assorbe tutta la negativit\u00e0 dell&#039;ambiente circostante. Soprattutto, aiutano a superare i modelli di pensiero negativi che derivano dalle emozioni pi\u00f9 debilitanti e tossiche - dalla paura.<\/span><\/p>\n<p>Secondo le leggende, la tormalina nera \u00e8 conosciuta come &quot;pietra purificante&quot; per la sua capacit\u00e0 di purificare corpo e anima dalla negativit\u00e0. \u00c8 ancora usato da vari sciamani e druidi in tutto il mondo, specialmente nelle trib\u00f9 native in Africa e in America, come pietra angolare dei loro rituali di guarigione contro le malattie mentali e fisiche.<\/p>\n<p>Elemento: <strong>acqua<\/strong><\/p>\n<p>Segni zodiacali: <strong>Capricorno, Gemelli, Scorpione e Bilancia<\/strong><\/p>\n<p>Questo braccialetto armonizza il chakra della radice.<\/p>\n<p><img loading=\"lazy\" decoding=\"async\" class=\"alignnone wp-image-72742\" src=\"https:\/\/trimakasi.cz\/wp-content\/uploads\/2018\/08\/%C4%8Dakra1.jpg\" alt=\"Z\u00e1kladn\u00ed \u010dakra\" width=\"66\" height=\"72\" \/><\/p>\n<p><a href=\"https:\/\/trimakasi.eu\/it\/video-blog\/\"><u>Visita il nostro video blog per scoprire le connessioni tra pietre preziose, segni zodiacali, chakra e molto altro.<\/u><\/a><\/p>","protected":false},"excerpt":{"rendered":"<p>Presentiamo la collana &quot;Goccia di Protezione&quot;, caratterizzata da vera tormalina nera sfaccettata in un&#039;elegante forma a goccia, che simboleggia sia l&#039;eleganza che la protezione. La tormalina nera \u00e8 rinomata per le sue propriet\u00e0 protettive, che aiutano a scongiurare l&#039;energia negativa.<\/p>\n<p>Con questa pietra posizionata vicino al tuo cuore, ogni sguardo allo specchio ti ricorder\u00e0 l&#039;importanza di proteggere la tua pace interiore e il tuo equilibrio, fondamentali per prendere quotidianamente le giuste decisioni.<\/p>\n<p>Ciondolo Tormalina da Donna: La catena ha una lunghezza regolabile di 46-52 cm, \u00e8 realizzata in acciaio inossidabile e placcata con vero oro 18 carati utilizzando il metodo PVD per una lunga durata. La dimensione della goccia minimalista \u00e8 di ca. 0,6 x 1,2 cm. La collana viene fornita in una lussuosa scatola rosa con il logo Trimakasi, che la rende un regalo perfetto.<\/p>","protected":false},"featured_media":173758,"comment_status":"open","ping_status":"closed","template":"","meta":{"_acf_changed":false,"_themeisle_gutenberg_block_has_review":false},"product_brand":[],"product_cat":[569,1149,1690,553],"product_tag":[],"class_list":{"0":"post-164400","1":"product","2":"type-product","3":"status-publish","4":"has-post-thumbnail","6":"product_cat-minimalist-jewellery-for-women","7":"product_cat-necklaces-for-women","8":"product_cat-necklaces","9":"product_cat-womens-jewellery","11":"first","12":"outofstock","13":"taxable","14":"shipping-taxable","15":"purchasable","16":"product-type-variable","17":"has-default-attributes"},"acf":[],"_links":{"self":[{"href":"https:\/\/trimakasi.eu\/it\/wp-json\/wp\/v2\/product\/164400","targetHints":{"allow":["GET"]}}],"collection":[{"href":"https:\/\/trimakasi.eu\/it\/wp-json\/wp\/v2\/product"}],"about":[{"href":"https:\/\/trimakasi.eu\/it\/wp-json\/wp\/v2\/types\/product"}],"replies":[{"embeddable":true,"href":"https:\/\/trimakasi.eu\/it\/wp-json\/wp\/v2\/comments?post=164400"}],"wp:featuredmedia":[{"embeddable":true,"href":"https:\/\/trimakasi.eu\/it\/wp-json\/wp\/v2\/media\/173758"}],"wp:attachment":[{"href":"https:\/\/trimakasi.eu\/it\/wp-json\/wp\/v2\/media?parent=164400"}],"wp:term":[{"taxonomy":"product_brand","embeddable":true,"href":"https:\/\/trimakasi.eu\/it\/wp-json\/wp\/v2\/product_brand?post=164400"},{"taxonomy":"product_cat","embeddable":true,"href":"https:\/\/trimakasi.eu\/it\/wp-json\/wp\/v2\/product_cat?post=164400"},{"taxonomy":"product_tag","embeddable":true,"href":"https:\/\/trimakasi.eu\/it\/wp-json\/wp\/v2\/product_tag?post=164400"}],"curies":[{"name":"wp","href":"https:\/\/api.w.org\/{rel}","templated":true}]}}