{"id":163040,"date":"2023-11-27T12:59:21","date_gmt":"2023-11-27T11:59:21","guid":{"rendered":"https:\/\/trimakasi.eu\/?post_type=product&#038;p=163040"},"modified":"2026-02-04T18:35:36","modified_gmt":"2026-02-04T17:35:36","slug":"collana-da-donna-con-diamanti-herkimer","status":"publish","type":"product","link":"https:\/\/trimakasi.eu\/it\/product\/herkimer-diamond-womens-necklace\/","title":{"rendered":"Collana da donna Herkimer Diamante"},"content":{"rendered":"<h3>Cristallo di quarzo<\/h3>\n<p>Protegge la purezza dell&#039;anima, migliora la concentrazione, protegge dalle negativit\u00e0, \u00e8 adatta alla meditazione e nel complesso aumenta la forza mentale.<\/p>\n<p>I nomi storici di questa pietra includono frasi come &quot;luce congelata&quot;, &quot;acqua sacra&quot; o &quot;essenza di drago&quot;, come \u00e8 noto nelle tradizioni cinesi e giapponesi. I buddisti lo chiamavano &quot;nulla visibile&quot; e gli aborigeni australiani lo chiamavano &quot;luce fossilizzata&quot; e credevano che contenesse l&#039;essenza del Grande Spirito. Nella tradizione greca era chiamato \u201cghiaccio puro\u201d, cio\u00e8 secondo le leggende frantumato in migliaia di pezzi dopo che Ercole lo aveva fatto cadere dal sacro monte Olimpo.<\/p>\n<p>Elemento:<strong> Terra, Fuoco, Acqua, Aria<\/strong><\/p>\n<p>Segno zodiacale: <strong>Adatto ad ogni segno.<\/strong><\/p>\n<p>Il braccialetto armonizza tutti i chakra ma principalmente il chakra della corona:<\/p>\n<p><a href=\"https:\/\/trimakasi.eu\/wp-content\/uploads\/crown-chakra.jpg\"><img loading=\"lazy\" decoding=\"async\" class=\"alignnone wp-image-132743\" src=\"https:\/\/trimakasi.eu\/wp-content\/uploads\/crown-chakra.jpg\" alt=\"\" width=\"80\" height=\"89\" srcset=\"https:\/\/trimakasi.eu\/wp-content\/uploads\/crown-chakra.jpg 92w, https:\/\/trimakasi.eu\/wp-content\/uploads\/crown-chakra-11x12.jpg 11w\" sizes=\"auto, (max-width: 80px) 100vw, 80px\" \/><\/a><\/p>\n<p><a href=\"https:\/\/trimakasi.eu\/it\/video-blog\/\"><u>Visita il nostro video blog per scoprire le connessioni tra pietre preziose, segni zodiacali, chakra e molto altro.<\/u><\/a><\/p>","protected":false},"excerpt":{"rendered":"<p>Scopri la rara bellezza del diamante Herkimer, una forma unica di cristallo di quarzo apprezzato per la sua forma a doppia terminazione, la purezza incontaminata e le sfaccettature naturali. Questi straordinari cristalli si trovano solo in luoghi selezionati sulla Terra, come i maestosi Carpazi, dove vengono affettuosamente chiamati diamanti di Marmara. Indossare un pezzo di questa pietra preziosa \u00e8 come portare con s\u00e9 un frammento del tesoro segreto della Terra. Ogni pezzo \u00e8 unico! Scopri di pi\u00f9 sulle straordinarie propriet\u00e0 di questa pietra di seguito.<\/p>\n<p>La catena \u00e8 regolabile in lunghezza da 46 a 52 cm, realizzata in acciaio inossidabile e rivestita in vero oro 18k con metodo PVD per una lunga durata. Le dimensioni della pietra minimalista sono circa 0,6 x 1,2 cm. La collana \u00e8 disponibile in una lussuosa scatola rosa con il logo Trimakasi, che la rende un regalo perfetto.<\/p>\n<p class=\"product-title product_title entry-title\">Si abbina meglio con <a href=\"https:\/\/trimakasi.eu\/it\/product\/bracciale-in-quarzo-herkimer-da-donna\/\"><u>Bracciale da donna in quarzo Herkimer<\/u><\/a>.<\/p>","protected":false},"featured_media":173865,"comment_status":"open","ping_status":"closed","template":"","meta":{"_acf_changed":false,"_themeisle_gutenberg_block_has_review":false},"product_brand":[],"product_cat":[1714,569,1149,1690,1316,553],"product_tag":[],"class_list":{"0":"post-163040","1":"product","2":"type-product","3":"status-publish","4":"has-post-thumbnail","6":"product_cat-jewellery-discounts","7":"product_cat-minimalist-jewellery-for-women","8":"product_cat-necklaces-for-women","9":"product_cat-necklaces","10":"product_cat-rare-gemstone-bracelets","11":"product_cat-womens-jewellery","13":"first","14":"instock","15":"sale","16":"taxable","17":"shipping-taxable","18":"purchasable","19":"product-type-variable","20":"has-default-attributes"},"acf":[],"_links":{"self":[{"href":"https:\/\/trimakasi.eu\/it\/wp-json\/wp\/v2\/product\/163040","targetHints":{"allow":["GET"]}}],"collection":[{"href":"https:\/\/trimakasi.eu\/it\/wp-json\/wp\/v2\/product"}],"about":[{"href":"https:\/\/trimakasi.eu\/it\/wp-json\/wp\/v2\/types\/product"}],"replies":[{"embeddable":true,"href":"https:\/\/trimakasi.eu\/it\/wp-json\/wp\/v2\/comments?post=163040"}],"wp:featuredmedia":[{"embeddable":true,"href":"https:\/\/trimakasi.eu\/it\/wp-json\/wp\/v2\/media\/173865"}],"wp:attachment":[{"href":"https:\/\/trimakasi.eu\/it\/wp-json\/wp\/v2\/media?parent=163040"}],"wp:term":[{"taxonomy":"product_brand","embeddable":true,"href":"https:\/\/trimakasi.eu\/it\/wp-json\/wp\/v2\/product_brand?post=163040"},{"taxonomy":"product_cat","embeddable":true,"href":"https:\/\/trimakasi.eu\/it\/wp-json\/wp\/v2\/product_cat?post=163040"},{"taxonomy":"product_tag","embeddable":true,"href":"https:\/\/trimakasi.eu\/it\/wp-json\/wp\/v2\/product_tag?post=163040"}],"curies":[{"name":"wp","href":"https:\/\/api.w.org\/{rel}","templated":true}]}}