{"id":162259,"date":"2022-08-08T09:33:37","date_gmt":"2022-08-08T07:33:37","guid":{"rendered":"https:\/\/trimakasi.eu\/?post_type=product&#038;p=162259"},"modified":"2024-07-28T13:47:16","modified_gmt":"2024-07-28T11:47:16","slug":"collana-karma","status":"publish","type":"product","link":"https:\/\/trimakasi.eu\/it\/product\/karma-necklace\/","title":{"rendered":"Collana Karma"},"content":{"rendered":"","protected":false},"excerpt":{"rendered":"<p>Collana semplice ed elegante con anello \u2013 simbolo del karma. Questa collana delizier\u00e0 ogni donna che ama i gioielli decenti e minimalisti.<br \/>\nIl simbolo, il cerchio del Karma, rappresenta il flusso infinito, la completezza e l&#039;eternit\u00e0. \u00c8 un segno di perfezione e unit\u00e0.<\/p>\n<p>Misura dell&#039;anello: 2 cm.<\/p>\n<p>Lunghezza catena: 46 cm<\/p>","protected":false},"featured_media":164860,"comment_status":"open","ping_status":"closed","template":"","meta":{"_acf_changed":false,"_themeisle_gutenberg_block_has_review":false},"product_brand":[],"product_cat":[1149,1690,553],"product_tag":[],"class_list":{"0":"post-162259","1":"product","2":"type-product","3":"status-publish","4":"has-post-thumbnail","6":"product_cat-necklaces-for-women","7":"product_cat-necklaces","8":"product_cat-womens-jewellery","10":"first","11":"instock","12":"taxable","13":"shipping-taxable","14":"purchasable","15":"product-type-simple"},"acf":[],"_links":{"self":[{"href":"https:\/\/trimakasi.eu\/it\/wp-json\/wp\/v2\/product\/162259","targetHints":{"allow":["GET"]}}],"collection":[{"href":"https:\/\/trimakasi.eu\/it\/wp-json\/wp\/v2\/product"}],"about":[{"href":"https:\/\/trimakasi.eu\/it\/wp-json\/wp\/v2\/types\/product"}],"replies":[{"embeddable":true,"href":"https:\/\/trimakasi.eu\/it\/wp-json\/wp\/v2\/comments?post=162259"}],"wp:featuredmedia":[{"embeddable":true,"href":"https:\/\/trimakasi.eu\/it\/wp-json\/wp\/v2\/media\/164860"}],"wp:attachment":[{"href":"https:\/\/trimakasi.eu\/it\/wp-json\/wp\/v2\/media?parent=162259"}],"wp:term":[{"taxonomy":"product_brand","embeddable":true,"href":"https:\/\/trimakasi.eu\/it\/wp-json\/wp\/v2\/product_brand?post=162259"},{"taxonomy":"product_cat","embeddable":true,"href":"https:\/\/trimakasi.eu\/it\/wp-json\/wp\/v2\/product_cat?post=162259"},{"taxonomy":"product_tag","embeddable":true,"href":"https:\/\/trimakasi.eu\/it\/wp-json\/wp\/v2\/product_tag?post=162259"}],"curies":[{"name":"wp","href":"https:\/\/api.w.org\/{rel}","templated":true}]}}