{"id":162127,"date":"2022-12-07T10:47:21","date_gmt":"2022-12-07T09:47:21","guid":{"rendered":"https:\/\/trimakasi.eu\/?post_type=product&#038;p=162127"},"modified":"2025-06-28T20:21:26","modified_gmt":"2025-06-28T18:21:26","slug":"bracciale-grezzo-ametista","status":"publish","type":"product","link":"https:\/\/trimakasi.eu\/it\/product\/raw-amethyst-bracelet\/","title":{"rendered":"Bracciale da donna con Ametista grezza"},"content":{"rendered":"<h3>Ametista<\/h3>\n<p>Questo quarzo cristallizzato viola era una gemma preziosa molto apprezzata fino alla scoperta di grandi giacimenti in America Latina. Il colore viola \u00e8 sempre stato considerato uno degli status symbol reali, quindi l&#039;ametista \u00e8 diventata parte di numerosi gioielli dell&#039;incoronazione. Guardando indietro nella storia, possiamo scoprire che mentre gli antichi egizi portavano l&#039;ametista in battaglie per accrescere il coraggio, nel Medioevo la indossavano re e vescovi come simbolo di maest\u00e0.<\/p>\n<p>L'ametista \u00e8 un simbolo di una serie di qualit\u00e0 positive come prosperit\u00e0, coraggio, purezza mentale e amicizia. Ad esempio, Leonardo Da Vinci credeva che questa pietra aiutasse a controllare i pensieri malvagi, rafforzare l'intelligenza, accelerare il pensiero e aiutare le persone a portare un risultato positivo durante le trattative commerciali! La parola ebraica per ametista \"aklamah\" \u00e8 la stessa parola per \"il sogno\", che esprime la capacit\u00e0 di questa pietra di incitare sogni e visioni specifici.<\/p>\n<p>Segno zodiacale:\u00a0<strong>Acquario disponibile anche per: Vergine, Sagittario, Capricorno, Pesce<\/strong><\/p>\n<p>Elemento: <strong>Acqua, Aria, Etere<\/strong><\/p>\n<p>Il braccialetto armonizza il chakra del terzo occhio e il chakra della corona<\/p>\n<p><img loading=\"lazy\" decoding=\"async\" class=\"alignnone wp-image-72748\" src=\"https:\/\/trimakasi.cz\/wp-content\/uploads\/2018\/07\/\u010dakra6.jpg\" alt=\"\" width=\"70\" height=\"67\" \/><img loading=\"lazy\" decoding=\"async\" class=\"alignnone wp-image-72749\" src=\"https:\/\/trimakasi.cz\/wp-content\/uploads\/2018\/07\/\u010dakra7.jpg\" alt=\"\" width=\"67\" height=\"74\" \/><\/p>\n<p><a href=\"https:\/\/trimakasi.eu\/it\/video-blog\/\"><u>Visita il nostro video blog per scoprire le connessioni tra pietre preziose, segni zodiacali, chakra e molto altro.<\/u><\/a><\/p>","protected":false},"excerpt":{"rendered":"<p>Prova il fascino accattivante del nostro braccialetto con ametista grezza. Questo \u00e8 pi\u00f9 di un semplice braccialetto: \u00e8 un accessorio che amerai cos\u00ec tanto che non vorrai pi\u00f9 toglierlo!<\/p>\n<p>Ogni pezzo \u00e8 delicatamente realizzato con un cordoncino di seta naturale di alta qualit\u00e0, ornato da un&#039;ametista gemma grezza. Poich\u00e9 ogni cristallo \u00e8 naturale, ogni braccialetto \u00e8 unico!<\/p>\n<p>Preoccupato per la vestibilit\u00e0? Non c&#039;\u00e8 bisogno! La taglia \u00e8 regolabile, garantendo una vestibilit\u00e0 perfetta per tutti.<\/p>\n<p>Sapevi che l&#039;ametista \u00e8 spesso associata alla calma e all&#039;intuizione? Pronto a portare un pezzo di tranquillit\u00e0 al polso? Scopri di pi\u00f9 sulle propriet\u00e0 uniche dell&#039;ametista qui sotto!<\/p>","protected":false},"featured_media":174558,"comment_status":"open","ping_status":"closed","template":"","meta":{"_acf_changed":false,"_themeisle_gutenberg_block_has_review":false},"product_brand":[],"product_cat":[569,1689,553],"product_tag":[],"class_list":{"0":"post-162127","1":"product","2":"type-product","3":"status-publish","4":"has-post-thumbnail","6":"product_cat-minimalist-jewellery-for-women","7":"product_cat-simple-bracelets","8":"product_cat-womens-jewellery","10":"first","11":"instock","12":"taxable","13":"shipping-taxable","14":"purchasable","15":"product-type-simple"},"acf":[],"_links":{"self":[{"href":"https:\/\/trimakasi.eu\/it\/wp-json\/wp\/v2\/product\/162127","targetHints":{"allow":["GET"]}}],"collection":[{"href":"https:\/\/trimakasi.eu\/it\/wp-json\/wp\/v2\/product"}],"about":[{"href":"https:\/\/trimakasi.eu\/it\/wp-json\/wp\/v2\/types\/product"}],"replies":[{"embeddable":true,"href":"https:\/\/trimakasi.eu\/it\/wp-json\/wp\/v2\/comments?post=162127"}],"wp:featuredmedia":[{"embeddable":true,"href":"https:\/\/trimakasi.eu\/it\/wp-json\/wp\/v2\/media\/174558"}],"wp:attachment":[{"href":"https:\/\/trimakasi.eu\/it\/wp-json\/wp\/v2\/media?parent=162127"}],"wp:term":[{"taxonomy":"product_brand","embeddable":true,"href":"https:\/\/trimakasi.eu\/it\/wp-json\/wp\/v2\/product_brand?post=162127"},{"taxonomy":"product_cat","embeddable":true,"href":"https:\/\/trimakasi.eu\/it\/wp-json\/wp\/v2\/product_cat?post=162127"},{"taxonomy":"product_tag","embeddable":true,"href":"https:\/\/trimakasi.eu\/it\/wp-json\/wp\/v2\/product_tag?post=162127"}],"curies":[{"name":"wp","href":"https:\/\/api.w.org\/{rel}","templated":true}]}}