{"id":159514,"date":"2020-07-04T18:46:43","date_gmt":"2020-07-04T16:46:43","guid":{"rendered":"https:\/\/trimakasi.eu\/?post_type=product&#038;p=159514"},"modified":"2025-09-03T21:02:08","modified_gmt":"2025-09-03T19:02:08","slug":"bracciale-labradorite-matte","status":"publish","type":"product","link":"https:\/\/trimakasi.eu\/it\/product\/labradorite-matte-bracelet\/","title":{"rendered":"Labradorite \u2013 bracciale opaco"},"content":{"rendered":"<h3>Labradorite \u2013 propriet\u00e0<\/h3>\n<p id=\"tw-target-text\" class=\"tw-data-text tw-ta tw-text-small\" dir=\"ltr\" data-placeholder=\"P\u0159eklad\"><span lang=\"en\" tabindex=\"0\">La labradorite \u00e8 diventata una pietra molto popolare tra le persone di tutto il mondo a tutti i livelli del loro viaggio spirituale. \u00c8 una pietra di sciamani, druidi, guaritori e tutti coloro che cercano una comprensione pi\u00f9 profonda di questo mondo e una conoscenza spirituale pi\u00f9 profonda. La labradorite accende il fuoco dell&#039;immaginazione creativa e calma la mente dalla paura e dall&#039;ansia. <\/span><\/p>\n<p class=\"tw-data-text tw-ta tw-text-small\" dir=\"ltr\" data-placeholder=\"P\u0159eklad\"><span lang=\"en\" tabindex=\"0\">Secondo le leggende delle trib\u00f9 indigene Inuit, la Labradorite \u00e8 stata creata cadendo dall&#039;aurora boreale, la luce misteriosa che separa il &quot;mondo reale&quot; dal mondo dietro il sipario. La labradorite \u00e8 un potente protettore dell&#039;aura umana, prevenendo la dispersione della sua energia e qualsiasi drenaggio della tua energia personale.<\/span><\/p>\n<p>Elemento: <strong>acqua<\/strong><\/p>\n<p>Segni zodiacali:<strong> Bilancia, Cancro, Capricorno<\/strong><\/p>\n<p>Il braccialetto armonizza tutti i chakra.<\/p>\n<p><a href=\"https:\/\/trimakasi.eu\/it\/video-blog\/\"><u>Visita il nostro video blog per scoprire le connessioni tra pietre preziose, segni zodiacali, chakra e molto altro.<\/u><\/a><\/p>","protected":false},"excerpt":{"rendered":"<p class=\"tw-data-text tw-ta tw-text-small\" dir=\"ltr\" data-placeholder=\"P\u0159eklad\"><span lang=\"en\" tabindex=\"0\">La gemma labradorite ha la capacit\u00e0 occasionale di creare riflessi arcobaleno che ricordano l&#039;aurora boreale. <\/span>Scopri di pi\u00f9 su questo braccialetto qui sotto.<\/p>\n<p>Scegli un braccialetto in base alla misura e al colore dell&#039;ultima perla. <a href=\"https:\/\/trimakasi.eu\/it\/come-scegliere-la-misura-del-braccialetto\/\">Le istruzioni su come determinare correttamente la taglia sono disponibili qui.<\/a><\/p>","protected":false},"featured_media":159529,"comment_status":"open","ping_status":"closed","template":"","meta":{"_acf_changed":false,"_themeisle_gutenberg_block_has_review":false},"product_brand":[],"product_cat":[1687,1064,554,1068,553],"product_tag":[],"class_list":{"0":"post-159514","1":"product","2":"type-product","3":"status-publish","4":"has-post-thumbnail","6":"product_cat-elastic-bracelets","7":"product_cat-mens-jewellery","8":"product_cat-natural-gemstone-bracelets","9":"product_cat-natural-gemstone-bracelets-for-men","10":"product_cat-womens-jewellery","12":"first","13":"instock","14":"taxable","15":"shipping-taxable","16":"purchasable","17":"product-type-variable","18":"has-default-attributes"},"acf":[],"_links":{"self":[{"href":"https:\/\/trimakasi.eu\/it\/wp-json\/wp\/v2\/product\/159514","targetHints":{"allow":["GET"]}}],"collection":[{"href":"https:\/\/trimakasi.eu\/it\/wp-json\/wp\/v2\/product"}],"about":[{"href":"https:\/\/trimakasi.eu\/it\/wp-json\/wp\/v2\/types\/product"}],"replies":[{"embeddable":true,"href":"https:\/\/trimakasi.eu\/it\/wp-json\/wp\/v2\/comments?post=159514"}],"wp:featuredmedia":[{"embeddable":true,"href":"https:\/\/trimakasi.eu\/it\/wp-json\/wp\/v2\/media\/159529"}],"wp:attachment":[{"href":"https:\/\/trimakasi.eu\/it\/wp-json\/wp\/v2\/media?parent=159514"}],"wp:term":[{"taxonomy":"product_brand","embeddable":true,"href":"https:\/\/trimakasi.eu\/it\/wp-json\/wp\/v2\/product_brand?post=159514"},{"taxonomy":"product_cat","embeddable":true,"href":"https:\/\/trimakasi.eu\/it\/wp-json\/wp\/v2\/product_cat?post=159514"},{"taxonomy":"product_tag","embeddable":true,"href":"https:\/\/trimakasi.eu\/it\/wp-json\/wp\/v2\/product_tag?post=159514"}],"curies":[{"name":"wp","href":"https:\/\/api.w.org\/{rel}","templated":true}]}}