{"id":157840,"date":"2023-06-27T10:56:35","date_gmt":"2023-06-27T08:56:35","guid":{"rendered":"https:\/\/trimakasi.eu\/?post_type=product&#038;p=157840"},"modified":"2024-09-22T11:10:05","modified_gmt":"2024-09-22T09:10:05","slug":"collana-da-uomo-con-punta-di-freccia-di-ossidiana","status":"publish","type":"product","link":"https:\/\/trimakasi.eu\/it\/product\/obsidian-arrowhead-necklace-for-men\/","title":{"rendered":"Punta di freccia in ossidiana \u2013 collana per uomo"},"content":{"rendered":"<h3>Ossidiana nera<\/h3>\n<p><span lang=\"en\" tabindex=\"0\">L&#039;ossidiana \u00e8 una forma speciale di vetro naturale, che viene creato dal rapido raffreddamento della lava calda sulla superficie terrestre. \u00c8 stato utilizzato dall&#039;umanit\u00e0 sin dall&#039;et\u00e0 della pietra, quando i cacciatori costruivano le punte delle loro armi con le sue schegge affilate. Questa pietra era anche\u00a0<\/span><span lang=\"en\" tabindex=\"0\">apprezzato tra gli antichi Aztechi, che lo chiamavano &quot;Pietra di Dio&quot;. Il loro pugnale sacro, progettato per il loro famigerato rituale di eseguire sacrifici umani agli dei, era fatto di questa pietra.<\/span><\/p>\n<p><span lang=\"en\" tabindex=\"0\">L&#039;onice nero, la tormalina nera e l&#039;ossidiana nera sono considerate pietre protettive tradizionali a causa del loro colore scuro. Possono circondarti di un&#039;atmosfera protettiva che assorbe tutta la negativit\u00e0 dell&#039;ambiente circostante. Soprattutto, aiutano a superare i modelli di pensiero negativi che derivano dalle emozioni pi\u00f9 debilitanti e tossiche - dalla paura.<\/span><\/p>\n<p>Elemento: <strong>Fuoco<\/strong><\/p>\n<p>Segno zodiacale:\u00a0<strong>Sagittario, Scorpione<\/strong><\/p>\n<p>Il braccialetto armonizza il chakra della radice.<\/p>\n<p><a href=\"https:\/\/trimakasi.eu\/wp-content\/uploads\/\u010dakra1.jpg\"><img loading=\"lazy\" decoding=\"async\" class=\"alignnone size-full wp-image-138513\" src=\"https:\/\/trimakasi.eu\/wp-content\/uploads\/\u010dakra1.jpg\" alt=\"Chakra della radice\" width=\"81\" height=\"88\" srcset=\"https:\/\/trimakasi.eu\/wp-content\/uploads\/\u010dakra1.jpg 81w, https:\/\/trimakasi.eu\/wp-content\/uploads\/\u010dakra1-11x12.jpg 11w\" sizes=\"auto, (max-width: 81px) 100vw, 81px\" \/><\/a><\/p>\n<p><a href=\"https:\/\/trimakasi.eu\/it\/video-blog\/\"><u>Visita il nostro video blog per scoprire le connessioni tra pietre preziose, segni zodiacali, chakra e molto altro.<\/u><\/a><\/p>","protected":false},"excerpt":{"rendered":"<p>Scopri il feroce guerriero dentro di te con il nostro audace amuleto con punta di freccia in ossidiana nera. Realizzato a mano in ossidiana, una pietra venerata dai nativi americani per le sue propriet\u00e0 nella creazione di armi, questo amuleto \u00e8 pi\u00f9 di un gioiello: \u00e8 un simbolo di coraggio indomabile e ricerca incessante dei tuoi obiettivi.<\/p>\n<p>Senti l&#039;energia degli antichi cacciatori sgorgare dentro di te ogni volta che lo indossi. Scopri di pi\u00f9 sulle propriet\u00e0 di questa pietra di seguito.<\/p>\n<p>Lunghezza della catena: 69 cm o 80 cm<\/p>\n<p>Colore\/materiale della catena: acciaio inossidabile rivestito in PVD\/nero<\/p>\n<p>Dimensioni pietra: ca. 5 cm x 2 cm<\/p>","protected":false},"featured_media":165115,"comment_status":"open","ping_status":"closed","template":"","meta":{"_acf_changed":false,"_themeisle_gutenberg_block_has_review":false},"product_brand":[],"product_cat":[1064,1150,1690],"product_tag":[],"class_list":{"0":"post-157840","1":"product","2":"type-product","3":"status-publish","4":"has-post-thumbnail","6":"product_cat-mens-jewellery","7":"product_cat-necklaces-for-men","8":"product_cat-necklaces","10":"first","11":"instock","12":"taxable","13":"shipping-taxable","14":"purchasable","15":"product-type-variable","16":"has-default-attributes"},"acf":[],"_links":{"self":[{"href":"https:\/\/trimakasi.eu\/it\/wp-json\/wp\/v2\/product\/157840","targetHints":{"allow":["GET"]}}],"collection":[{"href":"https:\/\/trimakasi.eu\/it\/wp-json\/wp\/v2\/product"}],"about":[{"href":"https:\/\/trimakasi.eu\/it\/wp-json\/wp\/v2\/types\/product"}],"replies":[{"embeddable":true,"href":"https:\/\/trimakasi.eu\/it\/wp-json\/wp\/v2\/comments?post=157840"}],"wp:featuredmedia":[{"embeddable":true,"href":"https:\/\/trimakasi.eu\/it\/wp-json\/wp\/v2\/media\/165115"}],"wp:attachment":[{"href":"https:\/\/trimakasi.eu\/it\/wp-json\/wp\/v2\/media?parent=157840"}],"wp:term":[{"taxonomy":"product_brand","embeddable":true,"href":"https:\/\/trimakasi.eu\/it\/wp-json\/wp\/v2\/product_brand?post=157840"},{"taxonomy":"product_cat","embeddable":true,"href":"https:\/\/trimakasi.eu\/it\/wp-json\/wp\/v2\/product_cat?post=157840"},{"taxonomy":"product_tag","embeddable":true,"href":"https:\/\/trimakasi.eu\/it\/wp-json\/wp\/v2\/product_tag?post=157840"}],"curies":[{"name":"wp","href":"https:\/\/api.w.org\/{rel}","templated":true}]}}