{"id":144744,"date":"2020-01-03T19:36:24","date_gmt":"2020-01-03T18:36:24","guid":{"rendered":"https:\/\/trimakasi.eu\/?post_type=product&#038;p=144744"},"modified":"2025-02-22T23:35:55","modified_gmt":"2025-02-22T22:35:55","slug":"auralite","status":"publish","type":"product","link":"https:\/\/trimakasi.eu\/it\/product\/auralite\/","title":{"rendered":"Bracciale Auralite"},"content":{"rendered":"<h3>\u00a0Auralite \u2013 propriet\u00e0<\/h3>\n<p>Auralite \u00e8 una potente pietra curativa recentemente scoperta (2007) trovata in una sola localit\u00e0 al mondo. Questa gemma contiene molti minerali e metalli diversi: titanite, cacoxenite, lepidocrossite, ajolite, ematite, magnetite, pirite, goethite, pirrolusite, oro, argento, platino, nichel, rame, ferro, limonite, sfalerite, celite, calcopirite, gialite, epidoto , Bornit e Rutilo. Queste impurit\u00e0 metalliche sono entrate nei cristalli di auralite grazie all&#039;impatto di un meteorite nella zona di origine.<\/p>\n<p>Il materiale centrale di questa gemma \u00e8 un quarzo (principalmente ametista) con una serie delle rare impurit\u00e0 menzionate, grazie alle quali questo minerale si presenta in vari colori. L&#039;Auralite \u00e8 stata identificata dagli scienziati come la pi\u00f9 antica gemma cristallina del mondo, formatasi pi\u00f9 di 1,5 miliardi di anni fa nel momento in cui apparvero i primi segni di vita sulla Terra. Ogni cristallo \u00e8 originale, a causa del diverso rapporto di impurit\u00e0.<\/p>\n<p>\u00c8 un minerale molto raro, che da un punto di vista metafisico \u00e8 dovuto alla sua complessit\u00e0 considerato uno dei cristalli pi\u00f9 potenti della Terra. Le sue vibrazioni estremamente elevate possono spostare una mente umana turbolenta in un luogo tranquillo, lontano dall&#039;ansia e dal caos. Auralite aiuta le persone nella loro evoluzione spirituale e nell&#039;espansione della loro coscienza. Per questo e per le numerose propriet\u00e0 metafisiche, Auralite \u00e8 anche soprannominata la \u201cPietra della Nuova Coscienza\u201d.<\/p>\n<p>Paese d&#039;origine: <strong>Canada<\/strong><\/p>\n<p>Elemento: <strong>Terra, Fuoco, Acqua, Aria<\/strong><\/p>\n<p>Segni zodiacali: <strong>Adatto ad ogni segno zodiacale.<\/strong><\/p>\n<p>Il braccialetto armonizza tutti i chakra ma principalmente il chakra della corona:<\/p>\n<p><img loading=\"lazy\" decoding=\"async\" class=\"alignnone wp-image-74571\" src=\"https:\/\/trimakasi.eu\/wp-content\/uploads\/2019\/05\/akra7.jpg\" alt=\"\" width=\"68\" height=\"75\" srcset=\"https:\/\/trimakasi.eu\/wp-content\/uploads\/2019\/05\/akra7.jpg 92w, https:\/\/trimakasi.eu\/wp-content\/uploads\/2019\/05\/akra7-11x12.jpg 11w\" sizes=\"auto, (max-width: 68px) 100vw, 68px\" \/><\/p>\n<p><a href=\"https:\/\/trimakasi.eu\/it\/video-blog\/\"><u>Visita il nostro video blog per scoprire le connessioni tra pietre preziose, segni zodiacali, chakra e molto altro.<\/u><\/a><\/p>","protected":false},"excerpt":{"rendered":"<p>L&#039;auralite, nota anche come ametista rossa, \u00e8 una miscela di cristalli di quarzo con varie quantit\u00e0 di impurit\u00e0 rare. \u00c8 una delle gemme pi\u00f9 antiche con propriet\u00e0 metafisiche molto forti. Scopri di pi\u00f9 sulle propriet\u00e0 di questa pietra di seguito.<\/p>\n<p>Scegli un braccialetto in base alle sue dimensioni e al colore dell&#039;ultima perla.\u00a0<a href=\"https:\/\/trimakasi.eu\/it\/come-scegliere-la-misura-del-braccialetto\/\">Le istruzioni su come determinare correttamente la taglia sono disponibili qui.<\/a><\/p>","protected":false},"featured_media":144765,"comment_status":"open","ping_status":"closed","template":"","meta":{"_acf_changed":false,"_themeisle_gutenberg_block_has_review":false},"product_brand":[],"product_cat":[1687,1064,554,1068,1316,553],"product_tag":[],"class_list":{"0":"post-144744","1":"product","2":"type-product","3":"status-publish","4":"has-post-thumbnail","6":"product_cat-elastic-bracelets","7":"product_cat-mens-jewellery","8":"product_cat-natural-gemstone-bracelets","9":"product_cat-natural-gemstone-bracelets-for-men","10":"product_cat-rare-gemstone-bracelets","11":"product_cat-womens-jewellery","13":"first","14":"instock","15":"taxable","16":"shipping-taxable","17":"purchasable","18":"product-type-variable","19":"has-default-attributes"},"acf":[],"_links":{"self":[{"href":"https:\/\/trimakasi.eu\/it\/wp-json\/wp\/v2\/product\/144744","targetHints":{"allow":["GET"]}}],"collection":[{"href":"https:\/\/trimakasi.eu\/it\/wp-json\/wp\/v2\/product"}],"about":[{"href":"https:\/\/trimakasi.eu\/it\/wp-json\/wp\/v2\/types\/product"}],"replies":[{"embeddable":true,"href":"https:\/\/trimakasi.eu\/it\/wp-json\/wp\/v2\/comments?post=144744"}],"wp:featuredmedia":[{"embeddable":true,"href":"https:\/\/trimakasi.eu\/it\/wp-json\/wp\/v2\/media\/144765"}],"wp:attachment":[{"href":"https:\/\/trimakasi.eu\/it\/wp-json\/wp\/v2\/media?parent=144744"}],"wp:term":[{"taxonomy":"product_brand","embeddable":true,"href":"https:\/\/trimakasi.eu\/it\/wp-json\/wp\/v2\/product_brand?post=144744"},{"taxonomy":"product_cat","embeddable":true,"href":"https:\/\/trimakasi.eu\/it\/wp-json\/wp\/v2\/product_cat?post=144744"},{"taxonomy":"product_tag","embeddable":true,"href":"https:\/\/trimakasi.eu\/it\/wp-json\/wp\/v2\/product_tag?post=144744"}],"curies":[{"name":"wp","href":"https:\/\/api.w.org\/{rel}","templated":true}]}}