{"id":118195,"date":"2022-12-20T22:28:29","date_gmt":"2022-12-20T21:28:29","guid":{"rendered":"https:\/\/trimakasi.eu\/?post_type=product&#038;p=118195"},"modified":"2025-01-02T13:16:14","modified_gmt":"2025-01-02T12:16:14","slug":"smeraldo","status":"publish","type":"product","link":"https:\/\/trimakasi.eu\/it\/product\/emerald\/","title":{"rendered":"Braccialetto di smeraldi"},"content":{"rendered":"<h3>Smeraldo \u2013 propriet\u00e0<\/h3>\n<p>Lo smeraldo verde intenso \u00e8 noto come &quot;Gioiello dei Re&quot; ed \u00e8 la variet\u00e0 pi\u00f9 preziosa della gemma berillo, simile all&#039;acquamarina di colore blu o alla morganite color pesca. Lo smeraldo, insieme al rubino e allo zaffiro, forma il \u201cGrande Trio\u201d di pietre preziose, i minerali colorati pi\u00f9 rari e pregiati della Terra. Il nome di questo minerale deriva dall&#039;antica parola greca per colore verde, &quot;smeraldo&quot;.<\/p>\n<p>Questa pietra fornisce equilibrio fisico e mentale e porta armonia a tutte le aree dell&#039;esistenza umana. \u00c8 stato considerato da molte civilt\u00e0 come una pietra di profeti che porta saggezza, migliora l&#039;intuizione e aiuta nella ricerca della verit\u00e0. Allo stesso tempo, lo smeraldo era apprezzato per i suoi effetti calmanti sulla mente umana turbata. Gli egiziani consideravano lo smeraldo un simbolo di vita eterna, un dono di Thoth, il dio della saggezza. Cleopatra avrebbe adornato se stessa e il suo palazzo con smeraldi e li avrebbe anche donati ai diplomatici stranieri per dimostrare il suo potere e la sua ricchezza.<\/p>\n<p>Lo smeraldo stimola l'amore incondizionato ed \u00e8 spesso indicato come la \"Pietra dell'amore di successo\". Questa gemma mantiene la relazione in equilibrio e rappresenta un ponte immaginario tra due persone. La leggenda dice che lo smeraldo \u00e8 in grado di tradire l'infedelt\u00e0 cambiando il suo colore.<\/p>\n<p>Paese d&#039;origine: <strong>Zambia o Brasile<\/strong><\/p>\n<p>Elemento: <strong>Terra<\/strong><\/p>\n<p>Segni zodiacali: <strong>Ariete, Toro, Gemelli, Bilancia, Vergine, Cancro<\/strong><\/p>\n<p>Questo braccialetto armonizza il chakra del cuore e il chakra della corona<\/p>\n<p><a href=\"https:\/\/trimakasi.eu\/wp-content\/uploads\/2020\/07\/\u010dakra4.jpg\"><img loading=\"lazy\" decoding=\"async\" class=\"alignnone size-full wp-image-83566\" src=\"https:\/\/trimakasi.eu\/wp-content\/uploads\/2020\/07\/\u010dakra4.jpg\" alt=\"Chakra del cuore\" width=\"79\" height=\"93\" srcset=\"https:\/\/trimakasi.eu\/wp-content\/uploads\/2020\/07\/\u010dakra4.jpg 79w, https:\/\/trimakasi.eu\/wp-content\/uploads\/2020\/07\/\u010dakra4-10x12.jpg 10w\" sizes=\"auto, (max-width: 79px) 100vw, 79px\" \/><\/a><a href=\"https:\/\/trimakasi.eu\/wp-content\/uploads\/crown-chakra.jpg\"><img loading=\"lazy\" decoding=\"async\" class=\"alignnone size-full wp-image-132743\" src=\"https:\/\/trimakasi.eu\/wp-content\/uploads\/crown-chakra.jpg\" alt=\"\" width=\"92\" height=\"102\" srcset=\"https:\/\/trimakasi.eu\/wp-content\/uploads\/crown-chakra.jpg 92w, https:\/\/trimakasi.eu\/wp-content\/uploads\/crown-chakra-11x12.jpg 11w\" sizes=\"auto, (max-width: 92px) 100vw, 92px\" \/><\/a><\/p>\n<p><a href=\"https:\/\/trimakasi.eu\/it\/video-blog\/\"><u>Visita il nostro video blog per scoprire le connessioni tra pietre preziose, segni zodiacali, chakra e molto altro.<\/u><\/a><\/p>","protected":false},"excerpt":{"rendered":"<p id=\"tw-target-text\" class=\"tw-data-text tw-text-large tw-ta\" dir=\"ltr\" data-placeholder=\"P\u0159eklad\">Lo smeraldo \u00e8 una variazione verde del berillo che simboleggia l&#039;armonia. Insieme al rubino e allo zaffiro \u00e8 lo smeraldo una delle gemme pi\u00f9 rare sulla Terra che simboleggia la regalit\u00e0. A causa della rarit\u00e0 di questa pietra e della domanda mondiale, sono disponibili solo scorte molto limitate.<\/p>\n<p>Scegli un braccialetto in base alle sue dimensioni e al colore dell&#039;ultima perla. <a href=\"https:\/\/trimakasi.eu\/it\/come-scegliere-la-misura-del-braccialetto\/\">Le istruzioni su come determinare correttamente la taglia sono disponibili qui.<\/a><\/p>","protected":false},"featured_media":139218,"comment_status":"open","ping_status":"closed","template":"","meta":{"_acf_changed":false,"_themeisle_gutenberg_block_has_review":false},"product_brand":[],"product_cat":[1687,1064,554,1068,1316,553],"product_tag":[],"class_list":{"0":"post-118195","1":"product","2":"type-product","3":"status-publish","4":"has-post-thumbnail","6":"product_cat-elastic-bracelets","7":"product_cat-mens-jewellery","8":"product_cat-natural-gemstone-bracelets","9":"product_cat-natural-gemstone-bracelets-for-men","10":"product_cat-rare-gemstone-bracelets","11":"product_cat-womens-jewellery","13":"first","14":"instock","15":"taxable","16":"shipping-taxable","17":"purchasable","18":"product-type-variable","19":"has-default-attributes"},"acf":[],"_links":{"self":[{"href":"https:\/\/trimakasi.eu\/it\/wp-json\/wp\/v2\/product\/118195","targetHints":{"allow":["GET"]}}],"collection":[{"href":"https:\/\/trimakasi.eu\/it\/wp-json\/wp\/v2\/product"}],"about":[{"href":"https:\/\/trimakasi.eu\/it\/wp-json\/wp\/v2\/types\/product"}],"replies":[{"embeddable":true,"href":"https:\/\/trimakasi.eu\/it\/wp-json\/wp\/v2\/comments?post=118195"}],"wp:featuredmedia":[{"embeddable":true,"href":"https:\/\/trimakasi.eu\/it\/wp-json\/wp\/v2\/media\/139218"}],"wp:attachment":[{"href":"https:\/\/trimakasi.eu\/it\/wp-json\/wp\/v2\/media?parent=118195"}],"wp:term":[{"taxonomy":"product_brand","embeddable":true,"href":"https:\/\/trimakasi.eu\/it\/wp-json\/wp\/v2\/product_brand?post=118195"},{"taxonomy":"product_cat","embeddable":true,"href":"https:\/\/trimakasi.eu\/it\/wp-json\/wp\/v2\/product_cat?post=118195"},{"taxonomy":"product_tag","embeddable":true,"href":"https:\/\/trimakasi.eu\/it\/wp-json\/wp\/v2\/product_tag?post=118195"}],"curies":[{"name":"wp","href":"https:\/\/api.w.org\/{rel}","templated":true}]}}