{"id":71484,"date":"2018-05-03T19:48:52","date_gmt":"2018-05-03T17:48:52","guid":{"rendered":"https:\/\/trimakasi.cz\/?page_id=71484"},"modified":"2025-09-23T12:39:36","modified_gmt":"2025-09-23T10:39:36","slug":"procedura-di-reclamo","status":"publish","type":"page","link":"https:\/\/trimakasi.eu\/it\/terms-and-conditions\/complaints-procedure\/","title":{"rendered":"Regole per la gestione dei reclami"},"content":{"rendered":"<p>Le regole per la gestione dei reclami (di seguito \u201e<strong>Regole per la gestione dei reclami<\/strong>\u201c) descrivono i mezzi e le condizioni con cui il consumatore pu\u00f2 presentare reclami per merce difettosa ricevuta dal nostro negozio online TRIMAKASI situato all&#039;indirizzo https:\/\/trimakasi.eu\/ (di seguito il \u201c<strong>Sito web<\/strong>&quot;) a partire dal <strong>la nostra azienda:<\/strong><\/p>\n<p>Trimakasi sro, sede legale: B\u00edlkova 855\/19, 110 00 Praga 1 \u2013 Citt\u00e0 Vecchia, Repubblica Ceca<\/p>\n<p>ID organizzazione (ICO): 06947654<\/p>\n<p>Societ\u00e0 con partita IVA: CZ06947654<\/p>\n<p>iscritta nel Registro delle Imprese tenuto dal Tribunale Municipale di Praga, fascicolo n. C 291883<\/p>\n<p>indirizzo di consegna: <strong>Trimakasi, Slune\u010dn\u00ed n\u00e1m\u011bst\u00ed 11, Praga 5, PS\u010c 158 00<\/strong><strong>, Repubblica Ceca<\/strong><\/p>\n<p>numero di telefono: <span style=\"font-size: 110%;\"><u>+420774041 292<\/u>\u00a0<\/span><\/p>\n<p>contatto e-mail: info@trimakasi.eu<\/p>\n<p><strong><a href=\"https:\/\/trimakasi.eu\/it\/modulo-per-restituzione-o-cambio-merce\/\"><u>Il modulo per la restituzione o il cambio merce si trova qui.<\/u><\/a><\/strong><\/p>\n<p>(di seguito &quot;<strong>noi<\/strong>\u201d)<\/p>\n<ol>\n<li><strong>Di che tipo di vizi e difetti \u00e8 responsabile la nostra azienda?<\/strong><\/li>\n<\/ol>\n<p>In qualit\u00e0 di venditore, siamo responsabili dell&#039;effettiva consegna della merce ordinata (di seguito anche &quot;prodotto\/i&quot;) a voi come nostro cliente (di seguito anche &quot;<strong>tu<\/strong>\u201d) e che il\u00a0<strong>la merce al momento della presa in carico \u00e8 esente da vizi e difetti<\/strong>. Ci\u00f2 significa in particolare quanto segue:<\/p>\n<ul>\n<li>le caratteristiche del prodotto sono identiche a quelle concordate nel contratto o descritte nei nostri materiali, ovvero previste in relazione alla natura di un determinato prodotto e basate sulla pubblicit\u00e0;<\/li>\n<li>il volume, le dimensioni e il peso del prodotto sono corretti come hai ordinato;<\/li>\n<li>il prodotto \u00e8 conforme a tutte le norme e regolamenti legali;<\/li>\n<li>il prodotto \u00e8 conforme agli scopi per cui \u00e8 stato acquistato o utilizzato;<\/li>\n<li>la qualit\u00e0 del prodotto \u00e8 adeguata a quanto concordato tra voi e la nostra azienda o a quanto definito dalle norme o regolamenti applicabili e,<\/li>\n<li>il prodotto \u00e8 esente da qualsiasi difetto legale, ovvero nessun terzo ha diritti di propriet\u00e0 sul prodotto e il prodotto \u00e8 accompagnato dai documenti necessari per un corretto utilizzo del prodotto.<\/li>\n<\/ul>\n<p>Siamo inoltre responsabili che il difetto non si manifester\u00e0 durante il periodo di garanzia.\u00a0<strong>Non forniamo alcuna garanzia di qualit\u00e0 oltre la garanzia prevista dalla legge<\/strong>.<\/p>\n<p>La differenza di colore tra la realt\u00e0 e un&#039;immagine visualizzata sullo schermo di un dispositivo elettronico non pu\u00f2 essere considerata un difetto del prodotto. Se un determinato prodotto non corrisponde alle tue aspettative, puoi recedere dal contratto entro 14 (quattordici) giorni dalla presa in consegna della merce ai sensi dell&#039;articolo 6 del <a href=\"https:\/\/trimakasi.eu\/it\/termini-e-condizioni\/termini-generali-e-condizioni\/\">Termini generali e condizioni<\/a>.<\/p>\n<ol>\n<li><strong>Quanto dura il periodo di garanzia?<\/strong><\/li>\n<\/ol>\n<p>Il periodo di garanzia per un prodotto non utilizzato \u00e8\u00a0<strong>24<\/strong>\u00a0(<strong>ventiquattro) mesi dall&#039;acquisizione<\/strong>\u00a0del prodotto a meno che non sia definito un periodo pi\u00f9 lungo sul Sito, nella documentazione allegata al prodotto o tramite pubblicit\u00e0.<\/p>\n<p>Si prega di notare che nel caso in cui il prodotto debba essere sostituito o riparato, questi componenti nuovi o riparati non saranno coperti da una garanzia nuova di zecca. Il periodo di garanzia originale sar\u00e0 prolungato a seconda di quanto tempo il prodotto originale era fuori servizio (prima della sostituzione o in riparazione).<\/p>\n<ol>\n<li><strong>Quali diritti posso esercitare in caso di prestazioni difettose?<\/strong><\/li>\n<\/ol>\n<p>Hai i seguenti diritti a seconda del difetto specifico:<\/p>\n<ol>\n<li><strong>Aggiunta di parti mancanti<\/strong><\/li>\n<\/ol>\n<p>Se la quantit\u00e0 dei prodotti consegnati \u00e8 inferiore a quella concordata o il prodotto \u00e8 incompleto, hai diritto a ottenere tutte le parti oi prodotti mancanti.<\/p>\n<ol start=\"2\">\n<li><strong>Sconto dal prezzo di acquisto<\/strong><\/li>\n<\/ol>\n<p>Se il prodotto \u00e8 difettoso o il difetto si verifica durante il periodo di garanzia, \u00e8 possibile richiedere uno sconto adeguato dal prezzo di acquisto.<\/p>\n<ol start=\"3\">\n<li><strong>Sostituzione del prodotto difettoso o del componente del prodotto<\/strong><\/li>\n<\/ol>\n<p><strong>Puoi presentare un reclamo per\u00a0<\/strong>la sostituzione di un prodotto difettoso o di una parte difettosa di un prodotto ragionevolmente a seconda della natura del difetto (tipicamente quando il prodotto non pu\u00f2 essere riparato istantaneamente) e a meno che il difetto non sia una violazione contrattuale non sostanziale<\/p>\n<p>Sei\u00a0<strong>non idoneo a<\/strong>\u00a0la sostituzione dell&#039;intero prodotto se solo una parte del prodotto \u00e8 difettosa. Se giungiamo alla conclusione che una parte del tuo prodotto \u00e8 difettosa, sostituiremo solo la parte difettosa.<\/p>\n<ol start=\"4\">\n<li><strong>Riparazione<\/strong><\/li>\n<\/ol>\n<p><strong>Hai il diritto di richiedere la rimozione gratuita di un difetto.\u00a0<\/strong>Se durante il processo si scopre che non siamo in grado di riparare la merce, te lo comunicheremo prontamente. Ti sar\u00e0 quindi consentito di scegliere un modo alternativo di gestire il tuo reclamo.<\/p>\n<ol start=\"5\">\n<li><strong>Rimborso\u00a0<\/strong>(recesso dal contratto)<\/li>\n<\/ol>\n<p><strong>Potrebbe essere necessario il rimborso fintanto che<\/strong>:<\/p>\n<ul>\n<li>la consegna di un articolo incompleto o difettoso da parte della nostra organizzazione costituisce una violazione sostanziale del contratto o,<\/li>\n<li>non siamo in grado di rimuovere un difetto visto come un ostacolo al corretto utilizzo del prodotto o sostituire tale prodotto (ad esempio, la produzione del prodotto \u00e8 terminata) o,<\/li>\n<li>non \u00e8 possibile utilizzare correttamente il prodotto a causa di difetti ricorrenti (ad esempio, comparsa dello stesso difetto dopo almeno due riparazioni) o,<\/li>\n<li>il prodotto presenta difetti multipli (comparsa simultanea di almeno tre difetti riparabili visti come ostacolo al corretto utilizzo del prodotto) o,<\/li>\n<li>non riusciamo a rispettare la scadenza per la gestione del reclamo o a porre rimedio alla situazione entro 30 (trenta) giorni dalla presentazione del reclamo.<\/li>\n<\/ul>\n<p><strong>Ogni prodotto che dovrebbe essere sostituito o rimborsato<\/strong>\u00a0deve essere restituito nelle stesse condizioni in cui \u00e8 stato ricevuto. Le eccezioni includono:<\/p>\n<ol>\n<li>le condizioni del prodotto sono cambiate a causa di un&#039;ispezione effettuata per rilevare il difetto;<\/li>\n<li>il prodotto \u00e8 stato utilizzato prima di rivelare il difetto;<\/li>\n<li>l&#039;impossibilit\u00e0 di restituire un prodotto nelle medesime condizioni non \u00e8 stata causata da una tua cattiva gestione o negligenza o,<\/li>\n<li>prima di rivelare il difetto, il prodotto viene venduto, consumato o alterato a causa del normale utilizzo. Se questo si applica solo a una parte di un prodotto, restituirai tutto ci\u00f2 che puoi e ci risarcir\u00e0 per il vantaggio che hai avuto dal prodotto<\/li>\n<\/ol>\n<p><strong>Quando non ti \u00e8 consentito esercitare diritti derivanti da prestazioni difettose?<\/strong><\/p>\n<p>Non \u00e8 consentito esercitare i diritti derivanti da prestazioni difettose purch\u00e9:<\/p>\n<ul>\n<li>sei a conoscenza del difetto prima di ritirare il prodotto;<\/li>\n<li>il difetto \u00e8 stato causato da te;<\/li>\n<li>il periodo di garanzia \u00e8 scaduto.<\/li>\n<\/ul>\n<p>La garanzia e la responsabilit\u00e0 per vizi non si applicano inoltre a:<\/p>\n<ul>\n<li>normale usura;<\/li>\n<li>articoli offerti a tariffe inferiori; solo in relazione ad un difetto per il quale \u00e8 stato pattuito il prezzo inferiore o;<\/li>\n<li>articoli la cui natura non lo consente (in particolare prodotti la cui durata \u00e8 normalmente inferiore al periodo di garanzia).<\/li>\n<\/ul>\n<p><strong>Quali misure devo intraprendere quando presento un reclamo?<\/strong><\/p>\n<ul>\n<li>Ogni reclamo deve essere presentato senza indebito ritardo.<\/li>\n<li>I reclami sono accettati in tutti i nostri negozi per quanto riguarda l&#039;assortimento e presso la nostra sede legale. Per accelerare il processo ti consigliamo di utilizzare l&#039;indirizzo del nostro negozio: (Tel.: +420 774 041 292, indirizzo:\u00a0<a href=\"https:\/\/www.google.com\/maps\/place\/Petr%C5%BE%C3%ADlkova+1435%2F33,+158+00+Praha+13-Stod%C5%AFlky\/@50.0499892,14.3398996,18.13z\/data=!4m5!3m4!1s0x470b95ef90e83291:0xe3da8b6ca4b2f7ba!8m2!3d50.0501544!4d14.3404576\">Petr\u017e\u00edlkova 1435\/33, 158 00 Praga 13-Stod\u016flky<\/a>, Repubblica Ceca).<\/li>\n<\/ul>\n<p>Processo di gestione dei reclami consigliato:<\/p>\n<ul>\n<li>per velocizzare il processo puoi chiamarci telefonicamente, via e-mail o inviarci una lettera<\/li>\n<li>allo stesso tempo, \u00e8 necessario specificare quale dei diritti derivanti dalla prestazione difettosa si intende esercitare (parti mancanti, sconto, sostituzione del prodotto o della parte difettosa, riparazione del prodotto, rimborso e\/o altri diritti in conformit\u00e0 con la gestione dei reclami Norme e disposizioni di legge applicabili);<\/li>\n<li>consegnarci il prodotto interessato insieme al reclamo o poi all&#039;indirizzo registrato della nostra organizzazione (il COD non sar\u00e0 accettato). Per evitare danni o distruzione, si consiglia di avvolgere adeguatamente il prodotto.<\/li>\n<li><strong>per facilitare il processo, dovresti allegare al prodotto un documento come prova dell&#039;acquisto del prodotto come una ricevuta, fattura (se emessa) o altro documento, la descrizione del difetto e la tua proposta su come risolvere il reclamo .<\/strong><\/li>\n<\/ul>\n<p><strong>La mancata esecuzione di quanto sopra descritto o la mancata presentazione di uno qualsiasi dei documenti di cui sopra non deve essere vista come un ostacolo a una gestione positiva del reclamo.<\/strong><\/p>\n<ul>\n<li>Un reclamo viene presentato una volta che viene segnalato un difetto rilevato ed esercitato il diritto dalla prestazione difettosa per un prodotto venduto.<\/li>\n<li>Ogni reclamo ricevuto viene deciso immediatamente, ad eccezione dei casi complessi che richiedono fino a tre giorni lavorativi. Questo periodo non include il tempo necessario per la valutazione esperta del difetto adeguato a un particolare prodotto o servizio. Ogni reclamo sar\u00e0 gestito e il difetto eliminato, salvo diverso accordo, entro 30 (trenta) giorni dalla presentazione del reclamo.<\/li>\n<li>Se presenti un reclamo utilizzando un diritto a cui non hai diritto per ragioni oggettive (tipicamente difetto non riparabile o prodotto non sostituibile) te lo comunicheremo prontamente. In tal caso puoi scegliere di applicare un altro diritto ai sensi dell&#039;art. Regole per la gestione dei reclami.<\/li>\n<li>Quando si effettua un reclamo, si ricever\u00e0 da noi una conferma scritta che mostra la data e il contenuto del reclamo e il metodo di gestione della richiesta. Dopo aver chiuso il reclamo, riceverai una conferma che mostra la data e il metodo di gestione del reclamo, inclusi il tipo e la durata della riparazione e (se necessario) una giustificazione scritta per rifiutare il reclamo.<\/li>\n<li><strong>Hai diritto al risarcimento di tutti i costi ragionevolmente spesi durante una procedura di reclamo per merce difettosa. Ricorda che il diritto di richiedere tale risarcimento scade entro un mese dalla denuncia del difetto.<\/strong><\/li>\n<\/ul>\n<p>Le norme sulla gestione dei reclami entrano in vigore ed entrano in vigore a partire dal 3 maggio 2018.<\/p>\n<p>&nbsp;<\/p>","protected":false},"excerpt":{"rendered":"<p>The Complaints-handling rules (hereinafter \u201eComplaints-handling Rules\u201c) describe the means and conditions for the consumer to lodge complaints about defective goods received from our online shop TRIMAKASI located at https:\/\/trimakasi.eu\/ (hereinafter the \u201cWebsite\u201c) from our company: Trimakasi s.r.o., registered office: B\u00edlkova 855\/19, 110 00 Prague 1 \u2013 Old Town, Czech Republic organisation ID (ICO): 06947654 VAT [&#8230;]\n","protected":false},"author":1,"featured_media":70995,"parent":71983,"menu_order":0,"comment_status":"closed","ping_status":"closed","template":"page-blank-sub-nav-vertical.php","meta":{"_acf_changed":false,"_themeisle_gutenberg_block_has_review":false,"footnotes":""},"class_list":["post-71484","page","type-page","status-publish","has-post-thumbnail","hentry"],"acf":[],"_links":{"self":[{"href":"https:\/\/trimakasi.eu\/it\/wp-json\/wp\/v2\/pages\/71484","targetHints":{"allow":["GET"]}}],"collection":[{"href":"https:\/\/trimakasi.eu\/it\/wp-json\/wp\/v2\/pages"}],"about":[{"href":"https:\/\/trimakasi.eu\/it\/wp-json\/wp\/v2\/types\/page"}],"author":[{"embeddable":true,"href":"https:\/\/trimakasi.eu\/it\/wp-json\/wp\/v2\/users\/1"}],"replies":[{"embeddable":true,"href":"https:\/\/trimakasi.eu\/it\/wp-json\/wp\/v2\/comments?post=71484"}],"version-history":[{"count":1,"href":"https:\/\/trimakasi.eu\/it\/wp-json\/wp\/v2\/pages\/71484\/revisions"}],"predecessor-version":[{"id":173805,"href":"https:\/\/trimakasi.eu\/it\/wp-json\/wp\/v2\/pages\/71484\/revisions\/173805"}],"up":[{"embeddable":true,"href":"https:\/\/trimakasi.eu\/it\/wp-json\/wp\/v2\/pages\/71983"}],"wp:featuredmedia":[{"embeddable":true,"href":"https:\/\/trimakasi.eu\/it\/wp-json\/"}],"wp:attachment":[{"href":"https:\/\/trimakasi.eu\/it\/wp-json\/wp\/v2\/media?parent=71484"}],"curies":[{"name":"wp","href":"https:\/\/api.w.org\/{rel}","templated":true}]}}