{"id":83129,"date":"2020-07-08T22:45:39","date_gmt":"2020-07-08T20:45:39","guid":{"rendered":"https:\/\/trimakasi.eu\/product\/larimar-naramek\/"},"modified":"2025-05-06T10:26:58","modified_gmt":"2025-05-06T08:26:58","slug":"larimar","status":"publish","type":"product","link":"https:\/\/trimakasi.eu\/hu\/product\/larimar\/","title":{"rendered":"Larim\u00e1r kark\u00f6t\u0151"},"content":{"rendered":"<h3>Larimar \u2013 el\u0151ny\u00f6k<\/h3>\n<p>A Larim\u00e1r megnyugtatja \u00e9s csillap\u00edtja az emberi \u00e9rzelmeket. Fontos medit\u00e1ci\u00f3s k\u0151, seg\u00edt betekint\u00e9st nyerni az emberi l\u00e9lek legm\u00e9lyebb zugaiba. Az \u00e1sv\u00e1ny nyugtat\u00f3 hat\u00e1sa elpuszt\u00edtja test\u00fcnk \u00f6sszes blokkj\u00e1t, ez\u00e1ltal megakad\u00e1lyozza az energia\u00e1raml\u00e1s blokkol\u00e1s\u00e1t. A Larim\u00e1rt viszonylag nemr\u00e9giben, 1916-ban fedezt\u00e9k fel a Dominikai K\u00f6zt\u00e1rsas\u00e1gban tal\u00e1lhat\u00f3 Karib-tengeren. A k\u0151 kiz\u00e1r\u00f3lag itt tal\u00e1lhat\u00f3 meg.<\/p>\n<p>A Larim\u00e1rt \u201edelfink\u0151nek\u201d vagy \u201eatlantiszi k\u0151nek\u201d is nevezik. A legenda szerint a mai Dominikai K\u00f6zt\u00e1rsas\u00e1g Atlantisz mitikus civiliz\u00e1ci\u00f3j\u00e1nak r\u00e9sze volt. Egy gy\u00f6ny\u00f6r\u0171 k\u00e9k k\u0151r\u0151l van sz\u00f3, amely az Atlantisz teljes civiliz\u00e1ci\u00f3j\u00e1t gy\u00f3gy\u00edt\u00f3 k\u00e9pess\u00e9geket l\u00e1tta el.<\/p>\n<p>Sz\u00e1rmaz\u00e1si orsz\u00e1g: <strong>Dominikai K\u00f6zt\u00e1rsas\u00e1g<\/strong><\/p>\n<p>Elem:<strong> V\u00edz<\/strong><\/p>\n<p>Csillagjegyek:<strong> Oroszl\u00e1n, Halak<\/strong><\/p>\n<p>Ez a kark\u00f6t\u0151 harmoniz\u00e1lja a sz\u00edvcsakr\u00e1t, a torokcsakr\u00e1t \u00e9s a koronacsakr\u00e1t:<\/p>\n<p><img loading=\"lazy\" decoding=\"async\" class=\"alignnone wp-image-72746\" src=\"https:\/\/trimakasi.cz\/wp-content\/uploads\/2018\/07\/\u010dakra4.jpg\" alt=\"Srde\u010dn\u00ed \u010dakra\" width=\"74\" height=\"87\" \/><img loading=\"lazy\" decoding=\"async\" class=\"alignnone size-full wp-image-72747\" src=\"https:\/\/trimakasi.cz\/wp-content\/uploads\/2018\/07\/\u010dakra5.jpg\" alt=\"Hrdeln\u00ed \u010dakra\" width=\"81\" height=\"87\" \/><img loading=\"lazy\" decoding=\"async\" class=\"alignnone wp-image-72749\" src=\"https:\/\/trimakasi.cz\/wp-content\/uploads\/2018\/07\/\u010dakra7.jpg\" alt=\"Korunn\u00ed \u010dakra\" width=\"82\" height=\"91\" \/><u><\/u><\/p>\n<p><a href=\"https:\/\/trimakasi.eu\/hu\/videoblog\/\"><u>L\u00e1togassa meg videoblogunkat, hogy felfedezze a dr\u00e1gak\u00f6vek, \u00e1llat\u00f6v jelek, csakr\u00e1k \u00e9s m\u00e9g sok m\u00e1s k\u00f6z\u00f6tti \u00f6sszef\u00fcgg\u00e9seket.<\/u><\/a><\/p>","protected":false},"excerpt":{"rendered":"<p>A Larimar egy ritka gy\u00f3gy\u00edt\u00f3 k\u0151 a k\u00e9k \u00e9s a t\u00fcrkiz l\u00e1gy, feh\u00e9res \u00e1rnyalataiban. A k\u00f6zelm\u00faltban felfedezett \u00e1sv\u00e1ny, amely folyamatosan n\u00f6vekszik. Tudjon meg t\u00f6bbet a k\u0151 tulajdons\u00e1gair\u00f3l al\u00e1bb.<\/p>\n<p>V\u00e1lasszon kark\u00f6t\u0151t annak m\u00e9rete \u00e9s az utols\u00f3 gy\u00f6ngy sz\u00edne szerint.\u00a0<a href=\"https:\/\/trimakasi.eu\/hu\/hogyan-valasszuk-ki-a-karkoto-meretet\/\">A m\u00e9ret helyes meghat\u00e1roz\u00e1s\u00e1nak \u00fatmutat\u00f3ja itt tal\u00e1lhat\u00f3.<\/a><\/p>","protected":false},"featured_media":81097,"comment_status":"open","ping_status":"closed","template":"","meta":{"_acf_changed":false,"_themeisle_gutenberg_block_has_review":false},"product_brand":[],"product_cat":[1687,554,1316,553],"product_tag":[],"class_list":{"0":"post-83129","1":"product","2":"type-product","3":"status-publish","4":"has-post-thumbnail","6":"product_cat-elastic-bracelets","7":"product_cat-natural-gemstone-bracelets","8":"product_cat-rare-gemstone-bracelets","9":"product_cat-womens-jewellery","11":"first","12":"instock","13":"taxable","14":"shipping-taxable","15":"purchasable","16":"product-type-variable","17":"has-default-attributes"},"acf":[],"_links":{"self":[{"href":"https:\/\/trimakasi.eu\/hu\/wp-json\/wp\/v2\/product\/83129","targetHints":{"allow":["GET"]}}],"collection":[{"href":"https:\/\/trimakasi.eu\/hu\/wp-json\/wp\/v2\/product"}],"about":[{"href":"https:\/\/trimakasi.eu\/hu\/wp-json\/wp\/v2\/types\/product"}],"replies":[{"embeddable":true,"href":"https:\/\/trimakasi.eu\/hu\/wp-json\/wp\/v2\/comments?post=83129"}],"wp:featuredmedia":[{"embeddable":true,"href":"https:\/\/trimakasi.eu\/hu\/wp-json\/wp\/v2\/media\/81097"}],"wp:attachment":[{"href":"https:\/\/trimakasi.eu\/hu\/wp-json\/wp\/v2\/media?parent=83129"}],"wp:term":[{"taxonomy":"product_brand","embeddable":true,"href":"https:\/\/trimakasi.eu\/hu\/wp-json\/wp\/v2\/product_brand?post=83129"},{"taxonomy":"product_cat","embeddable":true,"href":"https:\/\/trimakasi.eu\/hu\/wp-json\/wp\/v2\/product_cat?post=83129"},{"taxonomy":"product_tag","embeddable":true,"href":"https:\/\/trimakasi.eu\/hu\/wp-json\/wp\/v2\/product_tag?post=83129"}],"curies":[{"name":"wp","href":"https:\/\/api.w.org\/{rel}","templated":true}]}}