{"id":83117,"date":"2022-11-08T22:45:39","date_gmt":"2022-11-08T21:45:39","guid":{"rendered":"https:\/\/trimakasi.eu\/product\/peridot-naramek\/"},"modified":"2025-09-04T13:07:33","modified_gmt":"2025-09-04T11:07:33","slug":"peridot","status":"publish","type":"product","link":"https:\/\/trimakasi.eu\/hu\/product\/peridot\/","title":{"rendered":"Peridot kark\u00f6t\u0151"},"content":{"rendered":"<h3>Peridot \u2013 el\u0151ny\u00f6k<\/h3>\n<p>Peridot, gy\u00f6ny\u00f6r\u0171 \u00e9s ritka dr\u00e1gak\u0151, amely sz\u00edne olajz\u00f6ld. A peridot a gy\u00e9m\u00e1nthoz hasonl\u00f3an a f\u00f6ld megolvadt magj\u00e1ban k\u00e9pz\u0151dik magas h\u0151m\u00e9rs\u00e9klet \u00e9s nyom\u00e1s mellett. Egyes peridotok f\u00f6ld\u00f6nk\u00edv\u00fcli eredet\u0171ek, meteoritokban vagy \u00fcst\u00f6k\u00f6s\u00f6kben is megtal\u00e1lhat\u00f3k, s\u0151t m\u00e9g a Holdon is tal\u00e1ltak peridot nyomokat.<\/p>\n<p>A peridotot sok civiliz\u00e1ci\u00f3 a tavasz \u00e9s a nap szimb\u00f3lum\u00e1nak tartotta, a szerencse \u00e9s a siker vonz\u00e1s\u00e1ra haszn\u00e1lt\u00e1k. A k\u0151 z\u00f6ld-arany sz\u00edne miatt az egyiptomi f\u00e1ra\u00f3k k\u00f6r\u00e9ben volt k\u00f6zkedvelt, \u0151k \u201ea nap krist\u00e1lyak\u00e9nt\u201d tekintettek r\u00e1. Az \u00f3kori r\u00f3maiak \u201eesti smaragdnak\u201d nevezt\u00e9k, mert szerint\u00fck a peridot sz\u00edne nem v\u00e1lik s\u00f6t\u00e9tebb\u00e9 az \u00e9jszaka folyam\u00e1n, hanem az \u00e9g\u0151 t\u0171z f\u00e9ny\u00e9ben is gy\u00f6ny\u00f6r\u0171.<\/p>\n<p>A reiki gy\u00f3gy\u00edt\u00f3k gy\u00f3gy\u00edt\u00f3 k\u0151k\u00e9nt haszn\u00e1lj\u00e1k, ugyanis k\u00e9pes \u00e1tadni vagy t\u00e1rolni a gy\u00f3gy\u00edt\u00f3 energi\u00e1t. Ment\u00e1lis szinten a peridot \u00e9les\u00edti az elm\u00e9t \u00e9s \u00faj tudatoss\u00e1gi szintre emel. Ezt az \u00e1sv\u00e1nyt hagyom\u00e1nyosan v\u00e9d\u0151k\u0151k\u00e9nt is haszn\u00e1lj\u00e1k a r\u00e9m\u00e1lmok \u00e9s az \u201e\u00e9jszaka l\u00e1thatatlan borzalmai\u201d ellen.<\/p>\n<p>Elem: <strong>F\u00f6ld<\/strong><\/p>\n<p>Csillagjegyek: <strong>Halak, Oroszl\u00e1n, Sz\u0171z, M\u00e9rleg<\/strong><\/p>\n<p>A kark\u00f6t\u0151 harmoniz\u00e1lja a sz\u00edvcsakr\u00e1t \u00e9s a napfonat csakr\u00e1t<\/p>\n<p><img loading=\"lazy\" decoding=\"async\" class=\"alignnone wp-image-72745\" src=\"https:\/\/trimakasi.cz\/wp-content\/uploads\/2018\/07\/\u010dakra3.jpg\" alt=\"Solar plexus \u010dakra\" width=\"75\" height=\"83\" \/><img loading=\"lazy\" decoding=\"async\" class=\"alignnone wp-image-72746\" src=\"https:\/\/trimakasi.cz\/wp-content\/uploads\/2018\/07\/\u010dakra4.jpg\" alt=\"Srde\u010dn\u00ed \u010dakra\" width=\"74\" height=\"87\" \/><u><\/u><\/p>\n<p><a href=\"https:\/\/trimakasi.eu\/hu\/videoblog\/\"><u>L\u00e1togassa meg videoblogunkat, hogy felfedezze a dr\u00e1gak\u00f6vek, \u00e1llat\u00f6v jelek, csakr\u00e1k \u00e9s m\u00e9g sok m\u00e1s k\u00f6z\u00f6tti \u00f6sszef\u00fcgg\u00e9seket.<\/u><\/a><\/p>","protected":false},"excerpt":{"rendered":"<p>A Peridot egy gy\u00f3gy\u00edt\u00f3 krist\u00e1ly = szellemileg serkent\u0151 \u00e9s fizikailag regener\u00e1l\u00f3. A gy\u00f6ngy\u00f6k m\u00e9ret\u00e9vel a peridot kark\u00f6t\u0151 \u00e1ra ugr\u00e1sszer\u0171en megn\u0151 \u2013 a mi\u00e9nk kb. 5 mm! Tudjon meg t\u00f6bbet a k\u0151 tulajdons\u00e1gair\u00f3l al\u00e1bb.<\/p>\n<p>V\u00e1lasszon kark\u00f6t\u0151t annak m\u00e9rete \u00e9s az utols\u00f3 gy\u00f6ngy sz\u00edne szerint.\u00a0<a href=\"https:\/\/trimakasi.eu\/hu\/hogyan-valasszuk-ki-a-karkoto-meretet\/\">A m\u00e9ret helyes meghat\u00e1roz\u00e1s\u00e1nak \u00fatmutat\u00f3ja itt tal\u00e1lhat\u00f3.<\/a><\/p>","protected":false},"featured_media":76184,"comment_status":"open","ping_status":"closed","template":"","meta":{"_acf_changed":false,"_themeisle_gutenberg_block_has_review":false},"product_brand":[],"product_cat":[1687,1064,554,1068,1316,553],"product_tag":[],"class_list":{"0":"post-83117","1":"product","2":"type-product","3":"status-publish","4":"has-post-thumbnail","6":"product_cat-elastic-bracelets","7":"product_cat-mens-jewellery","8":"product_cat-natural-gemstone-bracelets","9":"product_cat-natural-gemstone-bracelets-for-men","10":"product_cat-rare-gemstone-bracelets","11":"product_cat-womens-jewellery","13":"first","14":"instock","15":"taxable","16":"shipping-taxable","17":"purchasable","18":"product-type-variable","19":"has-default-attributes"},"acf":[],"_links":{"self":[{"href":"https:\/\/trimakasi.eu\/hu\/wp-json\/wp\/v2\/product\/83117","targetHints":{"allow":["GET"]}}],"collection":[{"href":"https:\/\/trimakasi.eu\/hu\/wp-json\/wp\/v2\/product"}],"about":[{"href":"https:\/\/trimakasi.eu\/hu\/wp-json\/wp\/v2\/types\/product"}],"replies":[{"embeddable":true,"href":"https:\/\/trimakasi.eu\/hu\/wp-json\/wp\/v2\/comments?post=83117"}],"wp:featuredmedia":[{"embeddable":true,"href":"https:\/\/trimakasi.eu\/hu\/wp-json\/wp\/v2\/media\/76184"}],"wp:attachment":[{"href":"https:\/\/trimakasi.eu\/hu\/wp-json\/wp\/v2\/media?parent=83117"}],"wp:term":[{"taxonomy":"product_brand","embeddable":true,"href":"https:\/\/trimakasi.eu\/hu\/wp-json\/wp\/v2\/product_brand?post=83117"},{"taxonomy":"product_cat","embeddable":true,"href":"https:\/\/trimakasi.eu\/hu\/wp-json\/wp\/v2\/product_cat?post=83117"},{"taxonomy":"product_tag","embeddable":true,"href":"https:\/\/trimakasi.eu\/hu\/wp-json\/wp\/v2\/product_tag?post=83117"}],"curies":[{"name":"wp","href":"https:\/\/api.w.org\/{rel}","templated":true}]}}